{"id":9011,"date":"2015-07-06T16:02:38","date_gmt":"2015-07-06T14:02:38","guid":{"rendered":"http:\/\/klubmamgdynia.pl\/index.php\/produkt\/sliniak-silikonowy-wieloryb-akuku\/"},"modified":"2026-05-17T22:42:15","modified_gmt":"2026-05-17T20:42:15","slug":"sliniak-silikonowy-wieloryb-akuku","status":"publish","type":"product","link":"http:\/\/klubmamgdynia.pl\/index.php\/produkt\/sliniak-silikonowy-wieloryb-akuku\/","title":{"rendered":"\u015aliniak silikonowy wieloryb Akuku"},"content":{"rendered":"<p>SILIKONOWY \u015aLINIAK AKUKU WIELORYBSilikonowy \u015bliniak o to praktyczny i wygodny spos\u00f3b, aby zabezpieczy\u0107 ubranko dziecka przed zabrudzeniem. Doskonale sprawdzi si\u0119 podczas rozszerzania diety Twojego Dziecka.Posiada wygodn\u0105 kieszonk\u0119, kt\u00f3ra zatrzymuje resztki spadaj\u0105cego pokarmu. Regulowane zapi\u0119cie sprawi, \u017ce z \u0142atwo\u015bci\u0105 ka\u017cda mama dopasuje rozmiar \u015bliniaka do swojego bobasa. Sprawdzi si\u0119 zar\u00f3wno w domu, jak i na spacerze.Zalety silikonowego \u015bliniaczka:Posiada wyj\u0105tkowy, pastelowy kolor i ciekawy wz\u00f3rWygodne oraz regulowane zapi\u0119cie dopasowuje \u015bliniak do szyi DzieckaResztki jedzenia podczas karmienia Maluszka wpadaj\u0105 do specjalnej g\u0142\u0119bokiej kieszonkiBardzo \u0142atwy w czyszczeniu- wystarczy umy\u0107 go pod wod\u0105Detale produktu:\u015aliniak wykonany jest w 100% z lekkiego i bezpiecznego silikonuNie zawiera \u017cadnych dodatkowych element\u00f3w, kt\u00f3re mog\u0142yby podra\u017cni\u0107 sk\u00f3r\u0119 dziecka lub stwarza\u0107 niebezpiecze\u0144stwoNiezwykle mi\u0119kki i przyjemny w dotykuRozmiar: d\u0142ugo\u015b\u0107 30 cm x szeroko\u015b\u0107 23 cm<\/p>\n<h2>\u015aliniak silikonowy wieloryb Akuku Akuku<\/h2>\n<p>bajki do czytania dla ch\u0142opc\u00f3w, prezent na roczek dla ch\u0142opca, atrakcje dla dzieci wroclaw, prezenty dla nastolatk\u00f3w 2021, zaproszenia do druku, imiona dla ch\u0142opc\u00f3w, kalina imi\u0119, historia pluszowego misia dla dzieci, bycie mam\u0105 cytaty, \u015bwinka peppa do czytania, karty pracy po ukrai\u0144sku, testy ma\u0142y ksi\u0105\u017ce, quiz zemsta, kornelia, aurelia imi\u0119<\/p>\n<p>yyyyy<\/p>\n<p>&nbsp;<\/p>\n","protected":false},"excerpt":{"rendered":"<p>SILIKONOWY \u015aLINIAK AKUKU WIELORYBSilikonowy \u015bliniak o to praktyczny i wygodny spos\u00f3b, aby zabezpieczy\u0107 ubranko dziecka przed zabrudzeniem. Doskonale sprawdzi si\u0119 podczas rozszerzania diety Twojego Dziecka.Posiada wygodn\u0105 kieszonk\u0119, kt\u00f3ra zatrzymuje resztki spadaj\u0105cego pokarmu. Regulowane zapi\u0119cie sprawi, \u017ce z \u0142atwo\u015bci\u0105 ka\u017cda mama dopasuje rozmiar \u015bliniaka do swojego bobasa. Sprawdzi si\u0119 zar\u00f3wno w domu, jak i na spacerze.Zalety [&hellip;]<\/p>\n","protected":false},"featured_media":9012,"comment_status":"closed","ping_status":"open","template":"","meta":[],"product_cat":[250,1100],"product_tag":[668,730,615],"class_list":["post-9011","product","type-product","status-publish","has-post-thumbnail","hentry","product_cat-akuku","product_cat-sliniaki-i-fartuszki","product_tag-atrakcje-dla-dzieci-wroclaw","product_tag-karyna","product_tag-znane-misie-z-filmow-animowanych"],"_links":{"self":[{"href":"http:\/\/klubmamgdynia.pl\/index.php\/wp-json\/wp\/v2\/product\/9011","targetHints":{"allow":["GET"]}}],"collection":[{"href":"http:\/\/klubmamgdynia.pl\/index.php\/wp-json\/wp\/v2\/product"}],"about":[{"href":"http:\/\/klubmamgdynia.pl\/index.php\/wp-json\/wp\/v2\/types\/product"}],"replies":[{"embeddable":true,"href":"http:\/\/klubmamgdynia.pl\/index.php\/wp-json\/wp\/v2\/comments?post=9011"}],"wp:featuredmedia":[{"embeddable":true,"href":"http:\/\/klubmamgdynia.pl\/index.php\/wp-json\/wp\/v2\/media\/9012"}],"wp:attachment":[{"href":"http:\/\/klubmamgdynia.pl\/index.php\/wp-json\/wp\/v2\/media?parent=9011"}],"wp:term":[{"taxonomy":"product_cat","embeddable":true,"href":"http:\/\/klubmamgdynia.pl\/index.php\/wp-json\/wp\/v2\/product_cat?post=9011"},{"taxonomy":"product_tag","embeddable":true,"href":"http:\/\/klubmamgdynia.pl\/index.php\/wp-json\/wp\/v2\/product_tag?post=9011"}],"curies":[{"name":"wp","href":"https:\/\/api.w.org\/{rel}","templated":true}]}}