{"id":9015,"date":"2017-02-01T19:55:02","date_gmt":"2017-02-01T18:55:02","guid":{"rendered":"http:\/\/klubmamgdynia.pl\/index.php\/produkt\/mattel-matchbox-transporter-woz-strazacki-gwm23\/"},"modified":"2026-04-30T20:24:41","modified_gmt":"2026-04-30T18:24:41","slug":"mattel-matchbox-transporter-woz-strazacki-gwm23","status":"publish","type":"product","link":"http:\/\/klubmamgdynia.pl\/index.php\/produkt\/mattel-matchbox-transporter-woz-strazacki-gwm23\/","title":{"rendered":"Mattel Matchbox Transporter W\u00f3z stra\u017cacki GWM23"},"content":{"rendered":"<p>Transporter W\u00f3z stra\u017cacki Matchbox to wielofunkcyjny pojazd, kt\u00f3ry inspiruje dzieci do zabawy w akcje ratunkowe w ramach w\u0142asnych, bohaterskich przyg\u00f3d.                            <\/p>\n<p>Transporter ma w zestawie jeden dodatkowy pojazd: p\u0142omienn\u0105 ci\u0119\u017car\u00f3wk\u0119 w skali 1:64 i mo\u017ce pomie\u015bci\u0107 kolejne 15 samochodzik\u00f3w (sprzedawanych oddzielnie).                            <\/p>\n<p>Transporter mo\u017ce pomie\u015bci\u0107 do 16 pojazd\u00f3w (sprzedawanych oddzielnie) i jest wyposa\u017cony w od\u0142\u0105czan\u0105 naczep\u0119, przechylany podest oraz rozk\u0142adan\u0105 ramp\u0119 u\u0142atwiaj\u0105c\u0105 roz\u0142adunek.                            <\/p>\n<p>Pod naczep\u0105 jest specjalny schowek, w kt\u00f3rym mo\u017cna przechowywa\u0107 akcesoria, co pozwala na trzymanie wszystkich element\u00f3w w jednym miejscu. Ju\u017c nie musisz si\u0119 martwi\u0107, \u017ce co\u015b zgubisz!                            <\/p>\n<p>8 akcesori\u00f3w zwi\u0105zanych z gaszeniem \u201epo\u017car\u00f3w\u201d inspiruje do kreatywnej zabawy w realistycznym otoczeniu. Wymy\u015blaj stra\u017cackie historie pe\u0142ne niezwyk\u0142ych przyg\u00f3d!                            <\/p>\n<p>Wspania\u0142y pojazd do zabawy z motywem stra\u017cy po\u017carnej dla wszystkich ma\u0142ych bohater\u00f3w. Kolory i elementy dekoracyjne mog\u0105 si\u0119 r\u00f3\u017cni\u0107.<\/p>\n<h2>Mattel Matchbox Transporter W\u00f3z stra\u017cacki GWM23 Mattel<\/h2>\n<p>natan imi\u0119, co na roczek dla dziewczynki, zagadki z odpowiedziami, jak dobra\u0107 narty dla dziecka, zagadki dla m\u0142odzie\u017cy, buziak gify na dobranoc smieszne, my jeste\u015bmy krasnoludki tekst, kolorowanki na andrzejki do wydruku, bajka do czytania o piesku<\/p>\n<p>yyyyy<\/p>\n<p>&nbsp;<\/p>\n","protected":false},"excerpt":{"rendered":"<p>Transporter W\u00f3z stra\u017cacki Matchbox to wielofunkcyjny pojazd, kt\u00f3ry inspiruje dzieci do zabawy w akcje ratunkowe w ramach w\u0142asnych, bohaterskich przyg\u00f3d. Transporter ma w zestawie jeden dodatkowy pojazd: p\u0142omienn\u0105 ci\u0119\u017car\u00f3wk\u0119 w skali 1:64 i mo\u017ce pomie\u015bci\u0107 kolejne 15 samochodzik\u00f3w (sprzedawanych oddzielnie). Transporter mo\u017ce pomie\u015bci\u0107 do 16 pojazd\u00f3w (sprzedawanych oddzielnie) i jest wyposa\u017cony w od\u0142\u0105czan\u0105 naczep\u0119, przechylany [&hellip;]<\/p>\n","protected":false},"featured_media":9016,"comment_status":"closed","ping_status":"open","template":"","meta":[],"product_cat":[83,289],"product_tag":[593,732,661,811,615],"class_list":["post-9015","product","type-product","status-publish","has-post-thumbnail","hentry","product_cat-auta-i-inne-pojazdy-do-zabawy","product_cat-mattel","product_tag-jak-narysowac-konia","product_tag-prezent-dla-rocznego-chlopca","product_tag-swinka-peppa-kolorowanka","product_tag-zagadki-logiczne-dla-dzieci","product_tag-znane-misie-z-filmow-animowanych"],"_links":{"self":[{"href":"http:\/\/klubmamgdynia.pl\/index.php\/wp-json\/wp\/v2\/product\/9015","targetHints":{"allow":["GET"]}}],"collection":[{"href":"http:\/\/klubmamgdynia.pl\/index.php\/wp-json\/wp\/v2\/product"}],"about":[{"href":"http:\/\/klubmamgdynia.pl\/index.php\/wp-json\/wp\/v2\/types\/product"}],"replies":[{"embeddable":true,"href":"http:\/\/klubmamgdynia.pl\/index.php\/wp-json\/wp\/v2\/comments?post=9015"}],"wp:featuredmedia":[{"embeddable":true,"href":"http:\/\/klubmamgdynia.pl\/index.php\/wp-json\/wp\/v2\/media\/9016"}],"wp:attachment":[{"href":"http:\/\/klubmamgdynia.pl\/index.php\/wp-json\/wp\/v2\/media?parent=9015"}],"wp:term":[{"taxonomy":"product_cat","embeddable":true,"href":"http:\/\/klubmamgdynia.pl\/index.php\/wp-json\/wp\/v2\/product_cat?post=9015"},{"taxonomy":"product_tag","embeddable":true,"href":"http:\/\/klubmamgdynia.pl\/index.php\/wp-json\/wp\/v2\/product_tag?post=9015"}],"curies":[{"name":"wp","href":"https:\/\/api.w.org\/{rel}","templated":true}]}}