{"id":9017,"date":"2016-12-21T22:54:53","date_gmt":"2016-12-21T21:54:53","guid":{"rendered":"http:\/\/klubmamgdynia.pl\/index.php\/produkt\/mayoral-zestaw-niemowlecy-3-malych-pieluszek-jasny-roz-9089\/"},"modified":"2026-04-24T22:21:12","modified_gmt":"2026-04-24T20:21:12","slug":"mayoral-zestaw-niemowlecy-3-malych-pieluszek-jasny-roz-9089","status":"publish","type":"product","link":"http:\/\/klubmamgdynia.pl\/index.php\/produkt\/mayoral-zestaw-niemowlecy-3-malych-pieluszek-jasny-roz-9089\/","title":{"rendered":"Mayoral Zestaw Niemowl\u0119cy 3 Ma\u0142ych Pieluszek Jasny R\u00f3\u017c 9089"},"content":{"rendered":"<p>[Tabela rozmiar\u00f3w][Tabela rozmiar\u00f3w][Tabela rozmiar\u00f3w][Tabela rozmiar\u00f3w]<\/p>\n<h2>Mayoral Zestaw Niemowl\u0119cy 3 Ma\u0142ych Pieluszek Jasny R\u00f3\u017c 9089 Mayoral<\/h2>\n<p>prezent dla 14 latki, uk\u0142ad s\u0142oneczny dla dzieci do druku, kolorowanki do wydruku, zagadki przyrodnicze, \u017carty na prima aprilis w domu, wroc\u0142aw atrakcje dla dzieci, malowanki do druku, zabawka na roczek dla dziewczynki, test z lektury felix net i nika oraz gang niewidzialnych ludzi, jaki prezent na roczek dla ch\u0142opca, quiz o hobbicie, wroc\u0142aw dla dzieci, kolorowanki minionki, kolorowanki my little pony, przyja\u017a\u0144 cytaty, zagadki dla dzieci o zwierz\u0119tach, proste przepisy dla dzieci, filmy disneya, iwo imie<\/p>\n<p>yyyyy<\/p>\n<p>&nbsp;<\/p>\n","protected":false},"excerpt":{"rendered":"<p>[Tabela rozmiar\u00f3w][Tabela rozmiar\u00f3w][Tabela rozmiar\u00f3w][Tabela rozmiar\u00f3w] Mayoral Zestaw Niemowl\u0119cy 3 Ma\u0142ych Pieluszek Jasny R\u00f3\u017c 9089 Mayoral prezent dla 14 latki, uk\u0142ad s\u0142oneczny dla dzieci do druku, kolorowanki do wydruku, zagadki przyrodnicze, \u017carty na prima aprilis w domu, wroc\u0142aw atrakcje dla dzieci, malowanki do druku, zabawka na roczek dla dziewczynki, test z lektury felix net i nika [&hellip;]<\/p>\n","protected":false},"featured_media":9018,"comment_status":"closed","ping_status":"open","template":"","meta":[],"product_cat":[1774,17],"product_tag":[801,730,748,811],"class_list":["post-9017","product","type-product","status-publish","has-post-thumbnail","hentry","product_cat-mayoral","product_cat-pieluchy","product_tag-bajki-terapeutyczne-o-emocjach","product_tag-karyna","product_tag-okolice-wroclawia-atrakcje","product_tag-zagadki-logiczne-dla-dzieci"],"_links":{"self":[{"href":"http:\/\/klubmamgdynia.pl\/index.php\/wp-json\/wp\/v2\/product\/9017","targetHints":{"allow":["GET"]}}],"collection":[{"href":"http:\/\/klubmamgdynia.pl\/index.php\/wp-json\/wp\/v2\/product"}],"about":[{"href":"http:\/\/klubmamgdynia.pl\/index.php\/wp-json\/wp\/v2\/types\/product"}],"replies":[{"embeddable":true,"href":"http:\/\/klubmamgdynia.pl\/index.php\/wp-json\/wp\/v2\/comments?post=9017"}],"wp:featuredmedia":[{"embeddable":true,"href":"http:\/\/klubmamgdynia.pl\/index.php\/wp-json\/wp\/v2\/media\/9018"}],"wp:attachment":[{"href":"http:\/\/klubmamgdynia.pl\/index.php\/wp-json\/wp\/v2\/media?parent=9017"}],"wp:term":[{"taxonomy":"product_cat","embeddable":true,"href":"http:\/\/klubmamgdynia.pl\/index.php\/wp-json\/wp\/v2\/product_cat?post=9017"},{"taxonomy":"product_tag","embeddable":true,"href":"http:\/\/klubmamgdynia.pl\/index.php\/wp-json\/wp\/v2\/product_tag?post=9017"}],"curies":[{"name":"wp","href":"https:\/\/api.w.org\/{rel}","templated":true}]}}