{"id":9021,"date":"2013-08-12T19:50:11","date_gmt":"2013-08-12T17:50:11","guid":{"rendered":"http:\/\/klubmamgdynia.pl\/index.php\/produkt\/kindii-pureflex-pieluchy-maxi-4-7-14kg-64szt\/"},"modified":"2026-04-07T12:40:27","modified_gmt":"2026-04-07T10:40:27","slug":"kindii-pureflex-pieluchy-maxi-4-7-14kg-64szt","status":"publish","type":"product","link":"http:\/\/klubmamgdynia.pl\/index.php\/produkt\/kindii-pureflex-pieluchy-maxi-4-7-14kg-64szt\/","title":{"rendered":"Kindii Pure&amp;Flex Pieluchy Maxi 4 7-14Kg 64Szt"},"content":{"rendered":"<p>Kindii Pure &amp; Flex to pieluszki od pierwszych dni,stworzone dla niemowl\u0105t ze sk\u00f3r\u0105 wra\u017cliw\u0105.Innowacyjna technologia Air Cells gwarantuje przewiewno\u015b\u0107 pieluszki i punktowy kontakt ze sk\u00f3r\u0105 dziecka,a superabsorbent dba o szybkie i r\u00f3wnomierne odprowadzenie wilgoci.Sk\u00f3ra dziecka pozostaje sucha i wolna od podra\u017cnie\u0144 i odparze\u0144.Unikalny system Multi Flex zapewnia idealne dopasowanie i przyleganie pieluszki na plecach i w okolicach n\u00f3\u017cek bez ograniczania swobody i komfortu ruchu.Wska\u017cnik wilgotno\u015bci z przodu pieluszki sygnalizuje potrzeb\u0119 jej zmiany.Produkt przebadany dermatologicznie.<\/p>\n<h2>Kindii Pure&amp;Flex Pieluchy Maxi 4 7-14Kg 64Szt Harper Hygienics<\/h2>\n<p>dziecko cytaty, kolorowanki star wars, hymn g\u00f3rniczy, co kupi\u0107 na roczek dla ch\u0142opca, imi\u0119 mia, znaczenie imiona justyna, podchwytliwe zagadki na inteligencj\u0119, pi\u0119kne cytaty o synku, quizy hobbit, zima z\u0142a tekst, quiz flagi, afryka\u0144skie imiona, quizy dla dzieci o zwierz\u0119tach, krak\u00f3w atrakcje dla dzieci, test miko\u0142ajek, zagadki na bal karnawa\u0142owy w przedszkolu, zagadki na dzie\u0144 przedszkolaka, pisanki woskiem wzory<\/p>\n<p>yyyyy<\/p>\n<p>&nbsp;<\/p>\n","protected":false},"excerpt":{"rendered":"<p>Kindii Pure &amp; Flex to pieluszki od pierwszych dni,stworzone dla niemowl\u0105t ze sk\u00f3r\u0105 wra\u017cliw\u0105.Innowacyjna technologia Air Cells gwarantuje przewiewno\u015b\u0107 pieluszki i punktowy kontakt ze sk\u00f3r\u0105 dziecka,a superabsorbent dba o szybkie i r\u00f3wnomierne odprowadzenie wilgoci.Sk\u00f3ra dziecka pozostaje sucha i wolna od podra\u017cnie\u0144 i odparze\u0144.Unikalny system Multi Flex zapewnia idealne dopasowanie i przyleganie pieluszki na plecach i [&hellip;]<\/p>\n","protected":false},"featured_media":9022,"comment_status":"closed","ping_status":"open","template":"","meta":[],"product_cat":[1777,17],"product_tag":[801,832,789,655,614],"class_list":["post-9021","product","type-product","status-publish","has-post-thumbnail","hentry","product_cat-harper-hygienics","product_cat-pieluchy","product_tag-bajki-terapeutyczne-o-emocjach","product_tag-desery-dla-dzieci","product_tag-kaczuszka","product_tag-najlepsze-zagadki","product_tag-pia"],"_links":{"self":[{"href":"http:\/\/klubmamgdynia.pl\/index.php\/wp-json\/wp\/v2\/product\/9021","targetHints":{"allow":["GET"]}}],"collection":[{"href":"http:\/\/klubmamgdynia.pl\/index.php\/wp-json\/wp\/v2\/product"}],"about":[{"href":"http:\/\/klubmamgdynia.pl\/index.php\/wp-json\/wp\/v2\/types\/product"}],"replies":[{"embeddable":true,"href":"http:\/\/klubmamgdynia.pl\/index.php\/wp-json\/wp\/v2\/comments?post=9021"}],"wp:featuredmedia":[{"embeddable":true,"href":"http:\/\/klubmamgdynia.pl\/index.php\/wp-json\/wp\/v2\/media\/9022"}],"wp:attachment":[{"href":"http:\/\/klubmamgdynia.pl\/index.php\/wp-json\/wp\/v2\/media?parent=9021"}],"wp:term":[{"taxonomy":"product_cat","embeddable":true,"href":"http:\/\/klubmamgdynia.pl\/index.php\/wp-json\/wp\/v2\/product_cat?post=9021"},{"taxonomy":"product_tag","embeddable":true,"href":"http:\/\/klubmamgdynia.pl\/index.php\/wp-json\/wp\/v2\/product_tag?post=9021"}],"curies":[{"name":"wp","href":"https:\/\/api.w.org\/{rel}","templated":true}]}}