{"id":9027,"date":"2024-01-28T02:49:59","date_gmt":"2024-01-28T01:49:59","guid":{"rendered":"http:\/\/klubmamgdynia.pl\/?post_type=product&#038;p=9027"},"modified":"2026-04-05T20:08:12","modified_gmt":"2026-04-05T18:08:12","slug":"siku-sieper-vw-t5-snowman-bialy-s6505","status":"publish","type":"product","link":"http:\/\/klubmamgdynia.pl\/index.php\/produkt\/siku-sieper-vw-t5-snowman-bialy-s6505\/","title":{"rendered":"Siku Sieper VW T5 Snowman Bia\u0142y S6505"},"content":{"rendered":"<p>Model Siku Super Edycja limitowana 100 lat Sieper VW T5 Snowman bia\u0142y. Zabawa zaczyna si\u0119 od rozpakowania. W kilku krokach mo\u017cna \u0142atwo z\u0142o\u017cy\u0107 bia\u0142ego Volkswagena Transportera z poszczeg\u00f3lnych element\u00f3w. Nast\u0119pnie nadszed\u0142 czas na ozdobienie modelu naklejkami. Wysoka jako\u015b\u0107 wykonania modelu jest zapewniania przez niemieckiego producenta Siku.<\/p>\n<h2>Siku Sieper VW T5 Snowman Bia\u0142y S6505 Siku<\/h2>\n<p>quiz flagi, kolorowanka europa, gad\u017cety dla nastolatek, mini zoo warszawa, tabliczka mno\u017cenia do druku, imi\u0119 dla dziewczynki 2019, zabawy dla 7 latka, kolorowanki bajki, \u015bw przemys\u0142aw, mira imi\u0119, wiosenne zagadki, kiedy dzieci chodza na halloween, zabawy z 7 latkiem, quiz o polsce dla dzieci, dziecko cytaty, filmy familijne walta disneya, bajki dla dzieci do czytania, maski na twarz dla dzieci do wydruku, jak zrobi\u0107 wulkan, fabian, bruno<\/p>\n<p>yyyyy<\/p>\n<p>&nbsp;<\/p>\n","protected":false},"excerpt":{"rendered":"<p>Model Siku Super Edycja limitowana 100 lat Sieper VW T5 Snowman bia\u0142y. Zabawa zaczyna si\u0119 od rozpakowania. W kilku krokach mo\u017cna \u0142atwo z\u0142o\u017cy\u0107 bia\u0142ego Volkswagena Transportera z poszczeg\u00f3lnych element\u00f3w. Nast\u0119pnie nadszed\u0142 czas na ozdobienie modelu naklejkami. Wysoka jako\u015b\u0107 wykonania modelu jest zapewniania przez niemieckiego producenta Siku. Siku Sieper VW T5 Snowman Bia\u0142y S6505 Siku quiz [&hellip;]<\/p>\n","protected":false},"featured_media":9028,"comment_status":"closed","ping_status":"open","template":"","meta":[],"product_cat":[83,300],"product_tag":[740,599,830,770],"class_list":["post-9027","product","type-product","status-publish","has-post-thumbnail","hentry","product_cat-auta-i-inne-pojazdy-do-zabawy","product_cat-siku","product_tag-fajne-prezenty-dla-nastolatkow","product_tag-prezent-dla-nastolatkow-2021","product_tag-rodzina-cytaty","product_tag-samolot-z-papieru"],"_links":{"self":[{"href":"http:\/\/klubmamgdynia.pl\/index.php\/wp-json\/wp\/v2\/product\/9027","targetHints":{"allow":["GET"]}}],"collection":[{"href":"http:\/\/klubmamgdynia.pl\/index.php\/wp-json\/wp\/v2\/product"}],"about":[{"href":"http:\/\/klubmamgdynia.pl\/index.php\/wp-json\/wp\/v2\/types\/product"}],"replies":[{"embeddable":true,"href":"http:\/\/klubmamgdynia.pl\/index.php\/wp-json\/wp\/v2\/comments?post=9027"}],"wp:featuredmedia":[{"embeddable":true,"href":"http:\/\/klubmamgdynia.pl\/index.php\/wp-json\/wp\/v2\/media\/9028"}],"wp:attachment":[{"href":"http:\/\/klubmamgdynia.pl\/index.php\/wp-json\/wp\/v2\/media?parent=9027"}],"wp:term":[{"taxonomy":"product_cat","embeddable":true,"href":"http:\/\/klubmamgdynia.pl\/index.php\/wp-json\/wp\/v2\/product_cat?post=9027"},{"taxonomy":"product_tag","embeddable":true,"href":"http:\/\/klubmamgdynia.pl\/index.php\/wp-json\/wp\/v2\/product_tag?post=9027"}],"curies":[{"name":"wp","href":"https:\/\/api.w.org\/{rel}","templated":true}]}}