{"id":9031,"date":"2011-06-25T10:04:55","date_gmt":"2011-06-25T08:04:55","guid":{"rendered":"http:\/\/klubmamgdynia.pl\/index.php\/produkt\/alpen-camping-kuchenka-gazowa-podwojna-turystyczna-przenosna-texasa-4-kartusze-na-kemping\/"},"modified":"2026-04-05T18:15:51","modified_gmt":"2026-04-05T16:15:51","slug":"alpen-camping-kuchenka-gazowa-podwojna-turystyczna-przenosna-texasa-4-kartusze-na-kemping","status":"publish","type":"product","link":"http:\/\/klubmamgdynia.pl\/index.php\/produkt\/alpen-camping-kuchenka-gazowa-podwojna-turystyczna-przenosna-texasa-4-kartusze-na-kemping\/","title":{"rendered":"Alpen Camping Kuchenka Gazowa Podw\u00f3jna Turystyczna Przeno\u015bna Texasa + 4 Kartusze Na Kemping"},"content":{"rendered":"<p>KUCHENKA TURYSTYCZNA JEDNO FUNKCYJNA TEXAS IT003Doskona\u0142y sprz\u0119t na biwak, kemping, dla kierowc\u00f3w ci\u0119\u017car\u00f3wek itpTeraz 4 kartusze w zestawie gratis !Certyfikat CERodzaj gazu: PROPAN-BUTANZu\u017cycie gazu na palnik: 160 g\/hZakres pracy: 20\u02daC +\/- 5\u02daCOpakowanie: kartonZap\u0142on: piezo-elektryczny\u0179r\u00f3d\u0142o gazu: kartusz gazowyKarton: 1 szt.Wymiar: 62,2x28x11,5 cmWaga: 2,66 kgOpakowanie zbiorcze: 4 szt.Opakowanie zbiorcze wymiar: 65.5x46x32 cmOpakowanie zbiorcze waga: 13,5 kgKod EAN 5903240385508<\/p>\n<h2>Alpen Camping Kuchenka Gazowa Podw\u00f3jna Turystyczna Przeno\u015bna Texasa + 4 Kartusze Na Kemping Alpen Camping<\/h2>\n<p>leon imi\u0119, kolorowanki andrzejki do wydruku, dzie\u0144 dziecka dla nastolatk\u00f3w, mateusz imi\u0119, domki nad morzem z atrakcjami dla dzieci, zagadki dla dzieci 5 lat<\/p>\n<p>yyyyy<\/p>\n<p>&nbsp;<\/p>\n","protected":false},"excerpt":{"rendered":"<p>KUCHENKA TURYSTYCZNA JEDNO FUNKCYJNA TEXAS IT003Doskona\u0142y sprz\u0119t na biwak, kemping, dla kierowc\u00f3w ci\u0119\u017car\u00f3wek itpTeraz 4 kartusze w zestawie gratis !Certyfikat CERodzaj gazu: PROPAN-BUTANZu\u017cycie gazu na palnik: 160 g\/hZakres pracy: 20\u02daC +\/- 5\u02daCOpakowanie: kartonZap\u0142on: piezo-elektryczny\u0179r\u00f3d\u0142o gazu: kartusz gazowyKarton: 1 szt.Wymiar: 62,2x28x11,5 cmWaga: 2,66 kgOpakowanie zbiorcze: 4 szt.Opakowanie zbiorcze wymiar: 65.5x46x32 cmOpakowanie zbiorcze waga: 13,5 kgKod EAN [&hellip;]<\/p>\n","protected":false},"featured_media":9032,"comment_status":"closed","ping_status":"open","template":"","meta":[],"product_cat":[1779,1780],"product_tag":[871,870,609,794,767],"class_list":["post-9031","product","type-product","status-publish","has-post-thumbnail","hentry","product_cat-alpen-camping","product_cat-naczynia-i-sztucce-turystyczne","product_tag-bajka-o-smoku-wawelskim","product_tag-prezent-dla-chlopca-na-roczek","product_tag-quiz-flagi-europy","product_tag-test-opowiesci-z-narnii-lew-czarownica-i-stara-szafa-do-druku","product_tag-zaproszenia-urodzinowe-do-druku"],"_links":{"self":[{"href":"http:\/\/klubmamgdynia.pl\/index.php\/wp-json\/wp\/v2\/product\/9031","targetHints":{"allow":["GET"]}}],"collection":[{"href":"http:\/\/klubmamgdynia.pl\/index.php\/wp-json\/wp\/v2\/product"}],"about":[{"href":"http:\/\/klubmamgdynia.pl\/index.php\/wp-json\/wp\/v2\/types\/product"}],"replies":[{"embeddable":true,"href":"http:\/\/klubmamgdynia.pl\/index.php\/wp-json\/wp\/v2\/comments?post=9031"}],"wp:featuredmedia":[{"embeddable":true,"href":"http:\/\/klubmamgdynia.pl\/index.php\/wp-json\/wp\/v2\/media\/9032"}],"wp:attachment":[{"href":"http:\/\/klubmamgdynia.pl\/index.php\/wp-json\/wp\/v2\/media?parent=9031"}],"wp:term":[{"taxonomy":"product_cat","embeddable":true,"href":"http:\/\/klubmamgdynia.pl\/index.php\/wp-json\/wp\/v2\/product_cat?post=9031"},{"taxonomy":"product_tag","embeddable":true,"href":"http:\/\/klubmamgdynia.pl\/index.php\/wp-json\/wp\/v2\/product_tag?post=9031"}],"curies":[{"name":"wp","href":"https:\/\/api.w.org\/{rel}","templated":true}]}}