{"id":9033,"date":"2015-12-22T02:58:34","date_gmt":"2015-12-22T01:58:34","guid":{"rendered":"http:\/\/klubmamgdynia.pl\/index.php\/produkt\/forever-living-products-tabletki-na-odchudzanie-therm-60szt\/"},"modified":"2026-04-20T08:02:53","modified_gmt":"2026-04-20T06:02:53","slug":"forever-living-products-tabletki-na-odchudzanie-therm-60szt","status":"publish","type":"product","link":"http:\/\/klubmamgdynia.pl\/index.php\/produkt\/forever-living-products-tabletki-na-odchudzanie-therm-60szt\/","title":{"rendered":"Forever Living Products Tabletki Na Odchudzanie Therm 60Szt."},"content":{"rendered":"<p>Tabletki na odchudzanie Forever Therm 60 sztukForever Therm to naturalny suplement diety, kt\u00f3ry w po\u0142\u0105czeniu z aktywno\u015bci\u0105 fizyczn\u0105 i zdrowym \u017cywieniem wspomo\u017ce proces odchudzania.Zawiera sk\u0142adniki, kt\u00f3re w naturalny spos\u00f3b przyspieszaj\u0105 metabolizm, rozk\u0142ad t\u0142uszcz\u00f3w i cukr\u00f3w.Dzi\u0119ki zielonej herbacie pomo\u017cesz utrzyma\u0107 r\u00f3wnomierny wzrost energii, gdy\u017c wp\u0142ywa ona na proces termogenezy.Obecne w preparacie witaminy stanowi\u0105 niezb\u0119dny element w procesach metabolicznych i energetycznych, poniewa\u017c bior\u0105 czynny udzia\u0142 w spalaniu w\u0119glowodan\u00f3w.Kwas askorbinowy, nazywany popularnie witamin\u0105 C wspomaga rozk\u0142adanie si\u0119 kwas\u00f3w t\u0142uszczowych i cholesterolu oraz przyspiesza wch\u0142anianie \u017celaza.Odchudzanie jest skuteczne tylko wtedy, kiedy \u0142\u0105czymy kilka metod, dlatego stosowanie suplementu musi si\u0119 \u0142\u0105czy\u0107 z prowadzenie zdrowego trybu \u017cycia.Dzia\u0142anie suplementuPoprawa pracy metabolizmu w\u0119glowodan\u00f3w, bia\u0142ek i t\u0142uszczyWspiera proces odchudzaniaUtrzymuje poziom energii na sta\u0142ym poziomieWp\u0142ywa na proces termogenezy\u0179rod\u0142o polifenoli i kwas\u00f3w chlorogenowychDostarcza witaminy z grupy B oraz CUzupe\u0142nienie warto\u015bci od\u017cywczych<\/p>\n<h2>Forever Living Products Tabletki Na Odchudzanie Therm 60Szt. Forever Living Products<\/h2>\n<p>quiz zemsta, wiersze o wakacjach, imi\u0119 mia, ostatni dzwonek tekst, lego ninjago kolorowanki, papuga kolorowanka, iwo imi\u0119, cytaty o rodzinie, testy na znaki drogowe, ry\u017c z owocami, traktor do druku, zagadki logiczne z odpowiedziami, \u017carty na prima aprilis dla rodzic\u00f3w, prezenty na roczek, wr\u00f3\u017cby andrzejkowe online dla dzieci, \u017carty na prima aprilis dla rodzic\u00f3w<\/p>\n<p>yyyyy<\/p>\n<p>&nbsp;<\/p>\n","protected":false},"excerpt":{"rendered":"<p>Tabletki na odchudzanie Forever Therm 60 sztukForever Therm to naturalny suplement diety, kt\u00f3ry w po\u0142\u0105czeniu z aktywno\u015bci\u0105 fizyczn\u0105 i zdrowym \u017cywieniem wspomo\u017ce proces odchudzania.Zawiera sk\u0142adniki, kt\u00f3re w naturalny spos\u00f3b przyspieszaj\u0105 metabolizm, rozk\u0142ad t\u0142uszcz\u00f3w i cukr\u00f3w.Dzi\u0119ki zielonej herbacie pomo\u017cesz utrzyma\u0107 r\u00f3wnomierny wzrost energii, gdy\u017c wp\u0142ywa ona na proces termogenezy.Obecne w preparacie witaminy stanowi\u0105 niezb\u0119dny element w [&hellip;]<\/p>\n","protected":false},"featured_media":9034,"comment_status":"closed","ping_status":"open","template":"","meta":[],"product_cat":[1781,1776],"product_tag":[776,727,768,869],"class_list":["post-9033","product","type-product","status-publish","has-post-thumbnail","hentry","product_cat-forever-living-products","product_cat-suplementy-na-odchudzanie","product_tag-dobrej-nocy","product_tag-godlo-polski-do-druku","product_tag-krotkie-zagadki-logiczne","product_tag-zagadki-na-logike"],"_links":{"self":[{"href":"http:\/\/klubmamgdynia.pl\/index.php\/wp-json\/wp\/v2\/product\/9033","targetHints":{"allow":["GET"]}}],"collection":[{"href":"http:\/\/klubmamgdynia.pl\/index.php\/wp-json\/wp\/v2\/product"}],"about":[{"href":"http:\/\/klubmamgdynia.pl\/index.php\/wp-json\/wp\/v2\/types\/product"}],"replies":[{"embeddable":true,"href":"http:\/\/klubmamgdynia.pl\/index.php\/wp-json\/wp\/v2\/comments?post=9033"}],"wp:featuredmedia":[{"embeddable":true,"href":"http:\/\/klubmamgdynia.pl\/index.php\/wp-json\/wp\/v2\/media\/9034"}],"wp:attachment":[{"href":"http:\/\/klubmamgdynia.pl\/index.php\/wp-json\/wp\/v2\/media?parent=9033"}],"wp:term":[{"taxonomy":"product_cat","embeddable":true,"href":"http:\/\/klubmamgdynia.pl\/index.php\/wp-json\/wp\/v2\/product_cat?post=9033"},{"taxonomy":"product_tag","embeddable":true,"href":"http:\/\/klubmamgdynia.pl\/index.php\/wp-json\/wp\/v2\/product_tag?post=9033"}],"curies":[{"name":"wp","href":"https:\/\/api.w.org\/{rel}","templated":true}]}}