{"id":9035,"date":"2019-01-27T17:31:12","date_gmt":"2019-01-27T16:31:12","guid":{"rendered":"http:\/\/klubmamgdynia.pl\/index.php\/produkt\/forclaz-spodnie-trekkingowe-2w1-trek-500-meskie-czarny-szary\/"},"modified":"2026-04-30T13:51:08","modified_gmt":"2026-04-30T11:51:08","slug":"forclaz-spodnie-trekkingowe-2w1-trek-500-meskie-czarny-szary","status":"publish","type":"product","link":"http:\/\/klubmamgdynia.pl\/index.php\/produkt\/forclaz-spodnie-trekkingowe-2w1-trek-500-meskie-czarny-szary\/","title":{"rendered":"Forclaz Spodnie Trekkingowe 2W1 Trek 500 M\u0119skie Czarny Szary"},"content":{"rendered":"<p>Docenisz liczne kieszenie (5), solidno\u015b\u0107 i komfort. Spodnie szybko schn\u0105. Wstawki z wytrzyma\u0142ego materia\u0142u. Solidne nici COATS na \u0142\u0105czeniach. Rozci\u0105gliwa tkanina na po\u015bladkach, kolanach i u do\u0142u nogawek. Tkaniny syntetyczne zapewniaj\u0105ce oddychalno\u015b\u0107 i szybkie schni\u0119cie. Mo\u017cna przekszta\u0142ci\u0107 w spodenki bez zdejmowania but\u00f3w (suwaki boczne). Wzmocnione strefy s\u0105 impregnowane. 460 g w rozmiarze 44 (L) 5 kieszeni zapinanych na suwak.<\/p>\n<h2>Forclaz Spodnie Trekkingowe 2W1 Trek 500 M\u0119skie Czarny Szary Forclaz<\/h2>\n<p>prezent dla 16 latki, zagadki logiczne dla dzieci, kr\u00f3tkie bajki na dobranoc do czytania, pytania zagadki, kolorowe kredki tekst, podchwytliwe zagadki z odpowiedziami, prezent na roczek od babci, asiunia &#8211; test z lektury pdf, gry dla m\u0142odzie\u017cy, cytaty o przyja\u017ani \u015bmieszne, zagadki dla 7 latka, literki do pisania, prezent dla 13 latki na \u015bwi\u0119ta, zaproszenie na urodziny do druku, transformers kolorowanka, \u015bmieszne zagadki z odpowiedziami, prezent dla 7 latka, jan pawe\u0142 2 rysunek \u0142atwy dla dzieci<\/p>\n<p><a href=\"https:\/\/www.elektro-complex.pl\/sprzedaz-wozkow\/uzywane.php\">sprzeda\u017c u\u017cywanych w\u00f3zk\u00f3w wid\u0142owych<\/a><\/p>\n<p>&nbsp;<\/p>\n","protected":false},"excerpt":{"rendered":"<p>Docenisz liczne kieszenie (5), solidno\u015b\u0107 i komfort. Spodnie szybko schn\u0105. Wstawki z wytrzyma\u0142ego materia\u0142u. Solidne nici COATS na \u0142\u0105czeniach. Rozci\u0105gliwa tkanina na po\u015bladkach, kolanach i u do\u0142u nogawek. Tkaniny syntetyczne zapewniaj\u0105ce oddychalno\u015b\u0107 i szybkie schni\u0119cie. Mo\u017cna przekszta\u0142ci\u0107 w spodenki bez zdejmowania but\u00f3w (suwaki boczne). Wzmocnione strefy s\u0105 impregnowane. 460 g w rozmiarze 44 (L) 5 [&hellip;]<\/p>\n","protected":false},"featured_media":9036,"comment_status":"closed","ping_status":"open","template":"","meta":[],"product_cat":[1782,1729],"product_tag":[871,837,621,620,773,715],"class_list":["post-9035","product","type-product","status-publish","has-post-thumbnail","hentry","product_cat-forclaz","product_cat-spodnie-trekkingowe","product_tag-bajka-o-smoku-wawelskim","product_tag-cicha-noc-po-angielsku","product_tag-prezenty-roczek","product_tag-quiz-opowiesci-z-narnii","product_tag-test-z-lektury-opowiesci-z-narnii-lew-czarownica-i-stara-szafa","product_tag-zosia-samosia"],"_links":{"self":[{"href":"http:\/\/klubmamgdynia.pl\/index.php\/wp-json\/wp\/v2\/product\/9035","targetHints":{"allow":["GET"]}}],"collection":[{"href":"http:\/\/klubmamgdynia.pl\/index.php\/wp-json\/wp\/v2\/product"}],"about":[{"href":"http:\/\/klubmamgdynia.pl\/index.php\/wp-json\/wp\/v2\/types\/product"}],"replies":[{"embeddable":true,"href":"http:\/\/klubmamgdynia.pl\/index.php\/wp-json\/wp\/v2\/comments?post=9035"}],"wp:featuredmedia":[{"embeddable":true,"href":"http:\/\/klubmamgdynia.pl\/index.php\/wp-json\/wp\/v2\/media\/9036"}],"wp:attachment":[{"href":"http:\/\/klubmamgdynia.pl\/index.php\/wp-json\/wp\/v2\/media?parent=9035"}],"wp:term":[{"taxonomy":"product_cat","embeddable":true,"href":"http:\/\/klubmamgdynia.pl\/index.php\/wp-json\/wp\/v2\/product_cat?post=9035"},{"taxonomy":"product_tag","embeddable":true,"href":"http:\/\/klubmamgdynia.pl\/index.php\/wp-json\/wp\/v2\/product_tag?post=9035"}],"curies":[{"name":"wp","href":"https:\/\/api.w.org\/{rel}","templated":true}]}}