{"id":9037,"date":"2012-07-01T06:32:46","date_gmt":"2012-07-01T04:32:46","guid":{"rendered":"http:\/\/klubmamgdynia.pl\/index.php\/produkt\/detexpol-posciel-swiecaca-w-ciemnosci-160x200-3366-a-pies-owczarek-niemiecki-psy-super-dog-biala-niebieska-bawelniana\/"},"modified":"2026-04-05T23:41:37","modified_gmt":"2026-04-05T21:41:37","slug":"detexpol-posciel-swiecaca-w-ciemnosci-160x200-3366-a-pies-owczarek-niemiecki-psy-super-dog-biala-niebieska-bawelniana","status":"publish","type":"product","link":"http:\/\/klubmamgdynia.pl\/index.php\/produkt\/detexpol-posciel-swiecaca-w-ciemnosci-160x200-3366-a-pies-owczarek-niemiecki-psy-super-dog-biala-niebieska-bawelniana\/","title":{"rendered":"Detexpol Po\u015bciel \u015awiec\u0105ca W Ciemno\u015bci 160&#215;200 3366 A Pies Owczarek Niemiecki Psy Super Dog Bia\u0142a Niebieska Bawe\u0142niana"},"content":{"rendered":"<p>Po\u015bciel \u015bwiec\u0105ca w ciemno\u015bci 160&#215;200 3366 A Pies Owczarek Niemiecki psy super dog bia\u0142a niebieska bawe\u0142niana Detexpol wykonana jest z najlepszej jako\u015bci bawe\u0142ny, o wyra\u017anych, trwa\u0142ych i mocno nasyconych barwach. \u017bywe kolory pozostaj\u0105 nawet po wielu praniach. Materia\u0142 z kt\u00f3rego uszyty jest komplet jest bajecznie kolorowy a ca\u0142o\u015b\u0107 bardzo starannie i dok\u0142adnie wyko\u0144czona. Po\u015bciel jest przyjemna w dotyku, nie uczula i nie podra\u017cnia sk\u00f3ry dziecka. Charakteryzuje si\u0119 ciekawym wzornictwem w najmodniejszych wzorach oraz zastosowaniem nici fluorescencyjnej, dzi\u0119ki czemu po\u015bciel \u015bwieci w ciemno\u015bci. Dwustronna poszwa na po\u015bciel dodatkowo urozmaici wygl\u0105d sypialni Twojej pociechy.W sk\u0142ad po\u015bcieli wchodz\u0105: &#8211; poszwa na ko\u0142dr\u0119 160&#215;200\u00b13cm &#8211; 1 szt. &#8211; poszewka na poduszk\u0119 70&#215;80\u00b13cm &#8211; 1 szt. Materia\u0142: 100% bawe\u0142naKomplet zapinany na suwak.Przepis konserwacji: &#8211; pra\u0107 w temperaturze 40\u00b0C, &#8211; pra\u0107 na lewej stronie z podobnymi kolorami, &#8211; nie chlorowa\u0107, &#8211; mo\u017cna suszy\u0107 delikatnie w suszarce b\u0119bnowej, &#8211; prasowa\u0107 w temperaturze do 150\u00b0C, &#8211; nie czy\u015bci\u0107 chemicznie.Staramy si\u0119, aby wszystkie fotografie wiernie oddawa\u0142y produkt w rzeczywisto\u015bci oraz by\u0142y jak najlepszej jako\u015bci. Ewentualne r\u00f3\u017cnice mog\u0105 wynika\u0107 z indywidualnych ustawie\u0144 monitora.<\/p>\n<h2>Detexpol Po\u015bciel \u015awiec\u0105ca W Ciemno\u015bci 160&#215;200 3366 A Pies Owczarek Niemiecki Psy Super Dog Bia\u0142a Niebieska Bawe\u0142niana DETEXPOL<\/h2>\n<p>kolorowanka lol, quiz o wio\u015bnie, proste przepisy dla dzieci, wierszyki na lany poniedzia\u0142ek, prezent dla 15 latki 2021, literki do pisania do druku, literki do pisania do druku, dorian, \u0142atwe laurki, lamiglowki slowne, cytat na dzie\u0144 mamy, zagadki o psach, cytaty dla mamy, test z lektury narnia lew czarownica i stara szafa, zagadki na inteligencje, nauka zegara do druku, lato, quiz psi patrol, estera, prezent dla 15 latki 2021<\/p>\n<p>yyyyy<\/p>\n<p>&nbsp;<\/p>\n","protected":false},"excerpt":{"rendered":"<p>Po\u015bciel \u015bwiec\u0105ca w ciemno\u015bci 160&#215;200 3366 A Pies Owczarek Niemiecki psy super dog bia\u0142a niebieska bawe\u0142niana Detexpol wykonana jest z najlepszej jako\u015bci bawe\u0142ny, o wyra\u017anych, trwa\u0142ych i mocno nasyconych barwach. \u017bywe kolory pozostaj\u0105 nawet po wielu praniach. Materia\u0142 z kt\u00f3rego uszyty jest komplet jest bajecznie kolorowy a ca\u0142o\u015b\u0107 bardzo starannie i dok\u0142adnie wyko\u0144czona. Po\u015bciel jest [&hellip;]<\/p>\n","protected":false},"featured_media":9038,"comment_status":"closed","ping_status":"open","template":"","meta":[],"product_cat":[1613,994],"product_tag":[776,727,697,608,873,796],"class_list":["post-9037","product","type-product","status-publish","has-post-thumbnail","hentry","product_cat-detexpol","product_cat-komplety-poscieli-dla-dzieci","product_tag-dobrej-nocy","product_tag-godlo-polski-do-druku","product_tag-krotkie-bajki-do-czytania","product_tag-zagadki-i-odpowiedzi","product_tag-zagadki-z-odpowiedziami-dla-dzieci","product_tag-zagatki"],"_links":{"self":[{"href":"http:\/\/klubmamgdynia.pl\/index.php\/wp-json\/wp\/v2\/product\/9037","targetHints":{"allow":["GET"]}}],"collection":[{"href":"http:\/\/klubmamgdynia.pl\/index.php\/wp-json\/wp\/v2\/product"}],"about":[{"href":"http:\/\/klubmamgdynia.pl\/index.php\/wp-json\/wp\/v2\/types\/product"}],"replies":[{"embeddable":true,"href":"http:\/\/klubmamgdynia.pl\/index.php\/wp-json\/wp\/v2\/comments?post=9037"}],"wp:featuredmedia":[{"embeddable":true,"href":"http:\/\/klubmamgdynia.pl\/index.php\/wp-json\/wp\/v2\/media\/9038"}],"wp:attachment":[{"href":"http:\/\/klubmamgdynia.pl\/index.php\/wp-json\/wp\/v2\/media?parent=9037"}],"wp:term":[{"taxonomy":"product_cat","embeddable":true,"href":"http:\/\/klubmamgdynia.pl\/index.php\/wp-json\/wp\/v2\/product_cat?post=9037"},{"taxonomy":"product_tag","embeddable":true,"href":"http:\/\/klubmamgdynia.pl\/index.php\/wp-json\/wp\/v2\/product_tag?post=9037"}],"curies":[{"name":"wp","href":"https:\/\/api.w.org\/{rel}","templated":true}]}}