{"id":9039,"date":"2021-03-06T00:19:23","date_gmt":"2021-03-05T23:19:23","guid":{"rendered":"http:\/\/klubmamgdynia.pl\/index.php\/produkt\/siku-ciezarowka-zoo-z-przyczepa-tir-s1627\/"},"modified":"2026-04-04T06:55:57","modified_gmt":"2026-04-04T04:55:57","slug":"siku-ciezarowka-zoo-z-przyczepa-tir-s1627","status":"publish","type":"product","link":"http:\/\/klubmamgdynia.pl\/index.php\/produkt\/siku-ciezarowka-zoo-z-przyczepa-tir-s1627\/","title":{"rendered":"Siku Ci\u0119\u017car\u00f3wka Zoo Z Przyczep\u0105 Tir S1627"},"content":{"rendered":"<p>SIKU 1627 Ci\u0119\u017car\u00f3wka ZOO z przyczep\u0105 tir z przyczep\u0105 to metalowo-plastikowa zabawka z serii Siku w skali 1:87.<\/p>\n<h2>Siku Ci\u0119\u017car\u00f3wka Zoo Z Przyczep\u0105 Tir S1627 Siku<\/h2>\n<p>dzie\u0144 \u015bw patryka symbole do druku, mandala kolorowanka, najpi\u0119kniejsze cytaty o przyja\u017ani, kryspinow, teksty ko\u0142ysanek, atrakcje dla dzieci wroc\u0142aw i okolice, prezenty dla nastolatkow, spiderman do druku, \u0142atwe zagadki, cytaty o mi\u0142o\u015bci do dziecka<\/p>\n<p>yyyyy<\/p>\n<p>&nbsp;<\/p>\n","protected":false},"excerpt":{"rendered":"<p>SIKU 1627 Ci\u0119\u017car\u00f3wka ZOO z przyczep\u0105 tir z przyczep\u0105 to metalowo-plastikowa zabawka z serii Siku w skali 1:87. Siku Ci\u0119\u017car\u00f3wka Zoo Z Przyczep\u0105 Tir S1627 Siku dzie\u0144 \u015bw patryka symbole do druku, mandala kolorowanka, najpi\u0119kniejsze cytaty o przyja\u017ani, kryspinow, teksty ko\u0142ysanek, atrakcje dla dzieci wroc\u0142aw i okolice, prezenty dla nastolatkow, spiderman do druku, \u0142atwe zagadki, [&hellip;]<\/p>\n","protected":false},"featured_media":9040,"comment_status":"closed","ping_status":"open","template":"","meta":[],"product_cat":[83,300],"product_tag":[671,781,695],"class_list":["post-9039","product","type-product","status-publish","has-post-thumbnail","hentry","product_cat-auta-i-inne-pojazdy-do-zabawy","product_cat-siku","product_tag-cicha-noc-po-angielsku-tekst","product_tag-cytaty-o-wychowaniu-dzieci","product_tag-rzadkie-imiona-zenskie"],"_links":{"self":[{"href":"http:\/\/klubmamgdynia.pl\/index.php\/wp-json\/wp\/v2\/product\/9039","targetHints":{"allow":["GET"]}}],"collection":[{"href":"http:\/\/klubmamgdynia.pl\/index.php\/wp-json\/wp\/v2\/product"}],"about":[{"href":"http:\/\/klubmamgdynia.pl\/index.php\/wp-json\/wp\/v2\/types\/product"}],"replies":[{"embeddable":true,"href":"http:\/\/klubmamgdynia.pl\/index.php\/wp-json\/wp\/v2\/comments?post=9039"}],"wp:featuredmedia":[{"embeddable":true,"href":"http:\/\/klubmamgdynia.pl\/index.php\/wp-json\/wp\/v2\/media\/9040"}],"wp:attachment":[{"href":"http:\/\/klubmamgdynia.pl\/index.php\/wp-json\/wp\/v2\/media?parent=9039"}],"wp:term":[{"taxonomy":"product_cat","embeddable":true,"href":"http:\/\/klubmamgdynia.pl\/index.php\/wp-json\/wp\/v2\/product_cat?post=9039"},{"taxonomy":"product_tag","embeddable":true,"href":"http:\/\/klubmamgdynia.pl\/index.php\/wp-json\/wp\/v2\/product_tag?post=9039"}],"curies":[{"name":"wp","href":"https:\/\/api.w.org\/{rel}","templated":true}]}}