{"id":904,"date":"2025-08-11T21:30:45","date_gmt":"2025-08-11T19:30:45","guid":{"rendered":"http:\/\/klubmamgdynia.pl\/?post_type=product&#038;p=904"},"modified":"2026-04-29T23:01:09","modified_gmt":"2026-04-29T21:01:09","slug":"trifox-auto-metalowe-6szt","status":"publish","type":"product","link":"http:\/\/klubmamgdynia.pl\/index.php\/produkt\/trifox-auto-metalowe-6szt\/","title":{"rendered":"Trifox Auto Metalowe 6Szt"},"content":{"rendered":"<p>Auto metalowe 6sztzbiorcze &#8211; 6szt&#8230;.<\/p>\n<h2>Trifox Auto Metalowe 6Szt Trifox<\/h2>\n<p>bajka na dobranoc do czytania, kolorowanka lego ninjago, zagadki dla ma\u0142ych dzieci, zagadki, kolorowanki konie z je\u017ad\u017acem<\/p>\n<p>yyyyy<\/p>\n<p>&nbsp;<\/p>\n","protected":false},"excerpt":{"rendered":"<p>Auto metalowe 6sztzbiorcze &#8211; 6szt&#8230;. Trifox Auto Metalowe 6Szt Trifox bajka na dobranoc do czytania, kolorowanka lego ninjago, zagadki dla ma\u0142ych dzieci, zagadki, kolorowanki konie z je\u017ad\u017acem yyyyy &nbsp;<\/p>\n","protected":false},"featured_media":905,"comment_status":"closed","ping_status":"open","template":"","meta":[],"product_cat":[83,308],"product_tag":[819,585,830],"class_list":["post-904","product","type-product","status-publish","has-post-thumbnail","hentry","product_cat-auta-i-inne-pojazdy-do-zabawy","product_cat-trifox","product_tag-co-kupic-nastolatce-na-swieta","product_tag-kolorowanki-dla-chlopcow","product_tag-rodzina-cytaty"],"_links":{"self":[{"href":"http:\/\/klubmamgdynia.pl\/index.php\/wp-json\/wp\/v2\/product\/904","targetHints":{"allow":["GET"]}}],"collection":[{"href":"http:\/\/klubmamgdynia.pl\/index.php\/wp-json\/wp\/v2\/product"}],"about":[{"href":"http:\/\/klubmamgdynia.pl\/index.php\/wp-json\/wp\/v2\/types\/product"}],"replies":[{"embeddable":true,"href":"http:\/\/klubmamgdynia.pl\/index.php\/wp-json\/wp\/v2\/comments?post=904"}],"wp:featuredmedia":[{"embeddable":true,"href":"http:\/\/klubmamgdynia.pl\/index.php\/wp-json\/wp\/v2\/media\/905"}],"wp:attachment":[{"href":"http:\/\/klubmamgdynia.pl\/index.php\/wp-json\/wp\/v2\/media?parent=904"}],"wp:term":[{"taxonomy":"product_cat","embeddable":true,"href":"http:\/\/klubmamgdynia.pl\/index.php\/wp-json\/wp\/v2\/product_cat?post=904"},{"taxonomy":"product_tag","embeddable":true,"href":"http:\/\/klubmamgdynia.pl\/index.php\/wp-json\/wp\/v2\/product_tag?post=904"}],"curies":[{"name":"wp","href":"https:\/\/api.w.org\/{rel}","templated":true}]}}