{"id":9041,"date":"2019-07-31T11:21:55","date_gmt":"2019-07-31T09:21:55","guid":{"rendered":"http:\/\/klubmamgdynia.pl\/index.php\/produkt\/kej-gruszka-z-miekkim-koncem-nr-9-1-szt\/"},"modified":"2026-04-24T20:30:26","modified_gmt":"2026-04-24T18:30:26","slug":"kej-gruszka-z-miekkim-koncem-nr-9-1-szt","status":"publish","type":"product","link":"http:\/\/klubmamgdynia.pl\/index.php\/produkt\/kej-gruszka-z-miekkim-koncem-nr-9-1-szt\/","title":{"rendered":"Kej Gruszka Z Mi\u0119kkim Ko\u0144cem Nr 9 1 Szt."},"content":{"rendered":"<p>Gruszki z mi\u0119kkim ko\u0144cem przeznaczone s\u0105 do \u0142agodzenia objaw\u00f3w przezi\u0119bie\u0144, zapobiegania infekcjom g\u00f3rnych dr\u00f3g oddechowych poprzez usuwanie wydzieliny kataralnej z nosa oraz zapobiegania podra\u017cnieniom i stanom zapalnym uszu, dzi\u0119ki usuwaniu za ich po&#8230;<\/p>\n<h2>Kej Gruszka Z Mi\u0119kkim Ko\u0144cem Nr 9 1 Szt. Kej<\/h2>\n<p>misie z film\u00f3w animowanych, szablon choinki do wydruku, tupcio chrupcio bajka do czytania, piosenki o wakacjach, prezenty dla nastolatk\u00f3w, kr\u00f3tkie zagadki logiczne<\/p>\n<p>yyyyy<\/p>\n<p>&nbsp;<\/p>\n","protected":false},"excerpt":{"rendered":"<p>Gruszki z mi\u0119kkim ko\u0144cem przeznaczone s\u0105 do \u0142agodzenia objaw\u00f3w przezi\u0119bie\u0144, zapobiegania infekcjom g\u00f3rnych dr\u00f3g oddechowych poprzez usuwanie wydzieliny kataralnej z nosa oraz zapobiegania podra\u017cnieniom i stanom zapalnym uszu, dzi\u0119ki usuwaniu za ich po&#8230; Kej Gruszka Z Mi\u0119kkim Ko\u0144cem Nr 9 1 Szt. Kej misie z film\u00f3w animowanych, szablon choinki do wydruku, tupcio chrupcio bajka do [&hellip;]<\/p>\n","protected":false},"featured_media":9042,"comment_status":"closed","ping_status":"open","template":"","meta":[],"product_cat":[953,1783],"product_tag":[662,702,582,678,756],"class_list":["post-9041","product","type-product","status-publish","has-post-thumbnail","hentry","product_cat-aspiratory-i-gruszki-do-nosa","product_cat-kej","product_tag-bajki-na-dobranoc","product_tag-co-kupic-na-roczek-dla-dziewczynki","product_tag-nauka-pisania-literek-do-wydruku-pdf","product_tag-prezent-na-roczek-dla-dziewczynki","product_tag-zaproszenie-na-urodziny-do-druku"],"_links":{"self":[{"href":"http:\/\/klubmamgdynia.pl\/index.php\/wp-json\/wp\/v2\/product\/9041","targetHints":{"allow":["GET"]}}],"collection":[{"href":"http:\/\/klubmamgdynia.pl\/index.php\/wp-json\/wp\/v2\/product"}],"about":[{"href":"http:\/\/klubmamgdynia.pl\/index.php\/wp-json\/wp\/v2\/types\/product"}],"replies":[{"embeddable":true,"href":"http:\/\/klubmamgdynia.pl\/index.php\/wp-json\/wp\/v2\/comments?post=9041"}],"wp:featuredmedia":[{"embeddable":true,"href":"http:\/\/klubmamgdynia.pl\/index.php\/wp-json\/wp\/v2\/media\/9042"}],"wp:attachment":[{"href":"http:\/\/klubmamgdynia.pl\/index.php\/wp-json\/wp\/v2\/media?parent=9041"}],"wp:term":[{"taxonomy":"product_cat","embeddable":true,"href":"http:\/\/klubmamgdynia.pl\/index.php\/wp-json\/wp\/v2\/product_cat?post=9041"},{"taxonomy":"product_tag","embeddable":true,"href":"http:\/\/klubmamgdynia.pl\/index.php\/wp-json\/wp\/v2\/product_tag?post=9041"}],"curies":[{"name":"wp","href":"https:\/\/api.w.org\/{rel}","templated":true}]}}