{"id":9045,"date":"2013-11-02T22:33:50","date_gmt":"2013-11-02T21:33:50","guid":{"rendered":"http:\/\/klubmamgdynia.pl\/index.php\/produkt\/mattel-samoloty-drip-pojazd\/"},"modified":"2026-04-30T06:10:27","modified_gmt":"2026-04-30T04:10:27","slug":"mattel-samoloty-drip-pojazd","status":"publish","type":"product","link":"http:\/\/klubmamgdynia.pl\/index.php\/produkt\/mattel-samoloty-drip-pojazd\/","title":{"rendered":"Mattel Samoloty, Drip, Pojazd"},"content":{"rendered":"<p>MATTEL PLANES SAMOLOTY 2 PINECONE POMME DE PIN BDB95Uwaga! Nadje\u017cd\u017caj\u0105 bohaterowie najnowszego filmu \u201eSamoloty 2\u201d wytw\u00f3rni Disneya! Odtwarzaj ulubione sceny i akcje ratunkowe z udzia\u0142em postaci z filmu, bawi\u0105c si\u0119 tymi starannie wyko\u0144czonymi pojazdami. Zbierz wszystkie i rozpocznij odlotow\u0105 przygod\u0119!Pojazdy do kolekcjonowania i wzbogacania zestaw\u00f3w z serii Samoloty 2. Zbierz wszystkie modele z serii i odtwarzaj sceny z filmu!Skala: 1:55.Wiek: 3+Producent: MattelWielko\u015b\u0107 opakowania: 21,5 x 16 x 6,5 cm<\/p>\n<h2>Mattel Samoloty, Drip, Pojazd Mattel<\/h2>\n<p>audiobooki dla dzieci za darmo, minionki kolorowanka, mapa polski do druku, milena, wiosenne zagadki dla dzieci, wzruszaj\u0105ce teksty dla mamy, kolorowanka wr\u00f3\u017cka, prezent dla nastolatek, anio\u0142ki do druku, prima aprilis pomys\u0142y, warszawa atrakcje dla dzieci, cytaty korczaka, zabawka dla rocznej dziewczynki, zagadka logiczna, jeremi, ostatni dzwonek tekst, szybkie zagadki matematyczne, poczytaj mi wiersz, prezent dla 7 latka ch\u0142opca, ja\u015bmina imie, kajko i kokosz test z lektury<\/p>\n<p>yyyyy<\/p>\n<p>&nbsp;<\/p>\n","protected":false},"excerpt":{"rendered":"<p>MATTEL PLANES SAMOLOTY 2 PINECONE POMME DE PIN BDB95Uwaga! Nadje\u017cd\u017caj\u0105 bohaterowie najnowszego filmu \u201eSamoloty 2\u201d wytw\u00f3rni Disneya! Odtwarzaj ulubione sceny i akcje ratunkowe z udzia\u0142em postaci z filmu, bawi\u0105c si\u0119 tymi starannie wyko\u0144czonymi pojazdami. Zbierz wszystkie i rozpocznij odlotow\u0105 przygod\u0119!Pojazdy do kolekcjonowania i wzbogacania zestaw\u00f3w z serii Samoloty 2. Zbierz wszystkie modele z serii i [&hellip;]<\/p>\n","protected":false},"featured_media":9046,"comment_status":"closed","ping_status":"open","template":"","meta":[],"product_cat":[83,289],"product_tag":[683,787,743,803],"class_list":["post-9045","product","type-product","status-publish","has-post-thumbnail","hentry","product_cat-auta-i-inne-pojazdy-do-zabawy","product_cat-mattel","product_tag-karaluchy-pod-poduchy","product_tag-nauka-pisania-wyrazow-dla-dzieci-do-druku-pdf","product_tag-quiz-dla-dzieci","product_tag-szlaczki-do-druku"],"_links":{"self":[{"href":"http:\/\/klubmamgdynia.pl\/index.php\/wp-json\/wp\/v2\/product\/9045","targetHints":{"allow":["GET"]}}],"collection":[{"href":"http:\/\/klubmamgdynia.pl\/index.php\/wp-json\/wp\/v2\/product"}],"about":[{"href":"http:\/\/klubmamgdynia.pl\/index.php\/wp-json\/wp\/v2\/types\/product"}],"replies":[{"embeddable":true,"href":"http:\/\/klubmamgdynia.pl\/index.php\/wp-json\/wp\/v2\/comments?post=9045"}],"wp:featuredmedia":[{"embeddable":true,"href":"http:\/\/klubmamgdynia.pl\/index.php\/wp-json\/wp\/v2\/media\/9046"}],"wp:attachment":[{"href":"http:\/\/klubmamgdynia.pl\/index.php\/wp-json\/wp\/v2\/media?parent=9045"}],"wp:term":[{"taxonomy":"product_cat","embeddable":true,"href":"http:\/\/klubmamgdynia.pl\/index.php\/wp-json\/wp\/v2\/product_cat?post=9045"},{"taxonomy":"product_tag","embeddable":true,"href":"http:\/\/klubmamgdynia.pl\/index.php\/wp-json\/wp\/v2\/product_tag?post=9045"}],"curies":[{"name":"wp","href":"https:\/\/api.w.org\/{rel}","templated":true}]}}