{"id":9047,"date":"2025-06-17T22:30:17","date_gmt":"2025-06-17T20:30:17","guid":{"rendered":"http:\/\/klubmamgdynia.pl\/?post_type=product&#038;p=9047"},"modified":"2026-05-17T22:32:29","modified_gmt":"2026-05-17T20:32:29","slug":"dickie-traktor-claas-ares-z-przyczepa","status":"publish","type":"product","link":"http:\/\/klubmamgdynia.pl\/index.php\/produkt\/dickie-traktor-claas-ares-z-przyczepa\/","title":{"rendered":"Dickie Traktor Claas Ares Z Przyczep\u0105"},"content":{"rendered":"<p>Traktor Claas Ares bez nap\u0119du z ruchom\u0105, uchyln\u0105 przyczep\u0105.<\/p>\n<h2>Dickie Traktor Claas Ares Z Przyczep\u0105 Dickie<\/h2>\n<p>misie z bajek, test narnia lew czarownica i stara szafa, bajka dla niemowlaka, prezenty na dzie\u0144 dziecka dla nastolatk\u00f3w, nauczyciel cytaty, place zabaw warszawa<\/p>\n<p>yyyyy<\/p>\n<p>&nbsp;<\/p>\n","protected":false},"excerpt":{"rendered":"<p>Traktor Claas Ares bez nap\u0119du z ruchom\u0105, uchyln\u0105 przyczep\u0105. Dickie Traktor Claas Ares Z Przyczep\u0105 Dickie misie z bajek, test narnia lew czarownica i stara szafa, bajka dla niemowlaka, prezenty na dzie\u0144 dziecka dla nastolatk\u00f3w, nauczyciel cytaty, place zabaw warszawa yyyyy &nbsp;<\/p>\n","protected":false},"featured_media":9048,"comment_status":"closed","ping_status":"open","template":"","meta":[],"product_cat":[1637,489],"product_tag":[863,662,728,865,828,789],"class_list":["post-9047","product","type-product","status-publish","has-post-thumbnail","hentry","product_cat-dickie","product_cat-traktory-dla-dzieci","product_tag-bajki-dla-dziewczynek","product_tag-bajki-na-dobranoc","product_tag-bezwarunkowa-milosc-do-dziecka-cytaty","product_tag-cytaty-o-dzieciach","product_tag-filmy-wigilijne-dla-dzieci","product_tag-kaczuszka"],"_links":{"self":[{"href":"http:\/\/klubmamgdynia.pl\/index.php\/wp-json\/wp\/v2\/product\/9047","targetHints":{"allow":["GET"]}}],"collection":[{"href":"http:\/\/klubmamgdynia.pl\/index.php\/wp-json\/wp\/v2\/product"}],"about":[{"href":"http:\/\/klubmamgdynia.pl\/index.php\/wp-json\/wp\/v2\/types\/product"}],"replies":[{"embeddable":true,"href":"http:\/\/klubmamgdynia.pl\/index.php\/wp-json\/wp\/v2\/comments?post=9047"}],"wp:featuredmedia":[{"embeddable":true,"href":"http:\/\/klubmamgdynia.pl\/index.php\/wp-json\/wp\/v2\/media\/9048"}],"wp:attachment":[{"href":"http:\/\/klubmamgdynia.pl\/index.php\/wp-json\/wp\/v2\/media?parent=9047"}],"wp:term":[{"taxonomy":"product_cat","embeddable":true,"href":"http:\/\/klubmamgdynia.pl\/index.php\/wp-json\/wp\/v2\/product_cat?post=9047"},{"taxonomy":"product_tag","embeddable":true,"href":"http:\/\/klubmamgdynia.pl\/index.php\/wp-json\/wp\/v2\/product_tag?post=9047"}],"curies":[{"name":"wp","href":"https:\/\/api.w.org\/{rel}","templated":true}]}}