{"id":9049,"date":"2012-07-12T07:53:59","date_gmt":"2012-07-12T05:53:59","guid":{"rendered":"http:\/\/klubmamgdynia.pl\/index.php\/produkt\/joystick-thrustmaster-tca-quadrant-boeing-edition-4060219\/"},"modified":"2026-04-06T06:09:21","modified_gmt":"2026-04-06T04:09:21","slug":"joystick-thrustmaster-tca-quadrant-boeing-edition-4060219","status":"publish","type":"product","link":"http:\/\/klubmamgdynia.pl\/index.php\/produkt\/joystick-thrustmaster-tca-quadrant-boeing-edition-4060219\/","title":{"rendered":"Joystick Thrustmaster TCA Quadrant Boeing Edition (4060219)"},"content":{"rendered":"<p>Thrustmaster TCA Quadrant Boeing EditionReplika Panelu PrzepustnicyZgodno\u015b\u0107 z\u00a0Xbox One i Xbox Series X|S oraz komputerami PC                            <\/p>\n<p>\u00a0                            <\/p>\n<p>W skr\u00f3cie:Panel przepustnicy na oficjalnej licencji firmy Boeing, zainspirowany s\u0142ynnymi samolotami pasa\u017cerskimi Boeing17 przycisk\u00f3w czynno\u015bci i technologia magnetyczna w ka\u017cdej z 3 osi panelu TCA Quadrant Boeing EditionP\u0142ynny, liniowy op\u00f3r odwzorowuj\u0105cy wra\u017cenie ci\u0105gu, kt\u00f3re wyst\u0119puje podczas korzystania z panelu przepustnicy w prawdziwym samolocie Boeing DreamlinerD\u017awignie przepustnicy mo\u017cna zamieni\u0107 miejscami z d\u017awigniami hamulca aerodynamicznego i klap (\u0142\u0105cznie 4 d\u017awignie w zestawie)Demontowany, regulowany uk\u0142ad mocowania, kt\u00f3ry mo\u017cna przystosowa\u0107 do dowolnego \u015brodowiska gierZgodno\u015b\u0107 z uk\u0142adami steru kierunku Thrustmaster TFRP i TPR (do nabycia osobno) na konsoli Xbox i komputerze PCAutomatyczna integracja z gr\u0105 Microsoft Flight Simulator (do nabycia osobno) na konsolach Xbox Series X|S i komputerze PCOficjalna licencja Xbox (obejmuje Xbox One i Xbox Series X|S) oraz zgodno\u015b\u0107 z komputerem PCZgodno\u015b\u0107 z konsol\u0105 Xbox tylko w przypadku pod\u0142\u0105czenia do wolantu TCA Yoke Boeing Edition (do nabycia osobno)                            <\/p>\n<p>JAK WE \u015aNIETCA Quadrant Boeing Edition to urz\u0105dzenie lotnicze, kt\u00f3re ma oficjaln\u0105 licencj\u0119 firmy Boeing oraz producenta konsol Xbox w odniesieniu do modeli Xbox One i Xbox Series X|S. Jest r\u00f3wnie\u017c zgodne z komputerami PC.TCA Boeing Edition to nowa sztandarowa seria produkt\u00f3w Thrustmaster z obszaru lotnictwa cywilnego, kt\u00f3re wyposa\u017cono w najnowocze\u015bniejsze funkcje w \u015bci\u015ble okre\u015blonym celu: odwzorowania poszczeg\u00f3lnych element\u00f3w steruj\u0105cych, kinematyki lotu oraz wra\u017ce\u0144, jakich do\u015bwiadcza pilot prawdziwego samolotu pasa\u017cerskiego Boeing, siedz\u0105c za jego sterami.                            <\/p>\n<p>WYMIENNE D\u0179WIGNIE<br \/>\nWszystkie d\u017awignie panelu przepustnicy (\u0142\u0105cznie 4 w zestawie) s\u0105 zamienne miejscami: u\u017cytkownik mo\u017ce wi\u0119c umie\u015bci\u0107 d\u017awignie hamulca aerodynamicznego i klap w wybranym po\u0142o\u017ceniu zale\u017cnie od tego, czy jest prawo- czy lewor\u0119czny.                            <\/p>\n<p>LINIOWY OP\u00d3R JAK W\u00a0PRAWDZIWYM SAMOLOCIE BOEING<br \/>\nPanel przepustnicy TCA Quadrant Boeing Edition, zainspirowany sposobem dzia\u0142ania panelu w prawdziwym samolocie Boeing Dreamliner, odwzorowuje rzeczywist\u0105 si\u0142\u0119 oporu odczuwan\u0105 przez pilota podczas przesuwania d\u017awigni ci\u0105gu w g\u00f3r\u0119 i w d\u00f3\u0142.                            <\/p>\n<p>AUTOPILOT Z\u00a0BOEINGA<br \/>\nPanel TCA Quadrant Boeing Edition zawiera znan\u0105 z samolot\u00f3w Boeing funkcj\u0119 autopilota, kt\u00f3ra umo\u017cliwia realistyczne sterowanie wysoko\u015bci\u0105, pr\u0119dko\u015bci\u0105 i kursem samolotu. Wygl\u0105d i dzia\u0142anie tego pokr\u0119t\u0142a r\u00f3wnie\u017c s\u0105 wzorowane na panelu przepustnicy prawdziwego samolotu Boeing Dreamliner.                            <\/p>\n<p>MAGNESY W\u00a0S\u0141U\u017bBIE TECHNOLOGII<br \/>\nPanel przepustnicy TCA Quadrant Boeing Edition jest wyposa\u017cony w zastrze\u017con\u0105 technologi\u0119 magnetyczn\u0105 H.E.A.R.T, pozwalaj\u0105c\u0105 uzyska\u0107 chirurgiczn\u0105 precyzj\u0119 (16-bitowa rozdzielczo\u015b\u0107) na ka\u017cdej z 3 osi panelu.                            <\/p>\n<p>\u00a0<\/p>\n<h2>Joystick Thrustmaster TCA Quadrant Boeing Edition (4060219) ThrustMaster<\/h2>\n<p>ozdoby choinkowe dla dzieci, kolorowanki z bajek, super zings kolorowanki, m\u0105dre cytaty dla dzieci, audiobook dla dzieci za darmo, prezent dla 14 latki, gwiazdka do druku, kolorowanka kotki, literki do pisania do druku, prezent dla 7 latka, quiz narnia lew czarownica i stara szafa, zgadywanki dla dzieci, prezent dla rocznego ch\u0142opca, pomys\u0142y na prezent na roczek, co kupi\u0107 nastolatkowi, test z tajemniczego ogrodu, stare wiersze dla dzieci, co na roczek, kwiatek kwiaty do druku szablony, kawaly na prima aprilis<\/p>\n<p>yyyyy<\/p>\n<p>&nbsp;<\/p>\n","protected":false},"excerpt":{"rendered":"<p>Thrustmaster TCA Quadrant Boeing EditionReplika Panelu PrzepustnicyZgodno\u015b\u0107 z\u00a0Xbox One i Xbox Series X|S oraz komputerami PC \u00a0 W skr\u00f3cie:Panel przepustnicy na oficjalnej licencji firmy Boeing, zainspirowany s\u0142ynnymi samolotami pasa\u017cerskimi Boeing17 przycisk\u00f3w czynno\u015bci i technologia magnetyczna w ka\u017cdej z 3 osi panelu TCA Quadrant Boeing EditionP\u0142ynny, liniowy op\u00f3r odwzorowuj\u0105cy wra\u017cenie ci\u0105gu, kt\u00f3re wyst\u0119puje podczas korzystania z [&hellip;]<\/p>\n","protected":false},"featured_media":9050,"comment_status":"closed","ping_status":"open","template":"","meta":[],"product_cat":[241,1760],"product_tag":[845,744,780],"class_list":["post-9049","product","type-product","status-publish","has-post-thumbnail","hentry","product_cat-pozostale-akcesoria-i-kontrolery-do-gier","product_cat-thrustmaster","product_tag-ach-spij-kochanie-tekst","product_tag-kolorowanki-swiateczne-do-wydruku","product_tag-krecik-bajka"],"_links":{"self":[{"href":"http:\/\/klubmamgdynia.pl\/index.php\/wp-json\/wp\/v2\/product\/9049","targetHints":{"allow":["GET"]}}],"collection":[{"href":"http:\/\/klubmamgdynia.pl\/index.php\/wp-json\/wp\/v2\/product"}],"about":[{"href":"http:\/\/klubmamgdynia.pl\/index.php\/wp-json\/wp\/v2\/types\/product"}],"replies":[{"embeddable":true,"href":"http:\/\/klubmamgdynia.pl\/index.php\/wp-json\/wp\/v2\/comments?post=9049"}],"wp:featuredmedia":[{"embeddable":true,"href":"http:\/\/klubmamgdynia.pl\/index.php\/wp-json\/wp\/v2\/media\/9050"}],"wp:attachment":[{"href":"http:\/\/klubmamgdynia.pl\/index.php\/wp-json\/wp\/v2\/media?parent=9049"}],"wp:term":[{"taxonomy":"product_cat","embeddable":true,"href":"http:\/\/klubmamgdynia.pl\/index.php\/wp-json\/wp\/v2\/product_cat?post=9049"},{"taxonomy":"product_tag","embeddable":true,"href":"http:\/\/klubmamgdynia.pl\/index.php\/wp-json\/wp\/v2\/product_tag?post=9049"}],"curies":[{"name":"wp","href":"https:\/\/api.w.org\/{rel}","templated":true}]}}