{"id":9053,"date":"2024-09-06T18:27:34","date_gmt":"2024-09-06T16:27:34","guid":{"rendered":"http:\/\/klubmamgdynia.pl\/?post_type=product&#038;p=9053"},"modified":"2026-04-29T18:33:10","modified_gmt":"2026-04-29T16:33:10","slug":"vulli-sophie-la-girafe-triactivities-zabawka-pobudzajaca-wyobraznie","status":"publish","type":"product","link":"http:\/\/klubmamgdynia.pl\/index.php\/produkt\/vulli-sophie-la-girafe-triactivities-zabawka-pobudzajaca-wyobraznie\/","title":{"rendered":"Vulli Sophie La Girafe Tri&#8217;Activities Zabawka Pobudzaj\u0105ca Wyobra\u017ani\u0119"},"content":{"rendered":"<p>Ta zabawka Activity stymuluje ciekawo\u015b\u0107 dziecka i jego zdolno\u015bci motoryczne. Jaskrawe kolory, r\u00f3\u017cne materia\u0142y i faktury, gryzak do \u017cucia, trzeszcz\u0105cy papier, lusterko, dzwonek, ma\u0142e flagi z tkaniny i grzechotka l aden zach\u0119caj\u0105 do odkrywania. Dzi\u0119ki du\u017cemu klipsowi, zabawk\u0119 mo\u017cna \u0142atwo przymocowa\u0107 w dowolnym miejscu, aby towarzyszy\u0142a dziecku w jego odkrywczych podr\u00f3\u017cach. Szczeg\u00f3\u0142y produktu: Wymiary (d\u0142ugo\u015b\u0107 x szeroko\u015b\u0107 x wysoko\u015b\u0107): 17,5 x 17,5 x 31 cm Materia\u0142: 100% poliester Czyszczenie: Czyszczenie powierzchni za pomoc\u0105 wody z myd\u0142em i wilgotnej szmatki. Liczne atrakcje do odkrycia Wspiera drobne umiej\u0119tno\u015bci motoryczne dziecka Stymuluje zmys\u0142y dziecka \u0141atwe do zamocowania Wiek: od 0 miesi\u0119cy Uwaga Przed u\u017cyciem usun\u0105\u0107 wszystkie opakowania i mocowania. Prosimy o zachowanie opakowania, zawiera ono wa\u017cne informacje. Szczeg\u00f3\u0142y i kolory zawarto\u015bci mog\u0105 si\u0119 r\u00f3\u017cni\u0107.<\/p>\n<h2>Vulli Sophie La Girafe TriActivities Zabawka Pobudzaj\u0105ca Wyobra\u017ani\u0119 Vulli<\/h2>\n<p>kolorowanki na andrzejki do wydruku, alina, miasto dzieci pl, podchwytliwe zagadki dla dzieci, kolorowanki na dzie\u0144 niepodleg\u0142o\u015bci do wydruku, bajka na dobranoc do czytania, plac zamkowy, pia imi\u0119, prezent na roczek dla dziecka, \u015bmieszne kanapki kanapki dla dzieci, wielkanocne zagadki, kolorowanki do wydruku postacie z bajek, ostatni dzwonek tekst, cytaty korczaka, filmy disneya, cukierku ty \u0142obuzie test, bajka o emocjach<\/p>\n<p>yyyyy<\/p>\n<p>&nbsp;<\/p>\n","protected":false},"excerpt":{"rendered":"<p>Ta zabawka Activity stymuluje ciekawo\u015b\u0107 dziecka i jego zdolno\u015bci motoryczne. Jaskrawe kolory, r\u00f3\u017cne materia\u0142y i faktury, gryzak do \u017cucia, trzeszcz\u0105cy papier, lusterko, dzwonek, ma\u0142e flagi z tkaniny i grzechotka l aden zach\u0119caj\u0105 do odkrywania. Dzi\u0119ki du\u017cemu klipsowi, zabawk\u0119 mo\u017cna \u0142atwo przymocowa\u0107 w dowolnym miejscu, aby towarzyszy\u0142a dziecku w jego odkrywczych podr\u00f3\u017cach. Szczeg\u00f3\u0142y produktu: Wymiary (d\u0142ugo\u015b\u0107 [&hellip;]<\/p>\n","protected":false},"featured_media":9054,"comment_status":"closed","ping_status":"open","template":"","meta":[],"product_cat":[63,1489],"product_tag":[617,858,793],"class_list":["post-9053","product","type-product","status-publish","has-post-thumbnail","hentry","product_cat-grzechotki-i-gryzaki","product_cat-vulli","product_tag-keyword","product_tag-podchwytliwe-zagadki","product_tag-zagadki-smieszne-podchwytliwe"],"_links":{"self":[{"href":"http:\/\/klubmamgdynia.pl\/index.php\/wp-json\/wp\/v2\/product\/9053","targetHints":{"allow":["GET"]}}],"collection":[{"href":"http:\/\/klubmamgdynia.pl\/index.php\/wp-json\/wp\/v2\/product"}],"about":[{"href":"http:\/\/klubmamgdynia.pl\/index.php\/wp-json\/wp\/v2\/types\/product"}],"replies":[{"embeddable":true,"href":"http:\/\/klubmamgdynia.pl\/index.php\/wp-json\/wp\/v2\/comments?post=9053"}],"wp:featuredmedia":[{"embeddable":true,"href":"http:\/\/klubmamgdynia.pl\/index.php\/wp-json\/wp\/v2\/media\/9054"}],"wp:attachment":[{"href":"http:\/\/klubmamgdynia.pl\/index.php\/wp-json\/wp\/v2\/media?parent=9053"}],"wp:term":[{"taxonomy":"product_cat","embeddable":true,"href":"http:\/\/klubmamgdynia.pl\/index.php\/wp-json\/wp\/v2\/product_cat?post=9053"},{"taxonomy":"product_tag","embeddable":true,"href":"http:\/\/klubmamgdynia.pl\/index.php\/wp-json\/wp\/v2\/product_tag?post=9053"}],"curies":[{"name":"wp","href":"https:\/\/api.w.org\/{rel}","templated":true}]}}