{"id":9055,"date":"2022-03-03T19:52:21","date_gmt":"2022-03-03T18:52:21","guid":{"rendered":"http:\/\/klubmamgdynia.pl\/index.php\/produkt\/maskotka-waz-niebieski-180-cm\/"},"modified":"2026-04-29T15:31:32","modified_gmt":"2026-04-29T13:31:32","slug":"maskotka-waz-niebieski-180-cm","status":"publish","type":"product","link":"http:\/\/klubmamgdynia.pl\/index.php\/produkt\/maskotka-waz-niebieski-180-cm\/","title":{"rendered":"Maskotka W\u0105\u017c niebieski 180 cm"},"content":{"rendered":"<p>Maskotka W\u0105\u017c niebieski 180 cmPluszak z serii Beppe ZOO przedstawiaj\u0105cej realistyczne pluszowe zwierz\u0119ta.W\u0105\u017c w kolorze niebieskim o d\u0142ugo\u015bci 180 cm.Realistycznie odwzorowany \u015bwietnie sprawdzi si\u0119 jako zabawka dla ka\u017cdego, kto lubi zwierz\u0119ta.<\/p>\n<h2>Maskotka W\u0105\u017c niebieski 180 cm Beppe<\/h2>\n<p>wzory zaprosze\u0144 zaproszenie na urodziny do druku pdf, zagadki o bo\u017cym narodzeniu, kiedy dzieci chodza na halloween, miasto dzieci, test z lektury felix net i nika oraz gang niewidzialnych ludzi, kolorowanki dla ch\u0142opc\u00f3w do druku, regina, atrakcje we wroc\u0142awiu dla dzieci, oskar imi\u0119, zagadki, radiowe nuty niech zyja wakacje, opowie\u015bci z narni lew czarownica i stara szafa test<\/p>\n<p>yyyyy<\/p>\n<p>&nbsp;<\/p>\n","protected":false},"excerpt":{"rendered":"<p>Maskotka W\u0105\u017c niebieski 180 cmPluszak z serii Beppe ZOO przedstawiaj\u0105cej realistyczne pluszowe zwierz\u0119ta.W\u0105\u017c w kolorze niebieskim o d\u0142ugo\u015bci 180 cm.Realistycznie odwzorowany \u015bwietnie sprawdzi si\u0119 jako zabawka dla ka\u017cdego, kto lubi zwierz\u0119ta. Maskotka W\u0105\u017c niebieski 180 cm Beppe wzory zaprosze\u0144 zaproszenie na urodziny do druku pdf, zagadki o bo\u017cym narodzeniu, kiedy dzieci chodza na halloween, miasto [&hellip;]<\/p>\n","protected":false},"featured_media":9056,"comment_status":"closed","ping_status":"open","template":"","meta":[],"product_cat":[894,42],"product_tag":[646,711,736,713],"class_list":["post-9055","product","type-product","status-publish","has-post-thumbnail","hentry","product_cat-beppe","product_cat-maskotki","product_tag-prezent-na-pierwsze-urodziny","product_tag-prezenty-dla-nastolatkow","product_tag-zabawki-na-roczek","product_tag-zagadki-logiczne-z-odpowiedziami"],"_links":{"self":[{"href":"http:\/\/klubmamgdynia.pl\/index.php\/wp-json\/wp\/v2\/product\/9055","targetHints":{"allow":["GET"]}}],"collection":[{"href":"http:\/\/klubmamgdynia.pl\/index.php\/wp-json\/wp\/v2\/product"}],"about":[{"href":"http:\/\/klubmamgdynia.pl\/index.php\/wp-json\/wp\/v2\/types\/product"}],"replies":[{"embeddable":true,"href":"http:\/\/klubmamgdynia.pl\/index.php\/wp-json\/wp\/v2\/comments?post=9055"}],"wp:featuredmedia":[{"embeddable":true,"href":"http:\/\/klubmamgdynia.pl\/index.php\/wp-json\/wp\/v2\/media\/9056"}],"wp:attachment":[{"href":"http:\/\/klubmamgdynia.pl\/index.php\/wp-json\/wp\/v2\/media?parent=9055"}],"wp:term":[{"taxonomy":"product_cat","embeddable":true,"href":"http:\/\/klubmamgdynia.pl\/index.php\/wp-json\/wp\/v2\/product_cat?post=9055"},{"taxonomy":"product_tag","embeddable":true,"href":"http:\/\/klubmamgdynia.pl\/index.php\/wp-json\/wp\/v2\/product_tag?post=9055"}],"curies":[{"name":"wp","href":"https:\/\/api.w.org\/{rel}","templated":true}]}}