{"id":9057,"date":"2013-03-26T06:43:54","date_gmt":"2013-03-26T05:43:54","guid":{"rendered":"http:\/\/klubmamgdynia.pl\/index.php\/produkt\/dromader-samochod-kabriolet-patrycji\/"},"modified":"2026-04-27T07:50:34","modified_gmt":"2026-04-27T05:50:34","slug":"dromader-samochod-kabriolet-patrycji","status":"publish","type":"product","link":"http:\/\/klubmamgdynia.pl\/index.php\/produkt\/dromader-samochod-kabriolet-patrycji\/","title":{"rendered":"Dromader Samoch\u00f3d Kabriolet Patrycji"},"content":{"rendered":"<p>Opis: Dromader Kabriolet Patrycji.Nr katalogowy: 00837Rodzaj: AutaWymagania wiekowe: 3P\u0142e\u0107: Dziewczynki&#8230;<\/p>\n<h2>Dromader Samoch\u00f3d Kabriolet Patrycji Dromader<\/h2>\n<p>sentencje ma\u0142y ksi\u0105\u017ce cytaty, mitologia grecka test wiedzy, nela w krainie wombat\u00f3w, izabella imi\u0119, laurka na urodziny do druku<\/p>\n<p>yyyyy<\/p>\n<p>&nbsp;<\/p>\n","protected":false},"excerpt":{"rendered":"<p>Opis: Dromader Kabriolet Patrycji.Nr katalogowy: 00837Rodzaj: AutaWymagania wiekowe: 3P\u0142e\u0107: Dziewczynki&#8230; Dromader Samoch\u00f3d Kabriolet Patrycji Dromader sentencje ma\u0142y ksi\u0105\u017ce cytaty, mitologia grecka test wiedzy, nela w krainie wombat\u00f3w, izabella imi\u0119, laurka na urodziny do druku yyyyy &nbsp;<\/p>\n","protected":false},"featured_media":9058,"comment_status":"closed","ping_status":"open","template":"","meta":[],"product_cat":[172,60],"product_tag":[802,642,835,653,872],"class_list":["post-9057","product","type-product","status-publish","has-post-thumbnail","hentry","product_cat-akcesoria-dla-lalek","product_cat-dromader","product_tag-co-kupic-dziewczynce-na-roczek","product_tag-mia-imie","product_tag-radosc-dziecka-cytaty","product_tag-warszawa-dla-dzieci","product_tag-zagadki-dla-dzieci-6-lat"],"_links":{"self":[{"href":"http:\/\/klubmamgdynia.pl\/index.php\/wp-json\/wp\/v2\/product\/9057","targetHints":{"allow":["GET"]}}],"collection":[{"href":"http:\/\/klubmamgdynia.pl\/index.php\/wp-json\/wp\/v2\/product"}],"about":[{"href":"http:\/\/klubmamgdynia.pl\/index.php\/wp-json\/wp\/v2\/types\/product"}],"replies":[{"embeddable":true,"href":"http:\/\/klubmamgdynia.pl\/index.php\/wp-json\/wp\/v2\/comments?post=9057"}],"wp:featuredmedia":[{"embeddable":true,"href":"http:\/\/klubmamgdynia.pl\/index.php\/wp-json\/wp\/v2\/media\/9058"}],"wp:attachment":[{"href":"http:\/\/klubmamgdynia.pl\/index.php\/wp-json\/wp\/v2\/media?parent=9057"}],"wp:term":[{"taxonomy":"product_cat","embeddable":true,"href":"http:\/\/klubmamgdynia.pl\/index.php\/wp-json\/wp\/v2\/product_cat?post=9057"},{"taxonomy":"product_tag","embeddable":true,"href":"http:\/\/klubmamgdynia.pl\/index.php\/wp-json\/wp\/v2\/product_tag?post=9057"}],"curies":[{"name":"wp","href":"https:\/\/api.w.org\/{rel}","templated":true}]}}