{"id":9059,"date":"2016-08-02T04:50:00","date_gmt":"2016-08-02T02:50:00","guid":{"rendered":"http:\/\/klubmamgdynia.pl\/index.php\/produkt\/lilliputiens-ksiazeczka-do-kapieli-z-gryzakiem-flaming-anais-83220\/"},"modified":"2026-04-24T05:32:49","modified_gmt":"2026-04-24T03:32:49","slug":"lilliputiens-ksiazeczka-do-kapieli-z-gryzakiem-flaming-anais-83220","status":"publish","type":"product","link":"http:\/\/klubmamgdynia.pl\/index.php\/produkt\/lilliputiens-ksiazeczka-do-kapieli-z-gryzakiem-flaming-anais-83220\/","title":{"rendered":"Lilliputiens Ksi\u0105\u017ceczka do K\u0105pieli z Gryzakiem Flaming Anais 83220"},"content":{"rendered":"<p>Lilliputiens Ksi\u0105\u017ceczka do K\u0105pieli z Gryzakiem Flaming Anais                            <\/p>\n<p>a                            <\/p>\n<p>Niezwyk\u0142a ksi\u0105\u017ceczka do k\u0105pieli Flaming Anais belgijskiej marki Lilliputiens, wykonana z mi\u0119kkiego, \u0142atwego do czyszczenia i szybkoschn\u0105cego neoprenu. Opowiada o przygodach z wod\u0105 r\u00f3\u017cnych ptak\u00f3w: kokoszka Paulette podlewa kwiatki, skrzydlaty maluch spaceruje w kaloszach, stru\u015b z parasolem ochrania kurczaczka przed deszczem, tukan Pablo bierze prysznic, a Anais niesie w dziobie \u015bwie\u017co z\u0142apan\u0105 ryb\u0119. Ksi\u0105\u017ceczka jest lekka i ma por\u0119czny rozmiar. Ma r\u00f3\u017cowy kolor z ciemniejsz\u0105 lam\u00f3wk\u0105, na jej ok\u0142adce znajduje si\u0119 Flaming Anais, a przy tasiemce zamocowany jest gi\u0119tki, r\u00f3wnie\u017c r\u00f3\u017cowy gryzak w kszta\u0142cie rybki z bezpiecznego tworzywa EVA. Zabawka jest perfekcyjnie wyko\u0144czona, z dba\u0142o\u015bci\u0105 o ka\u017cdy szczeg\u00f3\u0142 i bezpieczna dla dziecka. Rozwija spostrzegawczo\u015b\u0107 i pobudza wyobra\u017ani\u0119, a dzi\u0119ki gryzakowi przynosi ulg\u0119 w trudnym okresie z\u0105bkowania.Idealnie nadaje si\u0119 na prezent.My\u0107 r\u0119cznie.                            <\/p>\n<p>seria: zabawki do k\u0105pielikolekcja: Flaming Anaisindeks: 83220producent: Lilliputiensbezpieczne od 0+wiek rekomendowany: 6 m +materia\u0142: neopren, EVAdesign: Belgiawymiary produktu: 10 x 10 x 1,5 cmbezpiecze\u0144stwo i jako\u015b\u0107: EN71, CE, ASTM, ISO 9001O kolekcji:Flaming Anais to niepoprawna optymistka, kt\u00f3ra wszystkich woko\u0142o zara\u017ca u\u015bmiechem i dobrym humorem. Uwielbia rozpieszcza\u0107 maluchy i nigdy nie jest zbyt zm\u0119czona na zabaw\u0119.                            <\/p>\n<p>a                            <\/p>\n<p>a                            <\/p>\n<p>Lilliputiens to belgijska marka, za\u0142o\u017cona w 1995 roku przez dw\u00f3jk\u0119 pasjonat\u00f3w rodzimych produkt\u00f3w dla dzieci. Zesp\u00f3\u0142 kreatywny marki tworz\u0105 g\u0142\u00f3wnie mamy, kt\u00f3re potrafi\u0105 znajdowa\u0107 najlepsze odpowiedzi na potrzeby dzieci i najlepiej wiedz\u0105 czego maluchy oczekuj\u0105 od zabawek na kolejnych etapach swojego rozwoju. To dlatego produkty Lilliputiens nigdy nie s\u0105 tylko tym, czym si\u0119 na pocz\u0105tku wydaj\u0105. Ka\u017cdy z nich ma ukryte funkcje, zaskakuje, rozbudza ciekawo\u015b\u0107 i zach\u0119ca do nowych odkry\u0107. Produkowane na bazie mi\u0119kkich tkanin i naturalnego drewna, kolorowe i budz\u0105ce pozytywne emocje zabawki wyr\u00f3\u017cniaj\u0105 si\u0119 wyj\u0105tkow\u0105 jako\u015bci\u0105 i fascynuj\u0105c\u0105 kreatywno\u015bci\u0105. Ide\u0105 marki jest, poprzez niezwyk\u0142e zabawki, oferowanie pomocy rodzicom w wychowywaniu tw\u00f3rczego i otwartego pokolenia.Je\u015bli szukasz stymuluj\u0105cych, pi\u0119knych i ca\u0142kowicie bezpiecznych zabawek, z cudownymi detalami, kt\u00f3re zachwyc\u0105 nie tylko dzieci, ale nawet Ciebie, odkryj Lilliputiens!<\/p>\n<h2>Lilliputiens Ksi\u0105\u017ceczka do K\u0105pieli z Gryzakiem Flaming Anais 83220 Lilliputiens<\/h2>\n<p>karaluchy pod poduchy a szczypawki, opisy rodzina, zabawy na dworze dla 10 latk\u00f3w, mitologia test wiedzy, zdrowe dania dla dzieci, gry dla m\u0142odzie\u017cy, \u0142amig\u0142\u00f3wki dla 4 latka do druku, kartk\u00f3wki z zegara, ach \u015bpij kochanie tekst, zemsta test wiedzy, atrakcje dla dzieci warszawa, quiz o psie kt\u00f3ry je\u017adzi\u0142 kolej\u0105, szlaczki literopodobne do wydruku, quizy online, zagadki matematyczne dla przedszkolak\u00f3w, gloria imie, malowanie past\u0105 do z\u0119b\u00f3w<\/p>\n<p>yyyyy<\/p>\n<p>&nbsp;<\/p>\n","protected":false},"excerpt":{"rendered":"<p>Lilliputiens Ksi\u0105\u017ceczka do K\u0105pieli z Gryzakiem Flaming Anais a Niezwyk\u0142a ksi\u0105\u017ceczka do k\u0105pieli Flaming Anais belgijskiej marki Lilliputiens, wykonana z mi\u0119kkiego, \u0142atwego do czyszczenia i szybkoschn\u0105cego neoprenu. Opowiada o przygodach z wod\u0105 r\u00f3\u017cnych ptak\u00f3w: kokoszka Paulette podlewa kwiatki, skrzydlaty maluch spaceruje w kaloszach, stru\u015b z parasolem ochrania kurczaczka przed deszczem, tukan Pablo bierze prysznic, a [&hellip;]<\/p>\n","protected":false},"featured_media":9060,"comment_status":"closed","ping_status":"open","template":"","meta":[],"product_cat":[1770,1498],"product_tag":[603,660,868,604,767],"class_list":["post-9059","product","type-product","status-publish","has-post-thumbnail","hentry","product_cat-lilliputiens","product_cat-zabawki-do-kapieli","product_tag-bajki-do-czytania","product_tag-bianka","product_tag-quizy-dla-dzieci","product_tag-zagadki-trudne","product_tag-zaproszenia-urodzinowe-do-druku"],"_links":{"self":[{"href":"http:\/\/klubmamgdynia.pl\/index.php\/wp-json\/wp\/v2\/product\/9059","targetHints":{"allow":["GET"]}}],"collection":[{"href":"http:\/\/klubmamgdynia.pl\/index.php\/wp-json\/wp\/v2\/product"}],"about":[{"href":"http:\/\/klubmamgdynia.pl\/index.php\/wp-json\/wp\/v2\/types\/product"}],"replies":[{"embeddable":true,"href":"http:\/\/klubmamgdynia.pl\/index.php\/wp-json\/wp\/v2\/comments?post=9059"}],"wp:featuredmedia":[{"embeddable":true,"href":"http:\/\/klubmamgdynia.pl\/index.php\/wp-json\/wp\/v2\/media\/9060"}],"wp:attachment":[{"href":"http:\/\/klubmamgdynia.pl\/index.php\/wp-json\/wp\/v2\/media?parent=9059"}],"wp:term":[{"taxonomy":"product_cat","embeddable":true,"href":"http:\/\/klubmamgdynia.pl\/index.php\/wp-json\/wp\/v2\/product_cat?post=9059"},{"taxonomy":"product_tag","embeddable":true,"href":"http:\/\/klubmamgdynia.pl\/index.php\/wp-json\/wp\/v2\/product_tag?post=9059"}],"curies":[{"name":"wp","href":"https:\/\/api.w.org\/{rel}","templated":true}]}}