{"id":906,"date":"2023-07-12T02:30:10","date_gmt":"2023-07-12T00:30:10","guid":{"rendered":"http:\/\/klubmamgdynia.pl\/?post_type=product&#038;p=906"},"modified":"2026-04-03T22:23:32","modified_gmt":"2026-04-03T20:23:32","slug":"evomove-nomi-by-wielofunkcyjne-krzeselko-anthracite-premium-oiled-oak","status":"publish","type":"product","link":"http:\/\/klubmamgdynia.pl\/index.php\/produkt\/evomove-nomi-by-wielofunkcyjne-krzeselko-anthracite-premium-oiled-oak\/","title":{"rendered":"Evomove Nomi By Wielofunkcyjne Krzese\u0142ko Anthracite , Premium Oiled Oak"},"content":{"rendered":"<p>Nomi by Evomove \u2013 wielofunkcyjne krzese\u0142ko dzieci\u0119ce nowej generacjiNomi by Evomove to krzese\u0142ko, kt\u00f3re, przy wykorzystaniu odpowiednich akcesori\u00f3w, pos\u0142u\u017cy Twojemu maluszkowi od momentu narodzin a\u017c do doros\u0142o\u015bci. Jest to projekt Petera Opvsika \u2013 norweskiego in\u017cyniera i autora kultowego rozwi\u0105zania, jakim jest, rosn\u0105ce wraz z dzieckiem, krzes\u0142o Tripp Trapp. Przede wszystkim, Nomi charakteryzuje nowoczesny i wyj\u0105tkowy design, kt\u00f3ry doskonale wsp\u00f3\u0142gra z obecnie panuj\u0105cymi trendami. Jego specyficzna forma umo\u017cliwia dostosowywanie poszczeg\u00f3lnych element\u00f3w do potrzeb rosn\u0105cego dziecka bez wykorzystania \u017cadnych narz\u0119dzi. Na krzese\u0142ko Nomi w wersji podstawowej sk\u0142ada si\u0119, po pierwsze, trzon, wykonany z drewna bukowego fornirowanego drewnem d\u0119bowym lub orzechowym. Zapewnia on wytrzyma\u0142o\u015b\u0107, elastyczno\u015b\u0107 i trwa\u0142o\u015b\u0107 oraz mo\u017cliwo\u015b\u0107 idealnego dopasowania g\u0142\u0119boko\u015bci i wysoko\u015bci siedziska, jak r\u00f3wnie\u017c podn\u00f3\u017cka, dzi\u0119ki unikalnemu kszta\u0142towi. Po drugie, Nomi to tak\u017ce tzw. Color Set, czyli zestaw element\u00f3w takich jak podstawa trzonu, podn\u00f3\u017cek, siedzisko oraz oparcie, kt\u00f3re wyst\u0119puj\u0105 w wielu wariantach kolorystycznych. Wybierz ich barw\u0119 oraz rodzaj trzonu i ciesz si\u0119 krzese\u0142kiem, idealnie dopasowanym do Twojego domowego wn\u0119trza!Oferowany zestaw zawiera:podstaw\u0119 konstrukcji (trzon krzese\u0142ka Nomi), elementy bazowe (kolor krzese\u0142ka). Cechy krzese\u0142ka NomiNiepodwa\u017calnym atutem krzese\u0142ka Nomi by Evomove jest mo\u017cliwo\u015b\u0107 szybkiej, \u0142atwej oraz bezstopniowej regulacji zar\u00f3wno siedziska, jak i podn\u00f3\u017cka. Zrobisz to p\u0142ynnie przy pomocy ga\u0142ek zaciskowych, umieszczonych w centralnym frezie trzonu, kt\u00f3ry spe\u0142nia rol\u0119 osi. Dzi\u0119ki temu rozwi\u0105zaniu, Nomi zmienia si\u0119 wraz z dorastaj\u0105cym dzieckiem, zapewniaj\u0105c mu maksymalny komfort u\u017cytkowania. Dodatkowo, w podstaw\u0119 mebla wbudowano antyprzechy\u0142owe ko\u0142a, kt\u00f3re minimalizuj\u0105 ryzyko ewentualnego przewr\u00f3cenia si\u0119 krzese\u0142ka i nadaj\u0105 ca\u0142ej konstrukcji mobilno\u015bci. Na uwag\u0119 zas\u0142uguje tak\u017ce odpowiednie wsparcie dla ramion w siedzisku, zapewniaj\u0105ce swobod\u0119 ruch\u00f3w, jak r\u00f3wnie\u017c wypuk\u0142o\u015b\u0107 na podn\u00f3\u017cku, kt\u00f3ra umo\u017cliwia u\u0142o\u017cenie st\u00f3p w dw\u00f3ch pozycjach. Co wi\u0119cej, wszystkie materia\u0142y, z kt\u00f3rych powsta\u0142o Nomi, podlegaj\u0105 recyklingowi i s\u0105 odporne na wyj\u0105tkowo du\u017ce zabrudzenia i plamy. Ca\u0142a konstrukcja jest lekka (4.9 kg), ale solidna. Z powodzeniem wytrzyma obci\u0105\u017cenie do 150 kg. Warto tak\u017ce podkre\u015bli\u0107, \u017ce krzese\u0142ko gwarantuje 100% bezpiecze\u0144stwa, m.in. dzi\u0119ki nie luzuj\u0105cym si\u0119 \u015brubom TufLok oraz antypo\u015blizgowej powierzchni oparcia i podp\u00f3rki na n\u00f3\u017cki.Od noworodka do nastolatkaZa spraw\u0105 akcesori\u00f3w, kt\u00f3re mo\u017cna dokupi\u0107 oddzielnie, dostosujesz krzese\u0142ko do zmieniaj\u0105cych si\u0119 potrzeb swojej pociechy. Dla dzieci w grupie wiekowej 0-6 miesi\u0119cy Nomi pos\u0142u\u017cy jako le\u017caczek. Jest to mo\u017cliwe dzi\u0119ki dw\u00f3m elementom: Nomi Baby Base (skorupa le\u017caczka) i Nomi Baby Matress (materac le\u017caczka z pokrowcem i 5-punktowymi pasami bezpiecze\u0144stwa). Gdy tylko maluch zacznie podejmowa\u0107 pierwsze pr\u00f3by samodzielnego siadania, z pomoc\u0105 przyjdzie Nomi Mini, czyli barierka zabezpieczaj\u0105ca. Co istotne, to rozwi\u0105zanie pos\u0142u\u017cy Wam od oko\u0142o 6. do 24. miesi\u0105ca \u017cycia. W tym czasie warto tak\u017ce wyposa\u017cy\u0107 produkt w tack\u0119, kt\u00f3ra przemieni Nomi w krzese\u0142ko do karmienia i u\u0142atwi dziecku nauk\u0119 samodzielnego spo\u017cywania posi\u0142k\u00f3w. Dodatkowo, na tym etapie przydadz\u0105 si\u0119 r\u00f3wnie\u017c zwi\u0119kszaj\u0105ce bezpiecze\u0144stwo szelki. Z kolei starszaki, korzystaj\u0105ce z Nomi, z pewno\u015bci\u0105 doceni\u0105 poduszk\u0119, kt\u00f3ra nie tylko podniesie komfort siedzenia, ale tak\u017ce udoskonali design krzese\u0142ka.Postaw na wielofunkcyjne rozwi\u0105zanie od renomowanego projektanta i wyposa\u017c swojego maluszka w krzese\u0142ko Nomi by Evomove, kt\u00f3re zostanie z nim na d\u0142ugi czas!<\/p>\n<h2>Evomove Nomi By Wielofunkcyjne Krzese\u0142ko Anthracite , Premium Oiled Oak Evomove<\/h2>\n<p>zagadka, znaki drogowe quiz, ko\u0142ysanki dla dzieci + tekst, aurelia imi\u0119, pole dyniowe pozna\u0144, cytaty dziecko, zagadki dla dzieci 9-10 lat z odpowiedziami, kolorowanki do druku kotki, zadania logiczne dla dzieci, atrakcje wroc\u0142aw i okolice, mandala kolorowanka, test z lektury kajko i kokosz szko\u0142a latania, psi patrol kolorowanki, prezent dla nastolatk\u00f3w 2020, nastolatka, m.i.a., test asiunia, na roczek dla dziewczynki, place zabaw warszawa, znaczenie imiona justyna, cyferki do druku<\/p>\n<p>yyyyy<\/p>\n<p>&nbsp;<\/p>\n","protected":false},"excerpt":{"rendered":"<p>Nomi by Evomove \u2013 wielofunkcyjne krzese\u0142ko dzieci\u0119ce nowej generacjiNomi by Evomove to krzese\u0142ko, kt\u00f3re, przy wykorzystaniu odpowiednich akcesori\u00f3w, pos\u0142u\u017cy Twojemu maluszkowi od momentu narodzin a\u017c do doros\u0142o\u015bci. Jest to projekt Petera Opvsika \u2013 norweskiego in\u017cyniera i autora kultowego rozwi\u0105zania, jakim jest, rosn\u0105ce wraz z dzieckiem, krzes\u0142o Tripp Trapp. Przede wszystkim, Nomi charakteryzuje nowoczesny i wyj\u0105tkowy [&hellip;]<\/p>\n","protected":false},"featured_media":907,"comment_status":"closed","ping_status":"open","template":"","meta":[],"product_cat":[309,158],"product_tag":[668,863,644,633],"class_list":["post-906","product","type-product","status-publish","has-post-thumbnail","hentry","product_cat-evomove","product_cat-krzeselka-do-karmienia","product_tag-atrakcje-dla-dzieci-wroclaw","product_tag-bajki-dla-dziewczynek","product_tag-mia","product_tag-zagadki-z-odpowiedziami"],"_links":{"self":[{"href":"http:\/\/klubmamgdynia.pl\/index.php\/wp-json\/wp\/v2\/product\/906","targetHints":{"allow":["GET"]}}],"collection":[{"href":"http:\/\/klubmamgdynia.pl\/index.php\/wp-json\/wp\/v2\/product"}],"about":[{"href":"http:\/\/klubmamgdynia.pl\/index.php\/wp-json\/wp\/v2\/types\/product"}],"replies":[{"embeddable":true,"href":"http:\/\/klubmamgdynia.pl\/index.php\/wp-json\/wp\/v2\/comments?post=906"}],"wp:featuredmedia":[{"embeddable":true,"href":"http:\/\/klubmamgdynia.pl\/index.php\/wp-json\/wp\/v2\/media\/907"}],"wp:attachment":[{"href":"http:\/\/klubmamgdynia.pl\/index.php\/wp-json\/wp\/v2\/media?parent=906"}],"wp:term":[{"taxonomy":"product_cat","embeddable":true,"href":"http:\/\/klubmamgdynia.pl\/index.php\/wp-json\/wp\/v2\/product_cat?post=906"},{"taxonomy":"product_tag","embeddable":true,"href":"http:\/\/klubmamgdynia.pl\/index.php\/wp-json\/wp\/v2\/product_tag?post=906"}],"curies":[{"name":"wp","href":"https:\/\/api.w.org\/{rel}","templated":true}]}}