{"id":9061,"date":"2017-10-18T06:50:33","date_gmt":"2017-10-18T04:50:33","guid":{"rendered":"http:\/\/klubmamgdynia.pl\/index.php\/produkt\/dromader-czolg-m1a2-z-pakietem\/"},"modified":"2026-04-26T01:01:38","modified_gmt":"2026-04-25T23:01:38","slug":"dromader-czolg-m1a2-z-pakietem","status":"publish","type":"product","link":"http:\/\/klubmamgdynia.pl\/index.php\/produkt\/dromader-czolg-m1a2-z-pakietem\/","title":{"rendered":"Dromader Czo\u0142g M1A2 z pakietem"},"content":{"rendered":"<p>Zdalnie sterowany czo\u0142g model M1A2 (Abrams) Pe\u0142en zakres funkcji Je\u017adzi, strzela (dwa tryby &#8211; strza\u0142 z lufy i strza\u0142 z karabinu maszynowego) W przypadku posiadania dw\u00f3ch czo\u0142g\u00f3w (musz\u0105 pracowa\u0107 na ro\u017cnych cz\u0119stotliwo\u015bciach) jest mo\u017aliwo\u015b\u0107 pojedynkowania si\u0119 Ka\u017cdy czo\u0142g posiada wska\u017anik &#8222;\u017cycia&#8221; W zestawie instrukcja w j\u0119zyku polskim, kt\u00f3ra w \u0142atwy spos\u00f3b wyja\u015bnia szczeg\u00f3\u0142y przeprowadzenia interaktywnej bitwy czo\u0142g\u00f3w W zestawie baterie z \u0142adowark\u0105<\/p>\n<h2>Dromader Czo\u0142g M1A2 z pakietem Dromader<\/h2>\n<p>samolot kolorowanka, pytania zagadki, zabawy dla 6 latk\u00f3w, andrzejki kolorowanki do druku, dziwne zagadki, quiz minecraft, sybilla, prezent dla pi\u0119tnastolatka, literki do pisania do druku, nauka zegara do druku, bajki terapeutyczne o emocjach, test z tajemniczego ogrodu, pani wiosna do druku, cytat z kubusia puchatka o mi\u0142o\u015bci, test czerwone krzes\u0142o<\/p>\n<p>yyyyy<\/p>\n<p>&nbsp;<\/p>\n","protected":false},"excerpt":{"rendered":"<p>Zdalnie sterowany czo\u0142g model M1A2 (Abrams) Pe\u0142en zakres funkcji Je\u017adzi, strzela (dwa tryby &#8211; strza\u0142 z lufy i strza\u0142 z karabinu maszynowego) W przypadku posiadania dw\u00f3ch czo\u0142g\u00f3w (musz\u0105 pracowa\u0107 na ro\u017cnych cz\u0119stotliwo\u015bciach) jest mo\u017aliwo\u015b\u0107 pojedynkowania si\u0119 Ka\u017cdy czo\u0142g posiada wska\u017anik &#8222;\u017cycia&#8221; W zestawie instrukcja w j\u0119zyku polskim, kt\u00f3ra w \u0142atwy spos\u00f3b wyja\u015bnia szczeg\u00f3\u0142y przeprowadzenia interaktywnej [&hellip;]<\/p>\n","protected":false},"featured_media":9062,"comment_status":"closed","ping_status":"open","template":"","meta":[],"product_cat":[83,60],"product_tag":[772,781,596,693],"class_list":["post-9061","product","type-product","status-publish","has-post-thumbnail","hentry","product_cat-auta-i-inne-pojazdy-do-zabawy","product_cat-dromader","product_tag-45-panstw-europy-i-ich-stolice-quiz","product_tag-cytaty-o-wychowaniu-dzieci","product_tag-pomysly-na-prima-aprilis","product_tag-zagadki-dla-doroslych"],"_links":{"self":[{"href":"http:\/\/klubmamgdynia.pl\/index.php\/wp-json\/wp\/v2\/product\/9061","targetHints":{"allow":["GET"]}}],"collection":[{"href":"http:\/\/klubmamgdynia.pl\/index.php\/wp-json\/wp\/v2\/product"}],"about":[{"href":"http:\/\/klubmamgdynia.pl\/index.php\/wp-json\/wp\/v2\/types\/product"}],"replies":[{"embeddable":true,"href":"http:\/\/klubmamgdynia.pl\/index.php\/wp-json\/wp\/v2\/comments?post=9061"}],"wp:featuredmedia":[{"embeddable":true,"href":"http:\/\/klubmamgdynia.pl\/index.php\/wp-json\/wp\/v2\/media\/9062"}],"wp:attachment":[{"href":"http:\/\/klubmamgdynia.pl\/index.php\/wp-json\/wp\/v2\/media?parent=9061"}],"wp:term":[{"taxonomy":"product_cat","embeddable":true,"href":"http:\/\/klubmamgdynia.pl\/index.php\/wp-json\/wp\/v2\/product_cat?post=9061"},{"taxonomy":"product_tag","embeddable":true,"href":"http:\/\/klubmamgdynia.pl\/index.php\/wp-json\/wp\/v2\/product_tag?post=9061"}],"curies":[{"name":"wp","href":"https:\/\/api.w.org\/{rel}","templated":true}]}}