{"id":9063,"date":"2014-04-20T21:51:53","date_gmt":"2014-04-20T19:51:53","guid":{"rendered":"http:\/\/klubmamgdynia.pl\/index.php\/produkt\/gra-planszowa-nurnberger-spielkarten-qwixx-duell-wurfelspiel-wersja-niemiecka\/"},"modified":"2026-05-17T22:03:11","modified_gmt":"2026-05-17T20:03:11","slug":"gra-planszowa-nurnberger-spielkarten-qwixx-duell-wurfelspiel-wersja-niemiecka","status":"publish","type":"product","link":"http:\/\/klubmamgdynia.pl\/index.php\/produkt\/gra-planszowa-nurnberger-spielkarten-qwixx-duell-wurfelspiel-wersja-niemiecka\/","title":{"rendered":"Gra planszowa N\u00fcrnberger-Spielkarten Qwixx Duell. W\u00fcrfelspiel (wersja niemiecka)"},"content":{"rendered":"<p>Wie gro\u00dfartig Steffen Benndorfs preisgekr\u00f6ntes W\u00fcrfelspiel Qwixx ist, zeigt sich einmal mehr bei dieser Duell-Version, die mit einem v\u00f6llig neuen Clou aufwartet. Der vorderste Stein einer jeden Reihe kann vom Gegner geschlagen werden &#8211; und der Besitzer eines vordersten Steines darf darauf einen Turm errichten! Es wird munter angegriffen und verteidigt, rausgeworfen und vorgeprescht, und stets bleibt es spannend bis zum Schluss. So einfach! So genial!<\/p>\n<h2>Gra planszowa N\u00fcrnberger-Spielkarten Qwixx Duell. W\u00fcrfelspiel (wersja niemiecka) <\/h2>\n<p>prima aprilis zarty, traktor z przyczep\u0105 kolorowanka, nauka polskiego dla dzieci z ukrainy, quiz z bajek, quizy o koniach, quiz o dinozaurach, jak namalowa\u0107 kota, plac zabaw pozna\u0144, wyci\u0119cia szablon korony do druku, quiz pi\u0142karski, julian znaczenie, zabawy tematyczne przyk\u0142ady, \u017carty prima aprilis, ninjago kolorowanka, krok jak narysowa\u0107 konia, zabawy dla 5-6 latk\u00f3w, kolorowanka piesek, jak narysowac kota, kolorowanki jesie\u0144 do druku, ma\u0142y ksi\u0105\u017c\u0119 cytaty<\/p>\n<p>yyyyy<\/p>\n<p>&nbsp;<\/p>\n","protected":false},"excerpt":{"rendered":"<p>Wie gro\u00dfartig Steffen Benndorfs preisgekr\u00f6ntes W\u00fcrfelspiel Qwixx ist, zeigt sich einmal mehr bei dieser Duell-Version, die mit einem v\u00f6llig neuen Clou aufwartet. Der vorderste Stein einer jeden Reihe kann vom Gegner geschlagen werden &#8211; und der Besitzer eines vordersten Steines darf darauf einen Turm errichten! Es wird munter angegriffen und verteidigt, rausgeworfen und vorgeprescht, und [&hellip;]<\/p>\n","protected":false},"featured_media":9064,"comment_status":"closed","ping_status":"open","template":"","meta":[],"product_cat":[235],"product_tag":[792,719,578,818,814],"class_list":["post-9063","product","type-product","status-publish","has-post-thumbnail","hentry","product_cat-gry-planszowe","product_tag-cytaty-o-mamie","product_tag-dziecko-cytaty-zlote-mysli","product_tag-fajne-zarty-na-prima-aprilis","product_tag-oliwier","product_tag-prezenty-dla-nastolatek"],"_links":{"self":[{"href":"http:\/\/klubmamgdynia.pl\/index.php\/wp-json\/wp\/v2\/product\/9063","targetHints":{"allow":["GET"]}}],"collection":[{"href":"http:\/\/klubmamgdynia.pl\/index.php\/wp-json\/wp\/v2\/product"}],"about":[{"href":"http:\/\/klubmamgdynia.pl\/index.php\/wp-json\/wp\/v2\/types\/product"}],"replies":[{"embeddable":true,"href":"http:\/\/klubmamgdynia.pl\/index.php\/wp-json\/wp\/v2\/comments?post=9063"}],"wp:featuredmedia":[{"embeddable":true,"href":"http:\/\/klubmamgdynia.pl\/index.php\/wp-json\/wp\/v2\/media\/9064"}],"wp:attachment":[{"href":"http:\/\/klubmamgdynia.pl\/index.php\/wp-json\/wp\/v2\/media?parent=9063"}],"wp:term":[{"taxonomy":"product_cat","embeddable":true,"href":"http:\/\/klubmamgdynia.pl\/index.php\/wp-json\/wp\/v2\/product_cat?post=9063"},{"taxonomy":"product_tag","embeddable":true,"href":"http:\/\/klubmamgdynia.pl\/index.php\/wp-json\/wp\/v2\/product_tag?post=9063"}],"curies":[{"name":"wp","href":"https:\/\/api.w.org\/{rel}","templated":true}]}}