{"id":9065,"date":"2017-09-12T15:30:22","date_gmt":"2017-09-12T13:30:22","guid":{"rendered":"http:\/\/klubmamgdynia.pl\/index.php\/produkt\/pan-patyk-kolejka-z-zestawem\/"},"modified":"2026-05-17T22:49:47","modified_gmt":"2026-05-17T20:49:47","slug":"pan-patyk-kolejka-z-zestawem","status":"publish","type":"product","link":"http:\/\/klubmamgdynia.pl\/index.php\/produkt\/pan-patyk-kolejka-z-zestawem\/","title":{"rendered":"Pan Patyk Kolejka Z Zestawem"},"content":{"rendered":"<p>Opis szczeg\u00f3\u0142owyKolejka drewniana, 46 element\u00f3w, dla dzieci powy\u017cej 3 latParametry produktuTypDo sk\u0142adania, DrewnianeDla dzieci w wieku od3 lataD\u0142ugo\u015b\u0107 kolejki40 cmD\u0142ugo\u015b\u0107 tor\u00f3w1,5 mU\u017cyte materia\u0142yDrewno, MetalW zestawieElementy krajobrazu, Drzewa, Figurki ludzi, Figurki zwierz\u0105tGwarancjaTakLiczba element\u00f3w w zestawie46 szt.Waga jednostkowa brutto1,2 kgWaga brutto1,2 kgKod CN9503 00 39Minimalna ilo\u015b\u0107 zam\u00f3wienia1 szt.Wymiar opakowania (SxWxG)36 x 21 x 8 cmLiczba opakowa\u0144 konsumenckich1 szt.Kr\u00f3tki opis marketingowyKolejka drewniana 46 element\u00f3wTyp opakowania konsumenckiegoKarton powlekanyLiczba wagon\u00f3w3Okres gwarancji24 mies.Opakowanie recyklingoweTakOpakowanie displayNie<\/p>\n<h2>Pan Patyk Kolejka Z Zestawem Pan Patyk<\/h2>\n<p>imi\u0119 adriana, przysz\u0142a zima bia\u0142a, aurelia, szlaczki literopodobne do wydruku, prezent na roczek od babci, esmeralda, liwia imi\u0119, jak zrobi\u0107 wulkan<\/p>\n<p>yyyyy<\/p>\n<p>&nbsp;<\/p>\n","protected":false},"excerpt":{"rendered":"<p>Opis szczeg\u00f3\u0142owyKolejka drewniana, 46 element\u00f3w, dla dzieci powy\u017cej 3 latParametry produktuTypDo sk\u0142adania, DrewnianeDla dzieci w wieku od3 lataD\u0142ugo\u015b\u0107 kolejki40 cmD\u0142ugo\u015b\u0107 tor\u00f3w1,5 mU\u017cyte materia\u0142yDrewno, MetalW zestawieElementy krajobrazu, Drzewa, Figurki ludzi, Figurki zwierz\u0105tGwarancjaTakLiczba element\u00f3w w zestawie46 szt.Waga jednostkowa brutto1,2 kgWaga brutto1,2 kgKod CN9503 00 39Minimalna ilo\u015b\u0107 zam\u00f3wienia1 szt.Wymiar opakowania (SxWxG)36 x 21 x 8 cmLiczba opakowa\u0144 konsumenckich1 [&hellip;]<\/p>\n","protected":false},"featured_media":9066,"comment_status":"closed","ping_status":"open","template":"","meta":[],"product_cat":[1784,141],"product_tag":[630,705,843],"class_list":["post-9065","product","type-product","status-publish","has-post-thumbnail","hentry","product_cat-pan-patyk","product_cat-parkingi-garaze-i-tory-wyscigowe","product_tag-podchwytliwe-zagadki-z-odpowiedziami","product_tag-prezent-na-roczek-dla-chlopca","product_tag-smieszne-zagadki-dla-dzieci"],"_links":{"self":[{"href":"http:\/\/klubmamgdynia.pl\/index.php\/wp-json\/wp\/v2\/product\/9065","targetHints":{"allow":["GET"]}}],"collection":[{"href":"http:\/\/klubmamgdynia.pl\/index.php\/wp-json\/wp\/v2\/product"}],"about":[{"href":"http:\/\/klubmamgdynia.pl\/index.php\/wp-json\/wp\/v2\/types\/product"}],"replies":[{"embeddable":true,"href":"http:\/\/klubmamgdynia.pl\/index.php\/wp-json\/wp\/v2\/comments?post=9065"}],"wp:featuredmedia":[{"embeddable":true,"href":"http:\/\/klubmamgdynia.pl\/index.php\/wp-json\/wp\/v2\/media\/9066"}],"wp:attachment":[{"href":"http:\/\/klubmamgdynia.pl\/index.php\/wp-json\/wp\/v2\/media?parent=9065"}],"wp:term":[{"taxonomy":"product_cat","embeddable":true,"href":"http:\/\/klubmamgdynia.pl\/index.php\/wp-json\/wp\/v2\/product_cat?post=9065"},{"taxonomy":"product_tag","embeddable":true,"href":"http:\/\/klubmamgdynia.pl\/index.php\/wp-json\/wp\/v2\/product_tag?post=9065"}],"curies":[{"name":"wp","href":"https:\/\/api.w.org\/{rel}","templated":true}]}}