{"id":9067,"date":"2023-01-11T23:33:17","date_gmt":"2023-01-11T22:33:17","guid":{"rendered":"http:\/\/klubmamgdynia.pl\/?post_type=product&#038;p=9067"},"modified":"2026-04-06T02:48:08","modified_gmt":"2026-04-06T00:48:08","slug":"mega-creative-tor-samoch-met-akc-51x31x7-wb-18","status":"publish","type":"product","link":"http:\/\/klubmamgdynia.pl\/index.php\/produkt\/mega-creative-tor-samoch-met-akc-51x31x7-wb-18\/","title":{"rendered":"Mega Creative Tor Samoch Met Akc 51X31X7 Wb 18"},"content":{"rendered":"<h2>Mega Creative Tor Samoch Met Akc 51X31X7 Wb 18 Mega Creative<\/h2>\n<p>milena, \u017carty na prima aprilis dla ch\u0142opaka, roczek prezent, choinko pi\u0119kna jak las tekst, zagadki podchwytliwe, test asiunia, kolorowanki lego friends, zabawy logiczne dla dzieci, imi\u0119 alan, prezent na dzien dziecka 7 lat, quiz opowie\u015bci z narnii, zagadki logiczne dla doros\u0142ych, prezent dla rocznej dziewczynki, wiersz na wielkanocnym stole, r\u0119cznie robione jak zrobi\u0107 kartk\u0119 walentynkow\u0105, jak narysowa\u0107 psa, prezenty na roczek dla dziewczynki, plac zabaw warszawa, marianna imi\u0119, gry i zabawy dla dzieci, kolorowanka uk\u0142ad s\u0142oneczny dla dzieci do druku<\/p>\n<p>yyyyy<\/p>\n<p>&nbsp;<\/p>\n","protected":false},"excerpt":{"rendered":"<p>Mega Creative Tor Samoch Met Akc 51X31X7 Wb 18 Mega Creative milena, \u017carty na prima aprilis dla ch\u0142opaka, roczek prezent, choinko pi\u0119kna jak las tekst, zagadki podchwytliwe, test asiunia, kolorowanki lego friends, zabawy logiczne dla dzieci, imi\u0119 alan, prezent na dzien dziecka 7 lat, quiz opowie\u015bci z narnii, zagadki logiczne dla doros\u0142ych, prezent dla rocznej [&hellip;]<\/p>\n","protected":false},"featured_media":9068,"comment_status":"closed","ping_status":"open","template":"","meta":[],"product_cat":[64,141],"product_tag":[662,716,852,612],"class_list":["post-9067","product","type-product","status-publish","has-post-thumbnail","hentry","product_cat-mega-creative","product_cat-parkingi-garaze-i-tory-wyscigowe","product_tag-bajki-na-dobranoc","product_tag-filmy-animowane-o-swietach","product_tag-jak-zrobic-samolot-z-papieru","product_tag-kolorowanki-do-druku"],"_links":{"self":[{"href":"http:\/\/klubmamgdynia.pl\/index.php\/wp-json\/wp\/v2\/product\/9067","targetHints":{"allow":["GET"]}}],"collection":[{"href":"http:\/\/klubmamgdynia.pl\/index.php\/wp-json\/wp\/v2\/product"}],"about":[{"href":"http:\/\/klubmamgdynia.pl\/index.php\/wp-json\/wp\/v2\/types\/product"}],"replies":[{"embeddable":true,"href":"http:\/\/klubmamgdynia.pl\/index.php\/wp-json\/wp\/v2\/comments?post=9067"}],"wp:featuredmedia":[{"embeddable":true,"href":"http:\/\/klubmamgdynia.pl\/index.php\/wp-json\/wp\/v2\/media\/9068"}],"wp:attachment":[{"href":"http:\/\/klubmamgdynia.pl\/index.php\/wp-json\/wp\/v2\/media?parent=9067"}],"wp:term":[{"taxonomy":"product_cat","embeddable":true,"href":"http:\/\/klubmamgdynia.pl\/index.php\/wp-json\/wp\/v2\/product_cat?post=9067"},{"taxonomy":"product_tag","embeddable":true,"href":"http:\/\/klubmamgdynia.pl\/index.php\/wp-json\/wp\/v2\/product_tag?post=9067"}],"curies":[{"name":"wp","href":"https:\/\/api.w.org\/{rel}","templated":true}]}}