{"id":9071,"date":"2013-01-03T21:16:01","date_gmt":"2013-01-03T20:16:01","guid":{"rendered":"http:\/\/klubmamgdynia.pl\/index.php\/produkt\/need-for-speed-most-wanted-gra-pc\/"},"modified":"2026-04-03T19:40:11","modified_gmt":"2026-04-03T17:40:11","slug":"need-for-speed-most-wanted-gra-pc","status":"publish","type":"product","link":"http:\/\/klubmamgdynia.pl\/index.php\/produkt\/need-for-speed-most-wanted-gra-pc\/","title":{"rendered":"Need for Speed Most Wanted (Gra PC)"},"content":{"rendered":"<p>Poczuj unosz\u0105cy si\u0119 w powietrzu zapach spalonego asfaltu oraz emocje towarzysz\u0105ce nielegalnym wy\u015bcigom.<\/p>\n<p>Gra Need for Speed Most Wanted, autorstwa tw\u00f3rc\u00f3w znakomitej serii Need for Speed\u2122 Underground, to niepowtarzalna szansa zdobycia tytu\u0142u najlepszego i najbardziej nieuchwytnego kierowcy wy\u015bcigowego. Need for Speed Most Wanted to wyj\u0105tkowy klimat nielegalnych wy\u015bcig\u00f3w, mo\u017cliwo\u015b\u0107 zaawansowanego tuningu pojazd\u00f3w, a tak\u017ce dynamiczne sceny policyjnych po\u015bcig\u00f3w, zdecydowanie bardziej efektowne od tych znanych z najlepszych film\u00f3w Hollywood. Ju\u017c jesieni\u0105 \u017caden szanuj\u0105cy si\u0119 gracz nie b\u0119dzie m\u00f3g\u0142 obej\u015b\u0107 si\u0119 bez tej pozycji. Prze\u015bcigaj rywali, uciekaj policji i wykorzystuj na swoj\u0105 korzy\u015b\u0107 setki kilometr\u00f3w otwartych tras, by wspi\u0105\u0107 si\u0119 na sam szczyt Czarnej Listy.                            <\/p>\n<p>            Aby zyska\u0107 miano najlepszego i najbardziej nieuchwytnego kierowcy, gracze b\u0119d\u0105 musieli zdoby\u0107 szacunek na ulicach i powi\u0119kszy\u0107 obj\u0119to\u015b\u0107 swojej policyjnej kartoteki.<\/p>\n<p>Konieczny b\u0119dzie udzia\u0142 w, mro\u017c\u0105cych krew w \u017cy\u0142ach, wy\u015bcigach jeden-na-jeden z czo\u0142owymi kierowcami miasta. Nie obejdzie si\u0119 bez stosowania umiej\u0119tnych unik\u00f3w i manewr\u00f3w, bo tylko w ten spos\u00f3b mo\u017cna uciec patroluj\u0105cej \u015bwiat gry policji. Kierowcy b\u0119d\u0105 musieli poradzi\u0107 sobie z policyjnymi ob\u0142awami, stosuj\u0105c w tym celu rozmaite strategie trzymania gliniarzy na odleg\u0142o\u015b\u0107. W tej grze wszelkich rywali nale\u017cy zostawia\u0107 z ty\u0142u. Niech nawdychaj\u0105 si\u0119 spalin&#8230; Need for Speed Most Wanted to imponuj\u0105cy wyb\u00f3r najmodniejszych samochod\u00f3w, od tuningowanych maszyn a\u017c po super samochody. W tej grze osi\u0105gi ulubionego pojazdu mo\u017cna dostosowa\u0107 w dowolny spos\u00f3b, tak by m\u00f3g\u0142 on sprosta\u0107 ka\u017cdemu konkurentowi. Jesieni\u0105 ulice b\u0119d\u0105 nale\u017ce\u0107 do Ciebie.<\/p>\n<h2>Need for Speed Most Wanted (Gra PC) EA Games<\/h2>\n<p>super zings kolorowanki, prezenty na urodziny dla nastolatk\u00f3w, zagdki, opowie\u015bci z narni test, prezenty na roczek dla ch\u0142opca, peppa kolorowanka do druku, felix net i nika oraz gang niewidzialnych ludzi quiz, lol kolorowanki, test z lektury opowie\u015bci z narnii lew czarownica i stara szafa z odpowiedziami, eksperymenty dla dzieci wulkan<\/p>\n<p>yyyyy<\/p>\n<p>&nbsp;<\/p>\n","protected":false},"excerpt":{"rendered":"<p>Poczuj unosz\u0105cy si\u0119 w powietrzu zapach spalonego asfaltu oraz emocje towarzysz\u0105ce nielegalnym wy\u015bcigom. Gra Need for Speed Most Wanted, autorstwa tw\u00f3rc\u00f3w znakomitej serii Need for Speed\u2122 Underground, to niepowtarzalna szansa zdobycia tytu\u0142u najlepszego i najbardziej nieuchwytnego kierowcy wy\u015bcigowego. Need for Speed Most Wanted to wyj\u0105tkowy klimat nielegalnych wy\u015bcig\u00f3w, mo\u017cliwo\u015b\u0107 zaawansowanego tuningu pojazd\u00f3w, a tak\u017ce dynamiczne [&hellip;]<\/p>\n","protected":false},"featured_media":9072,"comment_status":"closed","ping_status":"open","template":"","meta":[],"product_cat":[247,222],"product_tag":[783,726,840],"class_list":["post-9071","product","type-product","status-publish","has-post-thumbnail","hentry","product_cat-ea-games","product_cat-gry-pc","product_tag-prezenty-na-roczek-dla-chlopca","product_tag-quiz-zemsta","product_tag-stare-bajki"],"_links":{"self":[{"href":"http:\/\/klubmamgdynia.pl\/index.php\/wp-json\/wp\/v2\/product\/9071","targetHints":{"allow":["GET"]}}],"collection":[{"href":"http:\/\/klubmamgdynia.pl\/index.php\/wp-json\/wp\/v2\/product"}],"about":[{"href":"http:\/\/klubmamgdynia.pl\/index.php\/wp-json\/wp\/v2\/types\/product"}],"replies":[{"embeddable":true,"href":"http:\/\/klubmamgdynia.pl\/index.php\/wp-json\/wp\/v2\/comments?post=9071"}],"wp:featuredmedia":[{"embeddable":true,"href":"http:\/\/klubmamgdynia.pl\/index.php\/wp-json\/wp\/v2\/media\/9072"}],"wp:attachment":[{"href":"http:\/\/klubmamgdynia.pl\/index.php\/wp-json\/wp\/v2\/media?parent=9071"}],"wp:term":[{"taxonomy":"product_cat","embeddable":true,"href":"http:\/\/klubmamgdynia.pl\/index.php\/wp-json\/wp\/v2\/product_cat?post=9071"},{"taxonomy":"product_tag","embeddable":true,"href":"http:\/\/klubmamgdynia.pl\/index.php\/wp-json\/wp\/v2\/product_tag?post=9071"}],"curies":[{"name":"wp","href":"https:\/\/api.w.org\/{rel}","templated":true}]}}