{"id":9073,"date":"2013-05-13T07:51:47","date_gmt":"2013-05-13T05:51:47","guid":{"rendered":"http:\/\/klubmamgdynia.pl\/index.php\/produkt\/kingsmith-treadmill-trk12f\/"},"modified":"2026-04-30T02:38:05","modified_gmt":"2026-04-30T00:38:05","slug":"kingsmith-treadmill-trk12f","status":"publish","type":"product","link":"http:\/\/klubmamgdynia.pl\/index.php\/produkt\/kingsmith-treadmill-trk12f\/","title":{"rendered":"Kingsmith Treadmill Trk12F"},"content":{"rendered":"<p>Kingsmith Treadmill Trk12F<\/p>\n<p>Bie\u017cnia Kingsmith<br \/>\nTreadmill K12 German IF Design Award | 2w1: marsz i bieg | szybkie sk\u0142adanie |<br \/>\nkonstrukcja niewymagaj\u0105ca monta\u017cu | absorbcja wstrz\u0105s\u00f3w | automatyczna zmiana<br \/>\npr\u0119dko\u015bci za pomoc\u0105 wbudowanego czujnika tempa Bie\u017cnia elektryczna Kingsmith<br \/>\nTreadmill K12 Kingsmith, najnowszy model<br \/>\nbie\u017cni &#8211; genialn\u0105 w swej prostocie, innowacyjn\u0105 konstrukcj\u0119, dzi\u0119ki czemu teraz<br \/>\nka\u017cdy mo\u017ce cieszy\u0107 si\u0119 zdrowym, sportowym stylem \u017cycia we w\u0142asnym domu lub<br \/>\nmieszkaniu, niezale\u017cnie od metra\u017cu i powierzchni.Misja Marki Kingsmith Zgodnie z misj\u0105 marki<br \/>\n&#8222;Spraw, by wi\u0119cej ludzi pokocha\u0142o zdrowe \u017cycie sportowe&#8221;, Kingsmith<br \/>\nstara si\u0119 tworzy\u0107 innowacyjne, nowoczesne produkty fitness dla ca\u0142ej rodziny,<br \/>\nzapewniaj\u0105c programy sportowe i fitness w ograniczonych warunkach, i czasie. Ma<br \/>\nto na celu rozwi\u0105za\u0107 problem zabieganych mieszka\u0144c\u00f3w miast. Dzi\u0119ki<br \/>\nprofesjonalnym urz\u0105dzeniom do \u0107wicze\u0144 w domu od Kingsmith mo\u017cna poprawi\u0107<br \/>\nzdrowie i utrzyma\u0107 je w dobrej kondycji poprzez lekkie \u0107wiczenia w ka\u017cdej<br \/>\nwolnej chwili.                            <\/p>\n<p>Bie\u017cnia, kt\u00f3ra dostosowuje si\u0119<br \/>\ndo Twojego rytmu Inteligentny system wykrywania krok\u00f3w w trybie Automatycznym,<br \/>\nzastosowanym w nowej bie\u017cni elektrycznej Kingsmith K12, sprawia, \u017ce urz\u0105dzenie<br \/>\nsamo dostosowuje pr\u0119dko\u015b\u0107 do Twojego aktualnego tempa. Gdy czujnik wykryje ruch<br \/>\nw przedniej strefie &#8211; przyspiesza, w strefie \u015brodkowej &#8211; utrzymuje sta\u0142\u0105<br \/>\npr\u0119dko\u015b\u0107, natomiast w tylnej &#8211; zwalnia, a nast\u0119pnie zatrzymuje si\u0119<br \/>\nautomatycznie. Biegaj tak, jak robisz to zazwyczaj na drodze! Jedno urz\u0105dzenie<br \/>\ndo spacer\u00f3w i biegania Bie\u017cnia elektryczna Kingsmith Treadmill K12 pogodzi<br \/>\nzar\u00f3wno pocz\u0105tkuj\u0105cych, jak i ju\u017c do\u015bwiadczonych biegaczy. Co wi\u0119cej, sprawdzi<br \/>\nsi\u0119 dzi\u0119ki temu nie tylko na pocz\u0105tku przygody z bieganiem, ale b\u0119dzie idealnym<br \/>\ntowarzyszem przez ca\u0142y czas &#8211; niezale\u017cnie od tego ile czasu na bie\u017cni ju\u017c za<br \/>\nTob\u0105! Do spokojniejszych spacer\u00f3w (do 6 km\/h) sprawdzi si\u0119 z\u0142o\u017cona bie\u017cnia, po<br \/>\nroz\u0142o\u017ceniu uchwytu-barierki urz\u0105dzenie przestawi si\u0119 w szybszy tryb,<br \/>\npozwalaj\u0105cy na bieg do 12 km\/h. Domowa bie\u017cnia oszcz\u0119dzaj\u0105ca miejsce Dzi\u0119ki<br \/>\nmo\u017cliwo\u015bci z\u0142o\u017cenia por\u0119czy, bie\u017cnia Kingsmith Treadmill K12 staje si\u0119 bardzo<br \/>\nkompaktowa i mobilna. Grubo\u015b\u0107 139 mm pozwala na przechowywanie urz\u0105dzenia w<br \/>\ntakich miejscach jak wolna przestrze\u0144 pod kanap\u0105\/\u0142\u00f3\u017ckiem, za szaf\u0105 czy na<br \/>\nbalkonie. Wsz\u0119dzie tam, gdzie nie b\u0119dzie nikomu przeszkadza\u0107 i rzuca\u0107 si\u0119 w oczy.<br \/>\nW razie potrzeby bie\u017cni\u0119 mo\u017cna swobodnie przenie\u015b\u0107 w po\u017c\u0105dane miejsce, co<br \/>\nu\u0142atwiaj\u0105 wbudowane w podstaw\u0119 k\u00f3\u0142ka.\u00a0                            <\/p>\n<p>Intuicyjna, bezprzewodowa<br \/>\nobs\u0142uga za pomoc\u0105 pilota W trybie Manualnym u\u017cytkownik mo\u017ce sterowa\u0107 bie\u017cni\u0105 za<br \/>\npomoc\u0105 wygodnego, zdalnego pilota, wyposa\u017conego we wbudowane, wyt\u0142aczane<br \/>\nprzyciski, dzi\u0119ki czemu s\u0105 one \u0142atwiej wyczuwalne dla d\u0142oni. Opr\u00f3cz tego pilot<br \/>\nposiada ma\u0142y wy\u015bwietlacz LED a w zestawie znajduje si\u0119 tak\u017ce silikonowy pasek,<br \/>\nkt\u00f3ry mo\u017cna za\u0142o\u017cy\u0107 na r\u0119k\u0119 w czasie treningu. Za pomoc\u0105 pilota mo\u017cna<br \/>\nw\u0142\u0105czy\u0107\/wy\u0142\u0105czy\u0107 bie\u017cni\u0119, zwi\u0119kszy\u0107 lub zmniejszy\u0107 pr\u0119dko\u015b\u0107 pracy urz\u0105dzenia a<br \/>\ntak\u017ce prze\u0142\u0105cza\u0107 si\u0119 mi\u0119dzy trybem Automatycznym i Manualnym. To \u0142atwe jak<br \/>\nprze\u0142\u0105czanie kana\u0142u w TV! Wsp\u00f3\u0142praca z aplikacj\u0105 mobiln\u0105 Korzystanie z<br \/>\naplikacji KS Record umo\u017cliwia przegl\u0105danie zapisanych danych takich jak czas<br \/>\ntreningu, przebyty dystans, \u015brednia pr\u0119dko\u015b\u0107 czy ilo\u015b\u0107 spalonych kalorii. W<br \/>\npor\u0119czy bie\u017cni znajduje si\u0119 uchwyt na urz\u0105dzenia mobilne u\u0142atwiaj\u0105cy trening z<br \/>\ntelefonem. Zawsze bezpiecznie Bie\u017cnia zaprojektowana zosta\u0142a z my\u015bl\u0105 o<br \/>\nbezpiecznym bieganiu. Pocz\u0105wszy od niewielkiej wysoko\u015bci wynosz\u0105cej 53 mm,<br \/>\nsko\u0144czywszy na inteligentnym oprogramowaniu, takim jak: mo\u017cliwo\u015b\u0107 ustawienia<br \/>\nlimitu pr\u0119dko\u015bci, blokady przed przypadkowym uruchomieniem, czujnikiem przeci\u0105\u017cenia<br \/>\nczy przej\u015bcie w tryb auto stand-by po 10 minutach bezczynno\u015bci.<br \/>\n&#8222;Turbo&#8221; do\u0142adowany, bezszczotkowy silnik &#8211; niemiecka precyzja<br \/>\ndedykowana bie\u017cniom Bezszczotkowy silnik z zewn\u0119trznym rotorem, o zmiennej<br \/>\ncz\u0119stotliwo\u015bci pracy, dostarcza tyle mocy co turbo do\u0142adowana jednostka<br \/>\nnap\u0119dowa. Silnik zapewnia p\u0142ynn\u0105 i cich\u0105 prac\u0119 bie\u017cni przy jednoczesnym niskim<br \/>\nzu\u017cyciu energii.                            <\/p>\n<p>Cechy Maksymalna waga u\u017cytkownika: 120 kg<br \/>\nMinimalna pr\u0119dko\u015b\u0107: 0,8 km\/h Maksymalna pr\u0119dko\u015b\u0107: 12 km\/h Mo\u017cliwo\u015b\u0107 z\u0142o\u017cenia:<br \/>\nTak Liczba program\u00f3w: 2 Wy\u015bwietlone parametry treningu:<br \/>\nCzas,Dystans,Kalorie,Pr\u0119dko\u015b\u0107,Step counter Kolor produktu: Antracyt, Czarny<br \/>\nKorekta nachylenia: Nie Bluetooth: Tak \u0141atwy do z\u0142o\u017cenia: Tak Szybki start: Tak<br \/>\nUstawienia manualne: Tak Uchwyt na smartfon\/tablet: Tak Wzrost u\u017cytkownika:<br \/>\nDowolny Rodzaj sterowania: Pilot zdalnego sterowania,Za pomoc\u0105 aplikacji<br \/>\nProgramy treningu: Bieg,Spacer Konstrukcja Uchwyty: Tak Moc Napi\u0119cie wej\u015bciowe<br \/>\nAC: 220-240 V Cz\u0119stotliwo\u015b\u0107 wej\u015bciowa AC: 50-60 Hz Moc znaminowa: 746 W Waga i<br \/>\nrozmiary Szeroko\u015b\u0107 produktu: 1480 mm G\u0142\u0119boko\u015b\u0107 produktu: 792 mm Wysoko\u015b\u0107<br \/>\nproduktu: 1060 mm Waga produktu: 33 kg Szeroko\u015b\u0107 po z\u0142o\u017ceniu: 153 cm G\u0142\u0119boko\u015b\u0107<br \/>\npo z\u0142o\u017ceniu: 79,2 cm Wysoko\u015b\u0107 po z\u0142o\u017ceniu: 13,9 cm Szeroko\u015b\u0107 opakowania: 1614<br \/>\nmm G\u0142\u0119boko\u015b\u0107 opakowania: 820 mm Wysoko\u015b\u0107 opakowania: 160 mm Waga wraz z<br \/>\nopakowaniem: 39 kg Powierzchnia pasa bie\u017cni: 1210 x 480 mm Certyfikaty CE<br \/>\ncertified: Tak Wy\u015bwietlacz Wbudowany wy\u015bwietlacz: Tak Kolor pod\u015bwietlenia:<br \/>\nBia\u0142y Typ wy\u015bwietlacza: LED Dane opakowania Zawarto\u015b\u0107 zestawu: Bie\u017cnia x<br \/>\n1,Instrukcja obs\u0142ugi,Klips zabezpieczaj\u0105cy,Klucz,Olej silnikowy,Pilot zdalnego<br \/>\nsterowania,Przew\u00f3d zasilaj\u0105cy,\u015aruby<\/p>\n<h2>Kingsmith Treadmill Trk12F Kingsmith<\/h2>\n<p>test opowie\u015bci z narnii lew czarownica i stara szafa do druku, motto dla nauczyciela, marcel znaczenie imienia, wulkan z sody, kolorowanki do druku pokemon, test na patologi\u0119 z kubusia puchatka, oryginalny prezent na roczek dla dziewczynki, zagadki dla 8 latka, zagadki \u015bwi\u0105teczne dla dzieci<\/p>\n<p>yyyyy<\/p>\n<p>&nbsp;<\/p>\n","protected":false},"excerpt":{"rendered":"<p>Kingsmith Treadmill Trk12F Bie\u017cnia Kingsmith Treadmill K12 German IF Design Award | 2w1: marsz i bieg | szybkie sk\u0142adanie | konstrukcja niewymagaj\u0105ca monta\u017cu | absorbcja wstrz\u0105s\u00f3w | automatyczna zmiana pr\u0119dko\u015bci za pomoc\u0105 wbudowanego czujnika tempa Bie\u017cnia elektryczna Kingsmith Treadmill K12 Kingsmith, najnowszy model bie\u017cni &#8211; genialn\u0105 w swej prostocie, innowacyjn\u0105 konstrukcj\u0119, dzi\u0119ki czemu teraz ka\u017cdy [&hellip;]<\/p>\n","protected":false},"featured_media":9074,"comment_status":"closed","ping_status":"open","template":"","meta":[],"product_cat":[1787,1786],"product_tag":[750,654,731,642,803,757],"class_list":["post-9073","product","type-product","status-publish","has-post-thumbnail","hentry","product_cat-bieznie-treningowe","product_cat-kingsmith","product_tag-imie-kostek","product_tag-krotkie-bajki-dla-dzieci-do-czytania","product_tag-maly-ksiaze-cytaty","product_tag-mia-imie","product_tag-szlaczki-do-druku","product_tag-test-z-lektury-ania-z-zielonego-wzgorza-klasa-6-z-odpowiedziami"],"_links":{"self":[{"href":"http:\/\/klubmamgdynia.pl\/index.php\/wp-json\/wp\/v2\/product\/9073","targetHints":{"allow":["GET"]}}],"collection":[{"href":"http:\/\/klubmamgdynia.pl\/index.php\/wp-json\/wp\/v2\/product"}],"about":[{"href":"http:\/\/klubmamgdynia.pl\/index.php\/wp-json\/wp\/v2\/types\/product"}],"replies":[{"embeddable":true,"href":"http:\/\/klubmamgdynia.pl\/index.php\/wp-json\/wp\/v2\/comments?post=9073"}],"wp:featuredmedia":[{"embeddable":true,"href":"http:\/\/klubmamgdynia.pl\/index.php\/wp-json\/wp\/v2\/media\/9074"}],"wp:attachment":[{"href":"http:\/\/klubmamgdynia.pl\/index.php\/wp-json\/wp\/v2\/media?parent=9073"}],"wp:term":[{"taxonomy":"product_cat","embeddable":true,"href":"http:\/\/klubmamgdynia.pl\/index.php\/wp-json\/wp\/v2\/product_cat?post=9073"},{"taxonomy":"product_tag","embeddable":true,"href":"http:\/\/klubmamgdynia.pl\/index.php\/wp-json\/wp\/v2\/product_tag?post=9073"}],"curies":[{"name":"wp","href":"https:\/\/api.w.org\/{rel}","templated":true}]}}