{"id":9075,"date":"2020-05-26T23:51:23","date_gmt":"2020-05-26T21:51:23","guid":{"rendered":"http:\/\/klubmamgdynia.pl\/index.php\/produkt\/latajace-burrito-ekstremalna-edycja-podworkowa\/"},"modified":"2026-04-06T21:08:51","modified_gmt":"2026-04-06T19:08:51","slug":"latajace-burrito-ekstremalna-edycja-podworkowa","status":"publish","type":"product","link":"http:\/\/klubmamgdynia.pl\/index.php\/produkt\/latajace-burrito-ekstremalna-edycja-podworkowa\/","title":{"rendered":"Lataj\u0105ce Burrito: Ekstremalna Edycja Podw\u00f3rkowa"},"content":{"rendered":"<p>Data premiery: II kwarta\u0142 2022 r.Oto gra imprezowa, jakiej jeszcze \u015bwiat nie widzia\u0142! Po\u0142\u0105czenie dynamicznej karcianki o prostych zasadach i koszmaru z czas\u00f3w szkolnych: zbijaka. Dobieraj karty, unikaj burrito, rzucaj w przeciwnik\u00f3w Gdy zbierasz zestawy \u2013 zdobywasz punkty. Gdy oberwiesz burrito \u2013 tracisz je. A przecie\u017c wszyscy chcemy mie\u0107 ich jak najwi\u0119cej!Lataj\u0105ce Burrito: Ekstremalna edycja podw\u00f3rkowa zawiera 120 wodoodpornych, wielkich kart i 2 olbrzymie, nadmuchiwane burrito, kt\u00f3rymi b\u0119dziecie w siebie rzuca\u0107. To nie zabawa, elementy s\u0105 przeznaczone dla profesjonalnych miotaczy burrito, niepowstrzymanych weteran\u00f3w gry, kt\u00f3rzy wci\u0105\u017c szukaj\u0105 kolejnych wyzwa\u0144!Na czym to polega?Ka\u017cdy z graczy dostaje w\u0142asn\u0105 tali\u0119 do dobierania i k\u0142adzie j\u0105 przed sob\u0105. Na r\u0119k\u0119 bierze 5 kart z wierzchu. Nast\u0119pnie wszyscy r\u00f3wnocze\u015bnie rozpoczynamy gr\u0119! Nie pasuj\u0105ce karty odk\u0142adamy na stos gracza po lewej, a sami dobieramy z tego, kt\u00f3ry mamy przed sob\u0105. Naszym celem jest zbieranie zestaw\u00f3w, kt\u00f3re nast\u0119pnie wyk\u0142adamy, zdobywaj\u0105c w ten spos\u00f3b punkty.Ale co z rzucaniem burrito? Niekt\u00f3re zagrywane przez nas karty, zmuszaj\u0105 innych graczy do pojedynku. Wtedy liczy si\u0119 refleks, dobry cel i umiej\u0119tno\u015b\u0107 szybkiego unikania lec\u0105cych zewsz\u0105d przedmiot\u00f3w!Dlaczego pokochasz t\u0119 gr\u0119?Koniec z wym\u00f3wk\u0105, \u017ce nie wolno rzuca\u0107 jedzeniem &#8211; je\u015bli masz czasem ochot\u0119 przy\u0142o\u017cy\u0107 komu\u015b \u015bwie\u017cutkim burrito, to dmuchana wersja sprawdzi si\u0119 do tego idealnie.Wodoodporne i dmuchane elementy s\u0105 gotowe na wszystkie wyzwania, jakie czekaj\u0105 na gry podczas zabaw na \u015bwie\u017cym powietrzu! Mo\u017cesz zabra\u0107 t\u0119 edycj\u0119 gry na pla\u017c\u0119, do lasu czy w jakiekolwiek inne miejsce a wilgo\u0107 i brud nie zrobi\u0105 jej krzywdy.Kolejny tytu\u0142 tw\u00f3rc\u00f3w Eksploduj\u0105cych kotk\u00f3w oznacza jeszcze wi\u0119cej dziwnych stworze\u0144 o zabawnych nazwach!Nic tak nie integruje towarzystwa jak bitwa na jedzenie!<\/p>\n<h2>Lataj\u0105ce Burrito: Ekstremalna Edycja Podw\u00f3rkowa Rebel<\/h2>\n<p>quizy dla dzieci z bajek, traktor z przyczep\u0105 kolorowanka, zabawy dla 7 latki, bajka o emocjach, wzory dyplom\u00f3w do pobrania, pieski ma\u0142e dwa tekst, kolorowanki uk\u0142ad s\u0142oneczny, prezent dla 7 latka, maska wilka szablon, wakacyjne kolorowanki, lucjan<\/p>\n<p>yyyyy<\/p>\n<p>&nbsp;<\/p>\n","protected":false},"excerpt":{"rendered":"<p>Data premiery: II kwarta\u0142 2022 r.Oto gra imprezowa, jakiej jeszcze \u015bwiat nie widzia\u0142! Po\u0142\u0105czenie dynamicznej karcianki o prostych zasadach i koszmaru z czas\u00f3w szkolnych: zbijaka. Dobieraj karty, unikaj burrito, rzucaj w przeciwnik\u00f3w Gdy zbierasz zestawy \u2013 zdobywasz punkty. Gdy oberwiesz burrito \u2013 tracisz je. A przecie\u017c wszyscy chcemy mie\u0107 ich jak najwi\u0119cej!Lataj\u0105ce Burrito: Ekstremalna edycja [&hellip;]<\/p>\n","protected":false},"featured_media":9076,"comment_status":"closed","ping_status":"open","template":"","meta":[],"product_cat":[220,219],"product_tag":[591,579,675],"class_list":["post-9075","product","type-product","status-publish","has-post-thumbnail","hentry","product_cat-gry-karciane","product_cat-rebel","product_tag-quiz-o-minecraft","product_tag-quiz-opowiesci-z-narnii-lew-czarownica-i-stara-szafa","product_tag-test-z-lektury-kajko-i-kokosz-szkola-latania"],"_links":{"self":[{"href":"http:\/\/klubmamgdynia.pl\/index.php\/wp-json\/wp\/v2\/product\/9075","targetHints":{"allow":["GET"]}}],"collection":[{"href":"http:\/\/klubmamgdynia.pl\/index.php\/wp-json\/wp\/v2\/product"}],"about":[{"href":"http:\/\/klubmamgdynia.pl\/index.php\/wp-json\/wp\/v2\/types\/product"}],"replies":[{"embeddable":true,"href":"http:\/\/klubmamgdynia.pl\/index.php\/wp-json\/wp\/v2\/comments?post=9075"}],"wp:featuredmedia":[{"embeddable":true,"href":"http:\/\/klubmamgdynia.pl\/index.php\/wp-json\/wp\/v2\/media\/9076"}],"wp:attachment":[{"href":"http:\/\/klubmamgdynia.pl\/index.php\/wp-json\/wp\/v2\/media?parent=9075"}],"wp:term":[{"taxonomy":"product_cat","embeddable":true,"href":"http:\/\/klubmamgdynia.pl\/index.php\/wp-json\/wp\/v2\/product_cat?post=9075"},{"taxonomy":"product_tag","embeddable":true,"href":"http:\/\/klubmamgdynia.pl\/index.php\/wp-json\/wp\/v2\/product_tag?post=9075"}],"curies":[{"name":"wp","href":"https:\/\/api.w.org\/{rel}","templated":true}]}}