{"id":9079,"date":"2015-10-29T18:18:52","date_gmt":"2015-10-29T17:18:52","guid":{"rendered":"http:\/\/klubmamgdynia.pl\/index.php\/produkt\/diablo-iii-gra-ps3\/"},"modified":"2026-04-20T14:14:16","modified_gmt":"2026-04-20T12:14:16","slug":"diablo-iii-gra-ps3","status":"publish","type":"product","link":"http:\/\/klubmamgdynia.pl\/index.php\/produkt\/diablo-iii-gra-ps3\/","title":{"rendered":"Diablo III (Gra PS3)"},"content":{"rendered":"<p>Diablo 3 to trzecia cz\u0119\u015b\u0107 s\u0142awnego RPG z eksploracj\u0105 loch\u00f3w Blizzarda                            <\/p>\n<p>Diablo IIIPonownie spotykamy si\u0119 w Sanktuarium, mrocznym i tajemniczym \u015bwiecie, gdzie wojna mi\u0119dzy dobrem i z\u0142em wci\u0105\u017c grozi cywilizacji. Trzecia cz\u0119\u015b\u0107 serii jest osadzona dwadzie\u015bcia lat po wydarzeniach z Diablo II. Brutalny i mroczny \u015bwiat, jaskinie i tunele oraz wszelkie inne \u015brodowiska po brzegi wype\u0142nione hordami nieumar\u0142ych s\u0105 gotowe ponownie przetestowa\u0107 twoje umiej\u0119tno\u015bci.\u00a0                            <\/p>\n<p>Nowe Metody Walki Ze Staro\u017cytnym Z\u0142emRuny, obecne ju\u017c w poprzednich cz\u0119\u015bciach, powracaj\u0105 i zapewniaj\u0105 bezprecedensow\u0105 kontrol\u0119 nad twoimi umiej\u0119tno\u015bciami i mocami, niekt\u00f3re zmieniaj\u0105 ich atrybuty, a inne zapewniaj\u0105 efekty takie jak og\u0142uszenie czy spowolnienie, jeszcze inne mog\u0105 zmieni\u0107 natur\u0119 i wygl\u0105d twoich umiej\u0119tno\u015bci.\u00a0                            <\/p>\n<p>Pami\u0119tasz Henchmen\u00f3w z Diablo II?W Diablo 3 ich miejsce zajmuj\u0105 Followers. To dzielni ludzie, staj\u0105cy z tob\u0105 rami\u0119 w rami\u0119 naprzeciw terrorowi. Ich umiej\u0119tno\u015bci i atrybuty mo\u017cna ulepszy\u0107, mo\u017cesz te\u017c wyposa\u017cy\u0107 ich w bro\u0144 i pancerz wedle uznania. R\u00f3\u017cni kupcy tak\u017ce do\u0142\u0105czaj\u0105 do twojej misji, zapewniaj\u0105c informacje o materia\u0142ach kt\u00f3re napotkasz, a nawet tworz\u0105c i modyfikuj\u0105c unikatowe przedmioty specjalnie dla ciebie.\u00a0                            <\/p>\n<p>Poprawiona Mechanika, Walka i SterowanieOdn\u00f3w specjalizacje i eksperymentuj z buildem, poniewa\u017c nowe umiej\u0119tno\u015bci czy pancerze oddaj\u0105 wci\u0105\u017c zmieniaj\u0105ce si\u0119 podej\u015bcie do tego, co jest najlepsze dla twojej postaci.\u00a0R\u00f3\u017cne umiej\u0119tno\u015bci obronne, eliksiry z odliczaniem, oraz nowo dodane kule \u017cycia zapewniaj\u0105, \u017ce taktyka i odpowiednie planowanie s\u0105 jeszcze wa\u017cniejsze ni\u017c wcze\u015bniej.W Diablo 3, klasyczny hot-bar z Diablo 2 zosta\u0142 zmodyfikowany, zapewniaj\u0105c mo\u017cliwo\u015b\u0107 dostosowania w\u0142asnych skr\u00f3t\u00f3w i przycisk\u00f3w myszki, aby walka by\u0142a tak szybka i naturalna jak tylko chcesz.                            <\/p>\n<p>Wybierz Swojego BohateraDiablo 3 oferuje siedem r\u00f3\u017cnych klas postaci: Szaman, Czarownica, Barbarzy\u0144ca, Mnich, \u0141owczyni Demon\u00f3w, Krzy\u017cowiec, i Nekromanta. Wszystkie klasy maj\u0105 w zanadrzu mas\u0119 specjalnych umiej\u0119tno\u015bci odr\u00f3\u017cniaj\u0105cych je od pozosta\u0142ych, a tak\u017ce unikatowy system zasob\u00f3w i odpowiedni styl gry.<\/p>\n<h2>Diablo III (Gra PS3) Sony<\/h2>\n<p>zagadki o zwierzetach, zaproszenia na urodziny do wydruku, \u0142amig\u0142\u00f3wki logiczne dla dzieci, atrakcje dla dzieci w warszawie dzi\u015b, janusz, bajki do czytania, prezent dla rocznego dziecka, \u0142amig\u0142\u00f3wki logiczne<\/p>\n<p>yyyyy<\/p>\n<p>&nbsp;<\/p>\n","protected":false},"excerpt":{"rendered":"<p>Diablo 3 to trzecia cz\u0119\u015b\u0107 s\u0142awnego RPG z eksploracj\u0105 loch\u00f3w Blizzarda Diablo IIIPonownie spotykamy si\u0119 w Sanktuarium, mrocznym i tajemniczym \u015bwiecie, gdzie wojna mi\u0119dzy dobrem i z\u0142em wci\u0105\u017c grozi cywilizacji. Trzecia cz\u0119\u015b\u0107 serii jest osadzona dwadzie\u015bcia lat po wydarzeniach z Diablo II. Brutalny i mroczny \u015bwiat, jaskinie i tunele oraz wszelkie inne \u015brodowiska po brzegi [&hellip;]<\/p>\n","protected":false},"featured_media":9080,"comment_status":"closed","ping_status":"open","template":"","meta":[],"product_cat":[367,366],"product_tag":[719,588,604],"class_list":["post-9079","product","type-product","status-publish","has-post-thumbnail","hentry","product_cat-gry-playstation-3","product_cat-sony","product_tag-dziecko-cytaty-zlote-mysli","product_tag-wzruszajace-slowa-dla-przyjaciela","product_tag-zagadki-trudne"],"_links":{"self":[{"href":"http:\/\/klubmamgdynia.pl\/index.php\/wp-json\/wp\/v2\/product\/9079","targetHints":{"allow":["GET"]}}],"collection":[{"href":"http:\/\/klubmamgdynia.pl\/index.php\/wp-json\/wp\/v2\/product"}],"about":[{"href":"http:\/\/klubmamgdynia.pl\/index.php\/wp-json\/wp\/v2\/types\/product"}],"replies":[{"embeddable":true,"href":"http:\/\/klubmamgdynia.pl\/index.php\/wp-json\/wp\/v2\/comments?post=9079"}],"wp:featuredmedia":[{"embeddable":true,"href":"http:\/\/klubmamgdynia.pl\/index.php\/wp-json\/wp\/v2\/media\/9080"}],"wp:attachment":[{"href":"http:\/\/klubmamgdynia.pl\/index.php\/wp-json\/wp\/v2\/media?parent=9079"}],"wp:term":[{"taxonomy":"product_cat","embeddable":true,"href":"http:\/\/klubmamgdynia.pl\/index.php\/wp-json\/wp\/v2\/product_cat?post=9079"},{"taxonomy":"product_tag","embeddable":true,"href":"http:\/\/klubmamgdynia.pl\/index.php\/wp-json\/wp\/v2\/product_tag?post=9079"}],"curies":[{"name":"wp","href":"https:\/\/api.w.org\/{rel}","templated":true}]}}