{"id":908,"date":"2015-04-09T02:54:22","date_gmt":"2015-04-09T00:54:22","guid":{"rendered":"http:\/\/klubmamgdynia.pl\/index.php\/produkt\/icom-lalka-30cm-w-ciazy-akcesoria\/"},"modified":"2026-04-29T16:49:08","modified_gmt":"2026-04-29T14:49:08","slug":"icom-lalka-30cm-w-ciazy-akcesoria","status":"publish","type":"product","link":"http:\/\/klubmamgdynia.pl\/index.php\/produkt\/icom-lalka-30cm-w-ciazy-akcesoria\/","title":{"rendered":"Icom Lalka 30Cm W Ci\u0105\u017cy + Akcesoria"},"content":{"rendered":"<p>Zawarto\u015b\u0107 zestawu :- lalka Anlily w ci\u0105\u017cy- laleczka niemowlaczka- butelka do karmienia- miseczka- \u0142y\u017ceczka- widelec- smoczek- 5 zabawek dla niemowlaka<\/p>\n<h2>Icom Lalka 30Cm W Ci\u0105\u017cy + Akcesoria Icom<\/h2>\n<p>kolorowe listki tekst, pokemon do druku, lego ninjago kolorowanki, jagna, piosenki na dobranoc tekst, bajki do czytania psi patrol, trudne zagadki na inteligencj\u0119, rzadkie imiona \u017ce\u0144skie polskie<\/p>\n<p>yyyyy<\/p>\n<p>&nbsp;<\/p>\n","protected":false},"excerpt":{"rendered":"<p>Zawarto\u015b\u0107 zestawu :- lalka Anlily w ci\u0105\u017cy- laleczka niemowlaczka- butelka do karmienia- miseczka- \u0142y\u017ceczka- widelec- smoczek- 5 zabawek dla niemowlaka Icom Lalka 30Cm W Ci\u0105\u017cy + Akcesoria Icom kolorowe listki tekst, pokemon do druku, lego ninjago kolorowanki, jagna, piosenki na dobranoc tekst, bajki do czytania psi patrol, trudne zagadki na inteligencj\u0119, rzadkie imiona \u017ce\u0144skie polskie [&hellip;]<\/p>\n","protected":false},"featured_media":909,"comment_status":"closed","ping_status":"open","template":"","meta":[],"product_cat":[102,65],"product_tag":[610,867,689,855,737],"class_list":["post-908","product","type-product","status-publish","has-post-thumbnail","hentry","product_cat-icom","product_cat-lalki","product_tag-co-na-prezent-dla-nastolatkow","product_tag-kolorowanki-dla-dziewczynek","product_tag-linda","product_tag-nietypowe-imiona-zenskie","product_tag-test-z-lektury-felix-net-i-nika-oraz-gang-niewidzialnych-ludzi"],"_links":{"self":[{"href":"http:\/\/klubmamgdynia.pl\/index.php\/wp-json\/wp\/v2\/product\/908","targetHints":{"allow":["GET"]}}],"collection":[{"href":"http:\/\/klubmamgdynia.pl\/index.php\/wp-json\/wp\/v2\/product"}],"about":[{"href":"http:\/\/klubmamgdynia.pl\/index.php\/wp-json\/wp\/v2\/types\/product"}],"replies":[{"embeddable":true,"href":"http:\/\/klubmamgdynia.pl\/index.php\/wp-json\/wp\/v2\/comments?post=908"}],"wp:featuredmedia":[{"embeddable":true,"href":"http:\/\/klubmamgdynia.pl\/index.php\/wp-json\/wp\/v2\/media\/909"}],"wp:attachment":[{"href":"http:\/\/klubmamgdynia.pl\/index.php\/wp-json\/wp\/v2\/media?parent=908"}],"wp:term":[{"taxonomy":"product_cat","embeddable":true,"href":"http:\/\/klubmamgdynia.pl\/index.php\/wp-json\/wp\/v2\/product_cat?post=908"},{"taxonomy":"product_tag","embeddable":true,"href":"http:\/\/klubmamgdynia.pl\/index.php\/wp-json\/wp\/v2\/product_tag?post=908"}],"curies":[{"name":"wp","href":"https:\/\/api.w.org\/{rel}","templated":true}]}}