{"id":9081,"date":"2023-12-16T07:30:55","date_gmt":"2023-12-16T06:30:55","guid":{"rendered":"http:\/\/klubmamgdynia.pl\/?post_type=product&#038;p=9081"},"modified":"2026-04-05T22:52:16","modified_gmt":"2026-04-05T20:52:16","slug":"gra-planszowa-g3-lowcy-potworow","status":"publish","type":"product","link":"http:\/\/klubmamgdynia.pl\/index.php\/produkt\/gra-planszowa-g3-lowcy-potworow\/","title":{"rendered":"Gra planszowa G3 \u0141owcy Potwor\u00f3w"},"content":{"rendered":"<p>Kr\u00f3lewskie Stowarzyszenie \u0141owc\u00f3w Potwor\u00f3w ma w swym gronie najbardziej renomowanych i szanowanych ekspert\u00f3w od Potwor\u00f3w z ca\u0142ego imperium. Ka\u017cdego roku Stowarzyszenie przyjmuje w swoje szeregi tylko jednego nowego cz\u0142onka, wi\u0119c wszyscy kandydaci prze\u015bcigaj\u0105 si\u0119 w gromadzeniu w swoich mena\u017ceriach najciekawszych bestii, kt\u00f3re mog\u0105 znale\u017a\u0107&#8230; i z\u0142apa\u0107.Aby u\u0142atwi\u0107 zadanie kandydatom, Stowarzyszenie przydziela im niewielki stypendium, dzi\u0119ki kt\u00f3remu mog\u0105 zatrudni\u0107 innych ekspert\u00f3w i sfinansowa\u0107 podr\u00f3\u017c do magicznych krain, w kt\u00f3rych \u017cyj\u0105 najbardziej egzotyczne stwory.Po czterech sezonach \u0142ow\u00f3w, aspiruj\u0105cy do cz\u0142onkostwa w Stowarzyszeniu prezentuj\u0105 swoje kolekcje na corocznym bankiecie &#8211; wydarzeniu znanym jako &#8222;Potworne widowisko&#8221;.&#8221;\u0141owcy Potwor\u00f3w&#8221; to gra opieraj\u0105ca si\u0119 na dobieraniu kart, w kt\u00f3rej gracze staraj\u0105 si\u0119 zebra\u0107 zestawy krain, aby m\u00f3c pochwyci\u0107 i zaprezentowa\u0107 dziwne i egzotyczne stwory. Uczestnicy gry zatrudniaj\u0105 r\u00f3wnie\u017c pracownik\u00f3w pomagaj\u0105cych obs\u0142u\u017cy\u0107 ich przedsi\u0119wzi\u0119cie i realizuj\u0105 w\u0142asne ukryte cele.Za pokazywanie widowni potwor\u00f3w, wykonywanie ukrytych cel\u00f3w i zdobywanie z\u0142otych Koron podczas czterech sezon\u00f3w (tyle trwa rozgrywka) otrzymuj\u0105 punkty zwyci\u0119stwa. Osoba, kt\u00f3rej widowisko oka\u017ce si\u0119 najbardziej zyskowne i spektakularne, wygrywa i zostaje przyj\u0119ta do Kr\u00f3lewskiego Stowarzyszenia \u0141owc\u00f3w Potwor\u00f3w!ZAWARTO\u015a\u0106:78 kart Potwor\u00f3w72 karty krain + 10 kart krain pocz\u0105tkowych13 kart pracownik\u00f3w21 kart wydarze\u014421 kart ukrytych cel\u00f3w5 planszetek graczyplansza g\u0142\u00f3wna7 kart sezon\u00f3w12 kart po\u017cyczki5 kart skonsolidowanej po\u017cyczki108 z\u0142otych Koron24 znaczniki \u0142owc\u00f3w3 ko\u015bci kr\u00f3lewskich \u0142owc\u00f3wbloczek do zapisywania punkt\u00f3winstrukcjaWARTO ZOBACZY\u0106:Recenzja na blogu GrasowanieRecenzja na blogu Pirat Plansz\u00f3wekAutor: Richard GarfieldIlustrator: Loic BilliauRok wydania: 2019Minimalna liczba graczy: 2Maksymalna liczba graczy: 5Minimalny wiek graczy: 12Maksymalny wiek graczy: 99Minimalny czas gry (min): 45Maksymalny czas gry (min): 45Edycja: polskaInstrukcja: polskaWysoko\u015b\u0107 (mm): 300Szeroko\u015b\u0107 (mm): 300G\u0142\u0119boko\u015b\u0107 (mm): 75<\/p>\n<h2>Gra planszowa G3 \u0141owcy Potwor\u00f3w G3<\/h2>\n<p>prezent dla dziewczynki 7 lat, kolorowanki dla dziewczynek 10 lat, piesek kolorowanka, pa\u0144stwa europy i ich stolice quiz, quiz z ma\u0142ego ksi\u0119cia, quizy miko\u0142ajek, cytaty o nauczycielach, irma, kotki do druku, stolice europy quiz, zagadki o zwierz\u0119tach wiejskich, \u0142amig\u0142\u00f3wki logiczne, markowa<\/p>\n<p>yyyyy<\/p>\n<p>&nbsp;<\/p>\n","protected":false},"excerpt":{"rendered":"<p>Kr\u00f3lewskie Stowarzyszenie \u0141owc\u00f3w Potwor\u00f3w ma w swym gronie najbardziej renomowanych i szanowanych ekspert\u00f3w od Potwor\u00f3w z ca\u0142ego imperium. Ka\u017cdego roku Stowarzyszenie przyjmuje w swoje szeregi tylko jednego nowego cz\u0142onka, wi\u0119c wszyscy kandydaci prze\u015bcigaj\u0105 si\u0119 w gromadzeniu w swoich mena\u017ceriach najciekawszych bestii, kt\u00f3re mog\u0105 znale\u017a\u0107&#8230; i z\u0142apa\u0107.Aby u\u0142atwi\u0107 zadanie kandydatom, Stowarzyszenie przydziela im niewielki stypendium, dzi\u0119ki [&hellip;]<\/p>\n","protected":false},"featured_media":9082,"comment_status":"closed","ping_status":"open","template":"","meta":[],"product_cat":[1095,235],"product_tag":[675,647,869],"class_list":["post-9081","product","type-product","status-publish","has-post-thumbnail","hentry","product_cat-g3","product_cat-gry-planszowe","product_tag-test-z-lektury-kajko-i-kokosz-szkola-latania","product_tag-warszawa-z-dzieckiem","product_tag-zagadki-na-logike"],"_links":{"self":[{"href":"http:\/\/klubmamgdynia.pl\/index.php\/wp-json\/wp\/v2\/product\/9081","targetHints":{"allow":["GET"]}}],"collection":[{"href":"http:\/\/klubmamgdynia.pl\/index.php\/wp-json\/wp\/v2\/product"}],"about":[{"href":"http:\/\/klubmamgdynia.pl\/index.php\/wp-json\/wp\/v2\/types\/product"}],"replies":[{"embeddable":true,"href":"http:\/\/klubmamgdynia.pl\/index.php\/wp-json\/wp\/v2\/comments?post=9081"}],"wp:featuredmedia":[{"embeddable":true,"href":"http:\/\/klubmamgdynia.pl\/index.php\/wp-json\/wp\/v2\/media\/9082"}],"wp:attachment":[{"href":"http:\/\/klubmamgdynia.pl\/index.php\/wp-json\/wp\/v2\/media?parent=9081"}],"wp:term":[{"taxonomy":"product_cat","embeddable":true,"href":"http:\/\/klubmamgdynia.pl\/index.php\/wp-json\/wp\/v2\/product_cat?post=9081"},{"taxonomy":"product_tag","embeddable":true,"href":"http:\/\/klubmamgdynia.pl\/index.php\/wp-json\/wp\/v2\/product_tag?post=9081"}],"curies":[{"name":"wp","href":"https:\/\/api.w.org\/{rel}","templated":true}]}}