{"id":9083,"date":"2015-01-12T03:22:00","date_gmt":"2015-01-12T02:22:00","guid":{"rendered":"http:\/\/klubmamgdynia.pl\/index.php\/produkt\/disney-infinity-3-0-star-wars-starter-pack-gra-xbox-360\/"},"modified":"2026-04-04T03:51:33","modified_gmt":"2026-04-04T01:51:33","slug":"disney-infinity-3-0-star-wars-starter-pack-gra-xbox-360","status":"publish","type":"product","link":"http:\/\/klubmamgdynia.pl\/index.php\/produkt\/disney-infinity-3-0-star-wars-starter-pack-gra-xbox-360\/","title":{"rendered":"Disney Infinity 3.0 Star Wars Starter Pack (Gra Xbox 360)"},"content":{"rendered":"<p>Disney Infinity 3.0 to nowa wersja wspania\u0142ej gry, kt\u00f3ra zyska\u0142a fan\u00f3w na ca\u0142ym \u015bwiecie. Jeszcze bogatsza zawarto\u015b\u0107 zr\u00f3\u017cnicowana rozgrywka przyci\u0105ga nowych fan\u00f3w a obecnym dostarcza nowych wra\u017ce\u0144. Nowa wersja 3.0 to mi\u0119dzy innymi trzy \u015bwiaty Gwiezdnych Wojen, jeszcze wi\u0119cej postaci z The Walt Disney Company i Marvela. Infinity 3.0 to ca\u0142kowicie nowy Plac Zabaw 3D, kt\u00f3ry znacznie u\u0142atwia wyb\u00f3r rozrywki &#8211; symulator, platform\u00f3wka czy wy\u015bcigi.Dwie nowe rozgrywki w trybie wieloosobowym przenosz\u0105 gracza do \u015bwiata akcji i przygody a tak\u017ce do wy\u015bcig\u00f3w gokart\u00f3w &#8211; w rozgrywce wieloosobowej postacie z wszystkich \u015bwiat\u00f3w spotykaj\u0105 si\u0119 w jednym miejscu. Figurka dzia\u0142a na placu zabaw gry Disney Infinity 3.0. Do grania w gr\u0119 Disney Infinity wymagana jest stacja dokuj\u0105ca (portal), na kt\u00f3rej ustawiana jest posiadana przez gracza posta\u0107 oraz \u015bwiat.<\/p>\n<h2>Disney Infinity 3.0 Star Wars Starter Pack (Gra Xbox 360) Xbox<\/h2>\n<p>ciasteczka na halloween dla dzieci, quizy flagi, kolorowanki miasto dzieci, szablony do wyklejania plastelin\u0105, zaproszenia na urodziny do wydruku<\/p>\n<p>yyyyy<\/p>\n<p>&nbsp;<\/p>\n","protected":false},"excerpt":{"rendered":"<p>Disney Infinity 3.0 to nowa wersja wspania\u0142ej gry, kt\u00f3ra zyska\u0142a fan\u00f3w na ca\u0142ym \u015bwiecie. Jeszcze bogatsza zawarto\u015b\u0107 zr\u00f3\u017cnicowana rozgrywka przyci\u0105ga nowych fan\u00f3w a obecnym dostarcza nowych wra\u017ce\u0144. Nowa wersja 3.0 to mi\u0119dzy innymi trzy \u015bwiaty Gwiezdnych Wojen, jeszcze wi\u0119cej postaci z The Walt Disney Company i Marvela. Infinity 3.0 to ca\u0142kowicie nowy Plac Zabaw 3D, [&hellip;]<\/p>\n","protected":false},"featured_media":9084,"comment_status":"closed","ping_status":"open","template":"","meta":[],"product_cat":[403,405],"product_tag":[663,587,653,741,724],"class_list":["post-9083","product","type-product","status-publish","has-post-thumbnail","hentry","product_cat-gry-xbox-360","product_cat-xbox","product_tag-kolorowanki-dla-dzieci-do-druku","product_tag-skalne-miasto","product_tag-warszawa-dla-dzieci","product_tag-wlochy","product_tag-zagadki-podchwytliwe"],"_links":{"self":[{"href":"http:\/\/klubmamgdynia.pl\/index.php\/wp-json\/wp\/v2\/product\/9083","targetHints":{"allow":["GET"]}}],"collection":[{"href":"http:\/\/klubmamgdynia.pl\/index.php\/wp-json\/wp\/v2\/product"}],"about":[{"href":"http:\/\/klubmamgdynia.pl\/index.php\/wp-json\/wp\/v2\/types\/product"}],"replies":[{"embeddable":true,"href":"http:\/\/klubmamgdynia.pl\/index.php\/wp-json\/wp\/v2\/comments?post=9083"}],"wp:featuredmedia":[{"embeddable":true,"href":"http:\/\/klubmamgdynia.pl\/index.php\/wp-json\/wp\/v2\/media\/9084"}],"wp:attachment":[{"href":"http:\/\/klubmamgdynia.pl\/index.php\/wp-json\/wp\/v2\/media?parent=9083"}],"wp:term":[{"taxonomy":"product_cat","embeddable":true,"href":"http:\/\/klubmamgdynia.pl\/index.php\/wp-json\/wp\/v2\/product_cat?post=9083"},{"taxonomy":"product_tag","embeddable":true,"href":"http:\/\/klubmamgdynia.pl\/index.php\/wp-json\/wp\/v2\/product_tag?post=9083"}],"curies":[{"name":"wp","href":"https:\/\/api.w.org\/{rel}","templated":true}]}}