{"id":9085,"date":"2017-04-18T15:04:39","date_gmt":"2017-04-18T13:04:39","guid":{"rendered":"http:\/\/klubmamgdynia.pl\/index.php\/produkt\/playmobil-70273-duopack-pirat-i-oficer-rotrock\/"},"modified":"2026-04-06T01:22:35","modified_gmt":"2026-04-05T23:22:35","slug":"playmobil-70273-duopack-pirat-i-oficer-rotrock","status":"publish","type":"product","link":"http:\/\/klubmamgdynia.pl\/index.php\/produkt\/playmobil-70273-duopack-pirat-i-oficer-rotrock\/","title":{"rendered":"Playmobil 70273 Duopack Pirat I Oficer Rotrock"},"content":{"rendered":"<p>Playmobil &#8211; DuoPack Pirat i oficer Rotrock 70273Figurki PLAYMOBIL w r\u00f3\u017cnych wydaniach tematycznych. Artyku\u0142 zawiera figurki o wielko\u015bci 7,5 cm. Z wieloma dodatkami do urozmaicenia zabawy.Zawarto\u015b\u0107 zestawu:Figurki: pirat, \u017co\u0142nierzAkcesoria: 2 kapelusze, miecz, karabin, pistolet, dokument, 2 pary mankiet\u00f3w na rami\u0119, para kajdanek Niezwykle szczeg\u00f3\u0142owe i realistycznie wygl\u0105daj\u0105ce detale inspiruj\u0105 Dzieci do budowania w\u0142asnego \u201emini \u015bwiata, w kt\u00f3rym odgrywaj\u0105 scenki i wchodz\u0105 w role poszczeg\u00f3lnych postaci. Dzi\u0119ki temu zabawki PLAYMOBIL wspieraj\u0105 dzieci\u0119cy rozw\u00f3j, pobudzaj\u0105 fantazj\u0119 i kreatywno\u015b\u0107 jednocze\u015bnie zach\u0119caj\u0105c do poznawania otaczaj\u0105cego \u015bwiata. Ogromna paleta produkt\u00f3w obejmuj\u0105ca: zoo, farm\u0119, stadnin\u0119, \u015bwiat rycerzy i pirat\u00f3w, domki z wyposa\u017ceniem, szko\u0142\u0119, szpital, tematyk\u0119 wakacyjn\u0105 czy \u015bwiat staro\u017cytny, sprawi\u0105 \u017ce ka\u017cde dziecko znajdzie tu co\u015b co szczeg\u00f3lnie je zainteresuje.Staranny proces produkcji, zaawansowane technologicznie linie produkcyjne wy\u0142\u0105cznie na terenie Europy, wysokiej jako\u015bci tworzywa o pi\u0119knej kolorystyce oraz bezpiecze\u0144stwo zabawek PLAYMOBIL to kolejne zalety produkt\u00f3w tej marki, sprawiaj\u0105ce \u017ce doro\u015bli darz\u0105 je ogromnym zaufaniem i cz\u0119sto po nie si\u0119gaj\u0105 wybieraj\u0105c zabawki dla swoich Dzieci. To w\u0142a\u015bnie dzi\u0119ki temu ju\u017c 2,1 miliarda figurek PLAYMOBIL mieszka w dzieci\u0119cych pokojach na ca\u0142ym \u015bwiecie.<\/p>\n<h2>Playmobil 70273 Duopack Pirat I Oficer Rotrock Playmobil<\/h2>\n<p>pi\u0119kne cytaty o nauczycielach, rodzina sentencja, quiz o koniach, zaproszenia do druku, kajko i kokosz test z lektury, quiz o \u015bwi\u0119tach, zagadki dla dzieci 6-7 lat, szablony zimowe do wydruku, prezenty dla nastolatki<\/p>\n<p>yyyyy<\/p>\n<p>&nbsp;<\/p>\n","protected":false},"excerpt":{"rendered":"<p>Playmobil &#8211; DuoPack Pirat i oficer Rotrock 70273Figurki PLAYMOBIL w r\u00f3\u017cnych wydaniach tematycznych. Artyku\u0142 zawiera figurki o wielko\u015bci 7,5 cm. Z wieloma dodatkami do urozmaicenia zabawy.Zawarto\u015b\u0107 zestawu:Figurki: pirat, \u017co\u0142nierzAkcesoria: 2 kapelusze, miecz, karabin, pistolet, dokument, 2 pary mankiet\u00f3w na rami\u0119, para kajdanek Niezwykle szczeg\u00f3\u0142owe i realistycznie wygl\u0105daj\u0105ce detale inspiruj\u0105 Dzieci do budowania w\u0142asnego \u201emini \u015bwiata, [&hellip;]<\/p>\n","protected":false},"featured_media":9086,"comment_status":"closed","ping_status":"open","template":"","meta":[],"product_cat":[113,466],"product_tag":[834,699,677,840],"class_list":["post-9085","product","type-product","status-publish","has-post-thumbnail","hentry","product_cat-klocki","product_cat-playmobil","product_tag-bajka-do-czytania-na-dobranoc","product_tag-kolorowanki-do-druku-dla-dziewczyn","product_tag-milosz-imie","product_tag-stare-bajki"],"_links":{"self":[{"href":"http:\/\/klubmamgdynia.pl\/index.php\/wp-json\/wp\/v2\/product\/9085","targetHints":{"allow":["GET"]}}],"collection":[{"href":"http:\/\/klubmamgdynia.pl\/index.php\/wp-json\/wp\/v2\/product"}],"about":[{"href":"http:\/\/klubmamgdynia.pl\/index.php\/wp-json\/wp\/v2\/types\/product"}],"replies":[{"embeddable":true,"href":"http:\/\/klubmamgdynia.pl\/index.php\/wp-json\/wp\/v2\/comments?post=9085"}],"wp:featuredmedia":[{"embeddable":true,"href":"http:\/\/klubmamgdynia.pl\/index.php\/wp-json\/wp\/v2\/media\/9086"}],"wp:attachment":[{"href":"http:\/\/klubmamgdynia.pl\/index.php\/wp-json\/wp\/v2\/media?parent=9085"}],"wp:term":[{"taxonomy":"product_cat","embeddable":true,"href":"http:\/\/klubmamgdynia.pl\/index.php\/wp-json\/wp\/v2\/product_cat?post=9085"},{"taxonomy":"product_tag","embeddable":true,"href":"http:\/\/klubmamgdynia.pl\/index.php\/wp-json\/wp\/v2\/product_tag?post=9085"}],"curies":[{"name":"wp","href":"https:\/\/api.w.org\/{rel}","templated":true}]}}