{"id":9087,"date":"2023-12-11T14:28:28","date_gmt":"2023-12-11T13:28:28","guid":{"rendered":"http:\/\/klubmamgdynia.pl\/?post_type=product&#038;p=9087"},"modified":"2026-05-17T22:47:20","modified_gmt":"2026-05-17T20:47:20","slug":"nanoleaf-lines-skin-pink-matte-9pcs-nl590001pm9pk","status":"publish","type":"product","link":"http:\/\/klubmamgdynia.pl\/index.php\/produkt\/nanoleaf-lines-skin-pink-matte-9pcs-nl590001pm9pk\/","title":{"rendered":"Nanoleaf Lines Skin Pink Matte 9Pcs Nl590001Pm9Pk"},"content":{"rendered":"<h2>Nanoleaf Lines Skin Pink Matte 9Pcs Nl590001Pm9Pk <\/h2>\n<p>kolorowanki do druku kotki, prezent dla 7 latki, kolorowanka uk\u0142ad s\u0142oneczny dla dzieci do druku, ozdoby \u015bwi\u0105teczne z rolek po papierze toaletowym, ko\u0142ysanka tekst, zagadki o zwierz\u0119tach le\u015bnych dla dzieci, zabawka na roczek dla ch\u0142opca, 45 pa\u0144stw europy i ich stolice quiz, mini zoo mazowieckie, tajemniczy ogr\u00f3d test z odpowiedziami, bombki do kolorowania, felix net i nika oraz gang niewidzialnych ludzi quiz, z\u0142ote my\u015bli o przyja\u017ani, pola znaczenie imienia, ozdoby \u015bwi\u0105teczne z rolek po papierze toaletowym, kolorowanki do druku, pomys\u0142 na prezent dla 15 latki, zagadki dla nastolatk\u00f3w, na roczek dla ch\u0142opca, adrian imie, prezent dla trzynastolatki<\/p>\n<p>yyyyy<\/p>\n<p>&nbsp;<\/p>\n","protected":false},"excerpt":{"rendered":"<p>Nanoleaf Lines Skin Pink Matte 9Pcs Nl590001Pm9Pk kolorowanki do druku kotki, prezent dla 7 latki, kolorowanka uk\u0142ad s\u0142oneczny dla dzieci do druku, ozdoby \u015bwi\u0105teczne z rolek po papierze toaletowym, ko\u0142ysanka tekst, zagadki o zwierz\u0119tach le\u015bnych dla dzieci, zabawka na roczek dla ch\u0142opca, 45 pa\u0144stw europy i ich stolice quiz, mini zoo mazowieckie, tajemniczy ogr\u00f3d test [&hellip;]<\/p>\n","protected":false},"featured_media":9088,"comment_status":"closed","ping_status":"open","template":"","meta":[],"product_cat":[138],"product_tag":[585,621,840,659,809],"class_list":["post-9087","product","type-product","status-publish","has-post-thumbnail","hentry","product_cat-lampki-dzieciece","product_tag-kolorowanki-dla-chlopcow","product_tag-prezenty-roczek","product_tag-stare-bajki","product_tag-tupu-tup-po-sniegu-tekst","product_tag-zagadki"],"_links":{"self":[{"href":"http:\/\/klubmamgdynia.pl\/index.php\/wp-json\/wp\/v2\/product\/9087","targetHints":{"allow":["GET"]}}],"collection":[{"href":"http:\/\/klubmamgdynia.pl\/index.php\/wp-json\/wp\/v2\/product"}],"about":[{"href":"http:\/\/klubmamgdynia.pl\/index.php\/wp-json\/wp\/v2\/types\/product"}],"replies":[{"embeddable":true,"href":"http:\/\/klubmamgdynia.pl\/index.php\/wp-json\/wp\/v2\/comments?post=9087"}],"wp:featuredmedia":[{"embeddable":true,"href":"http:\/\/klubmamgdynia.pl\/index.php\/wp-json\/wp\/v2\/media\/9088"}],"wp:attachment":[{"href":"http:\/\/klubmamgdynia.pl\/index.php\/wp-json\/wp\/v2\/media?parent=9087"}],"wp:term":[{"taxonomy":"product_cat","embeddable":true,"href":"http:\/\/klubmamgdynia.pl\/index.php\/wp-json\/wp\/v2\/product_cat?post=9087"},{"taxonomy":"product_tag","embeddable":true,"href":"http:\/\/klubmamgdynia.pl\/index.php\/wp-json\/wp\/v2\/product_tag?post=9087"}],"curies":[{"name":"wp","href":"https:\/\/api.w.org\/{rel}","templated":true}]}}