{"id":9089,"date":"2011-05-20T16:38:52","date_gmt":"2011-05-20T14:38:52","guid":{"rendered":"http:\/\/klubmamgdynia.pl\/index.php\/produkt\/squishmallows-xiomara-czarna-pantera-miekki-pluszak\/"},"modified":"2026-04-03T16:00:39","modified_gmt":"2026-04-03T14:00:39","slug":"squishmallows-xiomara-czarna-pantera-miekki-pluszak","status":"publish","type":"product","link":"http:\/\/klubmamgdynia.pl\/index.php\/produkt\/squishmallows-xiomara-czarna-pantera-miekki-pluszak\/","title":{"rendered":"Squishmallows Xiomara Czarna Pantera Mi\u0119kki Pluszak"},"content":{"rendered":"<h2>Squishmallows Xiomara Czarna Pantera Mi\u0119kki Pluszak Jazwares<\/h2>\n<p>test z opowie\u015bci z narnii, my jeste\u015bmy krasnoludki tekst, lilianna, walentynka dla syna, co mo\u017cna zrobi\u0107 na prima aprilis, zagadki matematyczne, bajki dla noworodka, zagadki wielkanocne dla dzieci, co kupi\u0107 na roczek dla ch\u0142opca, minecraft kolorowanki, maska karnawa\u0142owa pdf, niech \u017cyj\u0105 wakacje tekst, prezent dla nastolatk\u00f3w na \u015bwi\u0119ta, bajki dla ch\u0142opc\u00f3w do czytania, ksi\u0105\u017cka dla dzieci online, paj\u0105czek na rowerze test, rysunki do druku, test z lektury dynastia mizio\u0142k\u00f3w, kolorowanka lego ninjago, pomys\u0142 na prezent dla 15 latki<\/p>\n<p>yyyyy<\/p>\n<p>&nbsp;<\/p>\n","protected":false},"excerpt":{"rendered":"<p>Squishmallows Xiomara Czarna Pantera Mi\u0119kki Pluszak Jazwares test z opowie\u015bci z narnii, my jeste\u015bmy krasnoludki tekst, lilianna, walentynka dla syna, co mo\u017cna zrobi\u0107 na prima aprilis, zagadki matematyczne, bajki dla noworodka, zagadki wielkanocne dla dzieci, co kupi\u0107 na roczek dla ch\u0142opca, minecraft kolorowanki, maska karnawa\u0142owa pdf, niech \u017cyj\u0105 wakacje tekst, prezent dla nastolatk\u00f3w na \u015bwi\u0119ta, [&hellip;]<\/p>\n","protected":false},"featured_media":9090,"comment_status":"closed","ping_status":"open","template":"","meta":[],"product_cat":[912,42],"product_tag":[669,699,586,581,805],"class_list":["post-9089","product","type-product","status-publish","has-post-thumbnail","hentry","product_cat-jazwares","product_cat-maskotki","product_tag-kolorowanki","product_tag-kolorowanki-do-druku-dla-dziewczyn","product_tag-smieszne-zagadki","product_tag-zagadki-dla-8-latka","product_tag-znaczenie-imienia-alan"],"_links":{"self":[{"href":"http:\/\/klubmamgdynia.pl\/index.php\/wp-json\/wp\/v2\/product\/9089","targetHints":{"allow":["GET"]}}],"collection":[{"href":"http:\/\/klubmamgdynia.pl\/index.php\/wp-json\/wp\/v2\/product"}],"about":[{"href":"http:\/\/klubmamgdynia.pl\/index.php\/wp-json\/wp\/v2\/types\/product"}],"replies":[{"embeddable":true,"href":"http:\/\/klubmamgdynia.pl\/index.php\/wp-json\/wp\/v2\/comments?post=9089"}],"wp:featuredmedia":[{"embeddable":true,"href":"http:\/\/klubmamgdynia.pl\/index.php\/wp-json\/wp\/v2\/media\/9090"}],"wp:attachment":[{"href":"http:\/\/klubmamgdynia.pl\/index.php\/wp-json\/wp\/v2\/media?parent=9089"}],"wp:term":[{"taxonomy":"product_cat","embeddable":true,"href":"http:\/\/klubmamgdynia.pl\/index.php\/wp-json\/wp\/v2\/product_cat?post=9089"},{"taxonomy":"product_tag","embeddable":true,"href":"http:\/\/klubmamgdynia.pl\/index.php\/wp-json\/wp\/v2\/product_tag?post=9089"}],"curies":[{"name":"wp","href":"https:\/\/api.w.org\/{rel}","templated":true}]}}