{"id":9091,"date":"2024-04-24T08:04:12","date_gmt":"2024-04-24T06:04:12","guid":{"rendered":"http:\/\/klubmamgdynia.pl\/?post_type=product&#038;p=9091"},"modified":"2026-04-19T02:26:46","modified_gmt":"2026-04-19T00:26:46","slug":"dickie-police-dodge-charger-33cm-as","status":"publish","type":"product","link":"http:\/\/klubmamgdynia.pl\/index.php\/produkt\/dickie-police-dodge-charger-33cm-as\/","title":{"rendered":"Dickie Police Dodge Charger 33Cm As"},"content":{"rendered":"<p>Radiow\u00f3z ma czarn\u0105 karoseri\u0119 z bia\u0142ymi i szarymi elementami. Posiada 4, du\u017ce plastikowych k\u00f3\u0142.Na dachu pojazdu znajduje si\u0119 przycisk uruchamiaj\u0105cy nap\u0119d, oraz drugi, kt\u00f3ry otwiera baga\u017cnik.<\/p>\n<h2>Dickie Police Dodge Charger 33Cm As Dickie<\/h2>\n<p>pewna \u017caba by\u0142a s\u0142aba, pola imie, zimowe zagadki dla dzieci, origami dla dzieci, test detektyw pozytywka, quiz o zwierz\u0119tach domowych, otto, regina, nadia imi\u0119, \u015bwinka peppa bajki do czytania, zagadki logiczne dla dzieci, halszka, nauczyciel cytaty, domki nad morzem z atrakcjami dla dzieci, kolorowanka antystresowa, prezenty dla nastolatek, quizy psi patrol, kalina imi\u0119<\/p>\n<p>yyyyy<\/p>\n<p>&nbsp;<\/p>\n","protected":false},"excerpt":{"rendered":"<p>Radiow\u00f3z ma czarn\u0105 karoseri\u0119 z bia\u0142ymi i szarymi elementami. Posiada 4, du\u017ce plastikowych k\u00f3\u0142.Na dachu pojazdu znajduje si\u0119 przycisk uruchamiaj\u0105cy nap\u0119d, oraz drugi, kt\u00f3ry otwiera baga\u017cnik. Dickie Police Dodge Charger 33Cm As Dickie pewna \u017caba by\u0142a s\u0142aba, pola imie, zimowe zagadki dla dzieci, origami dla dzieci, test detektyw pozytywka, quiz o zwierz\u0119tach domowych, otto, regina, [&hellip;]<\/p>\n","protected":false},"featured_media":9092,"comment_status":"closed","ping_status":"open","template":"","meta":[],"product_cat":[83,1637],"product_tag":[772,654,850,799,600],"class_list":["post-9091","product","type-product","status-publish","has-post-thumbnail","hentry","product_cat-auta-i-inne-pojazdy-do-zabawy","product_cat-dickie","product_tag-45-panstw-europy-i-ich-stolice-quiz","product_tag-krotkie-bajki-dla-dzieci-do-czytania","product_tag-wroclaw-atrakcje-dla-dzieci","product_tag-zagadka-logiczna","product_tag-zaproszenia-na-urodziny-do-druku"],"_links":{"self":[{"href":"http:\/\/klubmamgdynia.pl\/index.php\/wp-json\/wp\/v2\/product\/9091","targetHints":{"allow":["GET"]}}],"collection":[{"href":"http:\/\/klubmamgdynia.pl\/index.php\/wp-json\/wp\/v2\/product"}],"about":[{"href":"http:\/\/klubmamgdynia.pl\/index.php\/wp-json\/wp\/v2\/types\/product"}],"replies":[{"embeddable":true,"href":"http:\/\/klubmamgdynia.pl\/index.php\/wp-json\/wp\/v2\/comments?post=9091"}],"wp:featuredmedia":[{"embeddable":true,"href":"http:\/\/klubmamgdynia.pl\/index.php\/wp-json\/wp\/v2\/media\/9092"}],"wp:attachment":[{"href":"http:\/\/klubmamgdynia.pl\/index.php\/wp-json\/wp\/v2\/media?parent=9091"}],"wp:term":[{"taxonomy":"product_cat","embeddable":true,"href":"http:\/\/klubmamgdynia.pl\/index.php\/wp-json\/wp\/v2\/product_cat?post=9091"},{"taxonomy":"product_tag","embeddable":true,"href":"http:\/\/klubmamgdynia.pl\/index.php\/wp-json\/wp\/v2\/product_tag?post=9091"}],"curies":[{"name":"wp","href":"https:\/\/api.w.org\/{rel}","templated":true}]}}