{"id":9093,"date":"2020-12-08T23:15:52","date_gmt":"2020-12-08T22:15:52","guid":{"rendered":"http:\/\/klubmamgdynia.pl\/index.php\/produkt\/vulli-sophie-pierwsze-sztucce-450406\/"},"modified":"2026-05-17T22:38:27","modified_gmt":"2026-05-17T20:38:27","slug":"vulli-sophie-pierwsze-sztucce-450406","status":"publish","type":"product","link":"http:\/\/klubmamgdynia.pl\/index.php\/produkt\/vulli-sophie-pierwsze-sztucce-450406\/","title":{"rendered":"Vulli Sophie pierwsze sztu\u0107ce (450406)"},"content":{"rendered":"<p>Sophie \u0141y\u017ceczka i Widelec do Nauki JedzeniaUchwyty z tworzywa sztucznego, bez ftalan\u00f3w i BPA. Cz\u0119\u015b\u0107 wk\u0142adana do buzi jest metalowa o zaokr\u0105glonym kszta\u0142cie. Produktu nie wolno wyparza\u0107, wygotowywa\u0107, ani umieszcza\u0107 w zmywarce. My\u0107 r\u0119cznie p\u0142ynem do mycia naczy\u0144, obficie p\u0142ucz\u0105c wod\u0105 i wycieraj\u0105c do sucha. Sprawdza\u0107 przed ka\u017cdym u\u017cyciem. Wyrzuci\u0107 gdy pierwsze oznaki zniszczenia.Uwaga! Produkt NIE JEST ZABAWK\u0104. Nigdy nie zostawiaj malucha bez uwagi podczas jedzenia. Sprawdzaj temperatur\u0119 posi\u0142ku zawsze przed podaniem go dziecku.<\/p>\n<h2>Vulli Sophie pierwsze sztu\u0107ce (450406) Vulli<\/h2>\n<p>w\u0142ochy, ju\u017c blisko kol\u0119da tekst, prima aprilis pomys\u0142y, wroc\u0142aw dla dzieci, piosenka na dzie\u0144 mamy tekst, trudne zagadki dla dzieci, maska do druku, uk\u0142ad s\u0142oneczny kolorowanka, sentencje o rodzinie, bursztynek, bajka psi patrol do czytania, warszawa atrakcje dla m\u0142odzie\u017cy, roszpunka kolorowanka, prezent na 1 urodziny, papugi do druku, myszka minnie kolorowanka<\/p>\n<p>yyyyy<\/p>\n<p>&nbsp;<\/p>\n","protected":false},"excerpt":{"rendered":"<p>Sophie \u0141y\u017ceczka i Widelec do Nauki JedzeniaUchwyty z tworzywa sztucznego, bez ftalan\u00f3w i BPA. Cz\u0119\u015b\u0107 wk\u0142adana do buzi jest metalowa o zaokr\u0105glonym kszta\u0142cie. Produktu nie wolno wyparza\u0107, wygotowywa\u0107, ani umieszcza\u0107 w zmywarce. My\u0107 r\u0119cznie p\u0142ynem do mycia naczy\u0144, obficie p\u0142ucz\u0105c wod\u0105 i wycieraj\u0105c do sucha. Sprawdza\u0107 przed ka\u017cdym u\u017cyciem. Wyrzuci\u0107 gdy pierwsze oznaki zniszczenia.Uwaga! Produkt [&hellip;]<\/p>\n","protected":false},"featured_media":9094,"comment_status":"closed","ping_status":"open","template":"","meta":[],"product_cat":[215,1489],"product_tag":[819,860,756],"class_list":["post-9093","product","type-product","status-publish","has-post-thumbnail","hentry","product_cat-naczynia-i-sztucce-dla-dzieci","product_cat-vulli","product_tag-co-kupic-nastolatce-na-swieta","product_tag-zagadki-logiczne-dla-doroslych","product_tag-zaproszenie-na-urodziny-do-druku"],"_links":{"self":[{"href":"http:\/\/klubmamgdynia.pl\/index.php\/wp-json\/wp\/v2\/product\/9093","targetHints":{"allow":["GET"]}}],"collection":[{"href":"http:\/\/klubmamgdynia.pl\/index.php\/wp-json\/wp\/v2\/product"}],"about":[{"href":"http:\/\/klubmamgdynia.pl\/index.php\/wp-json\/wp\/v2\/types\/product"}],"replies":[{"embeddable":true,"href":"http:\/\/klubmamgdynia.pl\/index.php\/wp-json\/wp\/v2\/comments?post=9093"}],"wp:featuredmedia":[{"embeddable":true,"href":"http:\/\/klubmamgdynia.pl\/index.php\/wp-json\/wp\/v2\/media\/9094"}],"wp:attachment":[{"href":"http:\/\/klubmamgdynia.pl\/index.php\/wp-json\/wp\/v2\/media?parent=9093"}],"wp:term":[{"taxonomy":"product_cat","embeddable":true,"href":"http:\/\/klubmamgdynia.pl\/index.php\/wp-json\/wp\/v2\/product_cat?post=9093"},{"taxonomy":"product_tag","embeddable":true,"href":"http:\/\/klubmamgdynia.pl\/index.php\/wp-json\/wp\/v2\/product_tag?post=9093"}],"curies":[{"name":"wp","href":"https:\/\/api.w.org\/{rel}","templated":true}]}}