{"id":9095,"date":"2012-05-10T14:54:10","date_gmt":"2012-05-10T12:54:10","guid":{"rendered":"http:\/\/klubmamgdynia.pl\/index.php\/produkt\/vulli-klorofil-rodzina-wiewiorek-nutnut-700301f\/"},"modified":"2026-04-22T15:59:24","modified_gmt":"2026-04-22T13:59:24","slug":"vulli-klorofil-rodzina-wiewiorek-nutnut-700301f","status":"publish","type":"product","link":"http:\/\/klubmamgdynia.pl\/index.php\/produkt\/vulli-klorofil-rodzina-wiewiorek-nutnut-700301f\/","title":{"rendered":"Vulli Klorofil Rodzina Wiewi\u00f3rek Nutnut 700301F"},"content":{"rendered":"<p>Ka\u017cdego ranka s\u0142o\u0144ce wstaje w magicznym \u015bwiecie Klorofilu, w kt\u00f3rym pracowita rodzina wiewi\u00f3rek, pr\u00f3cz zabawy z przyjaci\u00f3\u0142mi zawsze robi zapasy orzeszk\u00f3w, cho\u0107 czasem zapomina gdzie je schowa\u0142a. Tata Simon zawsze szuka \u017co\u0142\u0119dzi, mama Betty uwielbia d\u0142ugie spacery po lesie, c\u00f3reczka Mia, kt\u00f3ra kocha s\u0142odycze ma uroczego ma\u0142ego braciszka Marca.<\/p>\n<h2>Vulli Klorofil Rodzina Wiewi\u00f3rek Nutnut 700301F Vulli<\/h2>\n<p>by\u0142a sobie \u017cabka ma\u0142a tekst, kiedy dzieci chodza na halloween, carmen imi\u0119, mini zoo \u015bl\u0105sk, prezent dla dziecka 1 rok, maski do wydruku, prezenty na roczek dla dziewczynki, dyplomy do druku, \u015bw przemys\u0142aw, \u0142atwe laurki, \u017carty na prima aprilis dla mamy, najrzadsze imiona dla dziewczynek, kolorowanki andrzejki do wydruku, \u0142amig\u0142\u00f3wki dla dzieci do druku, bajki na dobranoc dla dzieci<\/p>\n<p>yyyyy<\/p>\n<p>&nbsp;<\/p>\n","protected":false},"excerpt":{"rendered":"<p>Ka\u017cdego ranka s\u0142o\u0144ce wstaje w magicznym \u015bwiecie Klorofilu, w kt\u00f3rym pracowita rodzina wiewi\u00f3rek, pr\u00f3cz zabawy z przyjaci\u00f3\u0142mi zawsze robi zapasy orzeszk\u00f3w, cho\u0107 czasem zapomina gdzie je schowa\u0142a. Tata Simon zawsze szuka \u017co\u0142\u0119dzi, mama Betty uwielbia d\u0142ugie spacery po lesie, c\u00f3reczka Mia, kt\u00f3ra kocha s\u0142odycze ma uroczego ma\u0142ego braciszka Marca. Vulli Klorofil Rodzina Wiewi\u00f3rek Nutnut 700301F [&hellip;]<\/p>\n","protected":false},"featured_media":9096,"comment_status":"closed","ping_status":"open","template":"","meta":[],"product_cat":[95,1489],"product_tag":[747,644,846],"class_list":["post-9095","product","type-product","status-publish","has-post-thumbnail","hentry","product_cat-figurki-makiety-i-zestawy","product_cat-vulli","product_tag-malowanki-do-druku","product_tag-mia","product_tag-rysowanki"],"_links":{"self":[{"href":"http:\/\/klubmamgdynia.pl\/index.php\/wp-json\/wp\/v2\/product\/9095","targetHints":{"allow":["GET"]}}],"collection":[{"href":"http:\/\/klubmamgdynia.pl\/index.php\/wp-json\/wp\/v2\/product"}],"about":[{"href":"http:\/\/klubmamgdynia.pl\/index.php\/wp-json\/wp\/v2\/types\/product"}],"replies":[{"embeddable":true,"href":"http:\/\/klubmamgdynia.pl\/index.php\/wp-json\/wp\/v2\/comments?post=9095"}],"wp:featuredmedia":[{"embeddable":true,"href":"http:\/\/klubmamgdynia.pl\/index.php\/wp-json\/wp\/v2\/media\/9096"}],"wp:attachment":[{"href":"http:\/\/klubmamgdynia.pl\/index.php\/wp-json\/wp\/v2\/media?parent=9095"}],"wp:term":[{"taxonomy":"product_cat","embeddable":true,"href":"http:\/\/klubmamgdynia.pl\/index.php\/wp-json\/wp\/v2\/product_cat?post=9095"},{"taxonomy":"product_tag","embeddable":true,"href":"http:\/\/klubmamgdynia.pl\/index.php\/wp-json\/wp\/v2\/product_tag?post=9095"}],"curies":[{"name":"wp","href":"https:\/\/api.w.org\/{rel}","templated":true}]}}