{"id":9097,"date":"2010-10-29T02:58:16","date_gmt":"2010-10-29T00:58:16","guid":{"rendered":"http:\/\/klubmamgdynia.pl\/index.php\/produkt\/kindii-bamboo-miekkie-platki-kosmetyczne-dla-dzieci-i-niemowlat-60szt\/"},"modified":"2026-04-06T11:23:53","modified_gmt":"2026-04-06T09:23:53","slug":"kindii-bamboo-miekkie-platki-kosmetyczne-dla-dzieci-i-niemowlat-60szt","status":"publish","type":"product","link":"http:\/\/klubmamgdynia.pl\/index.php\/produkt\/kindii-bamboo-miekkie-platki-kosmetyczne-dla-dzieci-i-niemowlat-60szt\/","title":{"rendered":"Kindii Bamboo Mi\u0119kkie P\u0142atki Kosmetyczne Dla Dzieci I Niemowl\u0105t 60Szt."},"content":{"rendered":"<p>60 sztukCleanic Kindii Bamboo to p\u0142atki do codziennej piel\u0119gnacji niemowl\u0105t i dzieci wykonane z bawe\u0142ny oraz wiskozy pozyskanej z bambusa. Materia\u0142 ten sprawia, \u017ce s\u0105 one mi\u0119kkie i delikatne dla ka\u017cdego rodzaju sk\u00f3ry. P\u0142atki nie rozwarstwiaj\u0105 si\u0119 i nie pozostawiaj\u0105 na sk\u00f3rze maluszka \u017cadnych w\u0142\u00f3kien, a w dodatku s\u0105 ch\u0142onne. U\u0142atwiaj\u0105 wygodn\u0105 piel\u0119gnacj\u0119 z u\u017cyciem wody, czy wszelkich innych kosmetyk\u00f3w do piel\u0119gnacji dzieci. P\u0142atki Cleanic Kindii Bamboo s\u0105 w 100% wega\u0144skie, nie zawieraj\u0105 sk\u0142adnik\u00f3w zwierz\u0119cych ani odzwierz\u0119cych. Zapakowane s\u0105 w opakowanie biodegradowalne w pe\u0142ni podlegaj\u0105ce recyklingowi.Codzienna piel\u0119gnacja delikatnej sk\u00f3ry niemowl\u0105t i dzieci.Haper Hygienics S.A.ul. Rac\u0142awicka 9902-634 WarszawaPolskaProdukt Cleanic Kindii Bamboo posiada certyfikat Vegan Society.du\u017cy p\u0142atek w rozmiarze 110 mm x 90 mm,wykonany z bawe\u0142ny i wiskozy pozyskanej z bambusa,zapakowane w opakowanie jednosk\u0142adnikowe podlegaj\u0105ce recyklingowi,produkt odpowiedni dla wegan,p\u0142atki przyjazne \u015brodowisku,mi\u0119kkie i delikatne,nie rozwarstwiaj\u0105 si\u0119.Nale\u017cy wyj\u0105\u0107 p\u0142atek z opakowania.Nas\u0105cz wacik wod\u0105 b\u0105d\u017a, nanie\u015b na niego potrzebny kosmetyk.Przetrzyj miejsca maluszka, kt\u00f3re wymaga piel\u0119gnacji.Zu\u017cyty p\u0142atek wyrzu\u0107 do kosza.<\/p>\n<h2>Kindii Bamboo Mi\u0119kkie P\u0142atki Kosmetyczne Dla Dzieci I Niemowl\u0105t 60Szt. Harper Hygienics<\/h2>\n<p>zagadki z odpowiedziami dla dzieci, kolorowanki do druku dla doros\u0142ych, alan imie, w zieleni \u0142\u0105ka majowa tekst, zagadki dla dzieci 7-8 lat, eksperyment dla dzieci wulkan, pomys\u0142y na pakowanie prezent\u00f3w, zabawy dla 5-6 latk\u00f3w, kolorowanki do druku zwierz\u0119ta, prezent dla ch\u0142opca na roczek, maski zwierz\u0105t szablony do druku<\/p>\n<p>yyyyy<\/p>\n<p>&nbsp;<\/p>\n","protected":false},"excerpt":{"rendered":"<p>60 sztukCleanic Kindii Bamboo to p\u0142atki do codziennej piel\u0119gnacji niemowl\u0105t i dzieci wykonane z bawe\u0142ny oraz wiskozy pozyskanej z bambusa. Materia\u0142 ten sprawia, \u017ce s\u0105 one mi\u0119kkie i delikatne dla ka\u017cdego rodzaju sk\u00f3ry. P\u0142atki nie rozwarstwiaj\u0105 si\u0119 i nie pozostawiaj\u0105 na sk\u00f3rze maluszka \u017cadnych w\u0142\u00f3kien, a w dodatku s\u0105 ch\u0142onne. U\u0142atwiaj\u0105 wygodn\u0105 piel\u0119gnacj\u0119 z u\u017cyciem [&hellip;]<\/p>\n","protected":false},"featured_media":9098,"comment_status":"closed","ping_status":"open","template":"","meta":[],"product_cat":[1777,474],"product_tag":[664,645,633,607],"class_list":["post-9097","product","type-product","status-publish","has-post-thumbnail","hentry","product_cat-harper-hygienics","product_cat-kosmetyki-dla-dzieci-i-niemowlat","product_tag-atrakcje-dla-dzieci-trojmiasto","product_tag-latwe-zagadki","product_tag-zagadki-z-odpowiedziami","product_tag-zarty-na-prima-aprilis-dla-rodzicow"],"_links":{"self":[{"href":"http:\/\/klubmamgdynia.pl\/index.php\/wp-json\/wp\/v2\/product\/9097","targetHints":{"allow":["GET"]}}],"collection":[{"href":"http:\/\/klubmamgdynia.pl\/index.php\/wp-json\/wp\/v2\/product"}],"about":[{"href":"http:\/\/klubmamgdynia.pl\/index.php\/wp-json\/wp\/v2\/types\/product"}],"replies":[{"embeddable":true,"href":"http:\/\/klubmamgdynia.pl\/index.php\/wp-json\/wp\/v2\/comments?post=9097"}],"wp:featuredmedia":[{"embeddable":true,"href":"http:\/\/klubmamgdynia.pl\/index.php\/wp-json\/wp\/v2\/media\/9098"}],"wp:attachment":[{"href":"http:\/\/klubmamgdynia.pl\/index.php\/wp-json\/wp\/v2\/media?parent=9097"}],"wp:term":[{"taxonomy":"product_cat","embeddable":true,"href":"http:\/\/klubmamgdynia.pl\/index.php\/wp-json\/wp\/v2\/product_cat?post=9097"},{"taxonomy":"product_tag","embeddable":true,"href":"http:\/\/klubmamgdynia.pl\/index.php\/wp-json\/wp\/v2\/product_tag?post=9097"}],"curies":[{"name":"wp","href":"https:\/\/api.w.org\/{rel}","templated":true}]}}