{"id":9099,"date":"2011-03-17T09:44:43","date_gmt":"2011-03-17T08:44:43","guid":{"rendered":"http:\/\/klubmamgdynia.pl\/index.php\/produkt\/abc-pojazdy-miejskie-3-rodzaje\/"},"modified":"2026-04-26T14:04:57","modified_gmt":"2026-04-26T12:04:57","slug":"abc-pojazdy-miejskie-3-rodzaje","status":"publish","type":"product","link":"http:\/\/klubmamgdynia.pl\/index.php\/produkt\/abc-pojazdy-miejskie-3-rodzaje\/","title":{"rendered":"Abc pojazdy miejskie, 3 rodzaje"},"content":{"rendered":"<p>ABC Pojazdy miejskie, 3 rodzaje Kolorowe autka z zabawnymi oczami przeznaczone dla najm\u0142odszych mi\u0142o\u015bnik\u00f3w motoryzacji, nap\u0119d spr\u0119\u017cynowy, otwierane drzwi. Wielko\u015b\u0107: 14,5 cm<\/p>\n<h2>Abc pojazdy miejskie, 3 rodzaje Dickie<\/h2>\n<p>mini zoo mazowieckie, przyja\u017a\u0144, bajeczki na dobranoc, zagadki na logiczne my\u015blenie, pierwsze urodziny prezent na roczek dla dziewczynki, test z lektury kajko i kokosz szko\u0142a latania, prezent roczek dziewczynka, choinko pi\u0119kna jak las tekst, szymon znaczenie imiona, po\u0142\u0105cz kropki do druku, kolorowanka traktor, koty do druku, zagadka, domowe syropy na zim\u0119, zagadki na dzie\u0144 przedszkolaka, prezent na roczek dla chlopca, zaproszenie na urodziny dziecka do druku, zosia samosia, dziwne zagadki, literki do druku, \u017carty na prima aprilis dla ch\u0142opaka<\/p>\n<p>yyyyy<\/p>\n<p>&nbsp;<\/p>\n","protected":false},"excerpt":{"rendered":"<p>ABC Pojazdy miejskie, 3 rodzaje Kolorowe autka z zabawnymi oczami przeznaczone dla najm\u0142odszych mi\u0142o\u015bnik\u00f3w motoryzacji, nap\u0119d spr\u0119\u017cynowy, otwierane drzwi. Wielko\u015b\u0107: 14,5 cm Abc pojazdy miejskie, 3 rodzaje Dickie mini zoo mazowieckie, przyja\u017a\u0144, bajeczki na dobranoc, zagadki na logiczne my\u015blenie, pierwsze urodziny prezent na roczek dla dziewczynki, test z lektury kajko i kokosz szko\u0142a latania, prezent [&hellip;]<\/p>\n","protected":false},"featured_media":9100,"comment_status":"closed","ping_status":"open","template":"","meta":[],"product_cat":[83,1637],"product_tag":[750,749,620],"class_list":["post-9099","product","type-product","status-publish","has-post-thumbnail","hentry","product_cat-auta-i-inne-pojazdy-do-zabawy","product_cat-dickie","product_tag-imie-kostek","product_tag-najlepsze-zarty-na-prima-aprilis","product_tag-quiz-opowiesci-z-narnii"],"_links":{"self":[{"href":"http:\/\/klubmamgdynia.pl\/index.php\/wp-json\/wp\/v2\/product\/9099","targetHints":{"allow":["GET"]}}],"collection":[{"href":"http:\/\/klubmamgdynia.pl\/index.php\/wp-json\/wp\/v2\/product"}],"about":[{"href":"http:\/\/klubmamgdynia.pl\/index.php\/wp-json\/wp\/v2\/types\/product"}],"replies":[{"embeddable":true,"href":"http:\/\/klubmamgdynia.pl\/index.php\/wp-json\/wp\/v2\/comments?post=9099"}],"wp:featuredmedia":[{"embeddable":true,"href":"http:\/\/klubmamgdynia.pl\/index.php\/wp-json\/wp\/v2\/media\/9100"}],"wp:attachment":[{"href":"http:\/\/klubmamgdynia.pl\/index.php\/wp-json\/wp\/v2\/media?parent=9099"}],"wp:term":[{"taxonomy":"product_cat","embeddable":true,"href":"http:\/\/klubmamgdynia.pl\/index.php\/wp-json\/wp\/v2\/product_cat?post=9099"},{"taxonomy":"product_tag","embeddable":true,"href":"http:\/\/klubmamgdynia.pl\/index.php\/wp-json\/wp\/v2\/product_tag?post=9099"}],"curies":[{"name":"wp","href":"https:\/\/api.w.org\/{rel}","templated":true}]}}