{"id":9101,"date":"2023-08-31T08:34:16","date_gmt":"2023-08-31T06:34:16","guid":{"rendered":"http:\/\/klubmamgdynia.pl\/?post_type=product&#038;p=9101"},"modified":"2026-04-05T23:35:22","modified_gmt":"2026-04-05T21:35:22","slug":"siku-super-wywrotka-john-deere-s3506","status":"publish","type":"product","link":"http:\/\/klubmamgdynia.pl\/index.php\/produkt\/siku-super-wywrotka-john-deere-s3506\/","title":{"rendered":"Siku Super Wywrotka John Deere S3506"},"content":{"rendered":"<p>Siku super wywrotka John Deere 3506Mark\u0119 John Deere spotkamy nie tylko na polach, ale i na placach budowy. Pot\u0119\u017cna, przegubowa wywrotka 410E w skali 1:50 to pierwszy pojazd budowlany marki John Deere w asortymencie SIKU. Szczeg\u00f3\u0142owe odwzorowanie modelu, obejmuj\u0105ce wytrzyma\u0142y przegub, uzupe\u0142nia masywna metalowa skrzynia, kt\u00f3r\u0105 mo\u017cna przechyla\u0107. Pot\u0119\u017cne ko\u0142a wykonane s\u0105 z pokrytego gum\u0105 materia\u0142u.Producent:SikuProdukt:3506Wiek:3+<\/p>\n<h2>Siku Super Wywrotka John Deere S3506 Siku<\/h2>\n<p>marcel imie, kuba imie, ciasteczka na halloween dla dzieci, imi\u0119 natan, chase kolorowanka, prezent na pierwsze urodziny, asiunia test z lektury, kuku\u0142eczka kuka tekst, smoki rysunek, zagadka logiczna, prezenty dla nastolatk\u00f3w, kr\u00f3tkie bajki na dobranoc o mi\u0142o\u015bci, przyja\u017a\u0144 cytaty, zagadki logiczne trudne, zabawy z 7 latkiem, zagadki rymowanki dla dzieci, bajki do czytania psi patrol, kolorowanka super zings<\/p>\n<p>yyyyy<\/p>\n<p>&nbsp;<\/p>\n","protected":false},"excerpt":{"rendered":"<p>Siku super wywrotka John Deere 3506Mark\u0119 John Deere spotkamy nie tylko na polach, ale i na placach budowy. Pot\u0119\u017cna, przegubowa wywrotka 410E w skali 1:50 to pierwszy pojazd budowlany marki John Deere w asortymencie SIKU. Szczeg\u00f3\u0142owe odwzorowanie modelu, obejmuj\u0105ce wytrzyma\u0142y przegub, uzupe\u0142nia masywna metalowa skrzynia, kt\u00f3r\u0105 mo\u017cna przechyla\u0107. Pot\u0119\u017cne ko\u0142a wykonane s\u0105 z pokrytego gum\u0105 [&hellip;]<\/p>\n","protected":false},"featured_media":9102,"comment_status":"closed","ping_status":"open","template":"","meta":[],"product_cat":[83,300],"product_tag":[863,780,613,767],"class_list":["post-9101","product","type-product","status-publish","has-post-thumbnail","hentry","product_cat-auta-i-inne-pojazdy-do-zabawy","product_cat-siku","product_tag-bajki-dla-dziewczynek","product_tag-krecik-bajka","product_tag-na-wyspach-bergamutach","product_tag-zaproszenia-urodzinowe-do-druku"],"_links":{"self":[{"href":"http:\/\/klubmamgdynia.pl\/index.php\/wp-json\/wp\/v2\/product\/9101","targetHints":{"allow":["GET"]}}],"collection":[{"href":"http:\/\/klubmamgdynia.pl\/index.php\/wp-json\/wp\/v2\/product"}],"about":[{"href":"http:\/\/klubmamgdynia.pl\/index.php\/wp-json\/wp\/v2\/types\/product"}],"replies":[{"embeddable":true,"href":"http:\/\/klubmamgdynia.pl\/index.php\/wp-json\/wp\/v2\/comments?post=9101"}],"wp:featuredmedia":[{"embeddable":true,"href":"http:\/\/klubmamgdynia.pl\/index.php\/wp-json\/wp\/v2\/media\/9102"}],"wp:attachment":[{"href":"http:\/\/klubmamgdynia.pl\/index.php\/wp-json\/wp\/v2\/media?parent=9101"}],"wp:term":[{"taxonomy":"product_cat","embeddable":true,"href":"http:\/\/klubmamgdynia.pl\/index.php\/wp-json\/wp\/v2\/product_cat?post=9101"},{"taxonomy":"product_tag","embeddable":true,"href":"http:\/\/klubmamgdynia.pl\/index.php\/wp-json\/wp\/v2\/product_tag?post=9101"}],"curies":[{"name":"wp","href":"https:\/\/api.w.org\/{rel}","templated":true}]}}