{"id":9103,"date":"2019-02-17T02:33:40","date_gmt":"2019-02-17T01:33:40","guid":{"rendered":"http:\/\/klubmamgdynia.pl\/index.php\/produkt\/dk-koraliki-do-prasowania-prasowanka-szablon-saszetka-pies-piesek-w-obrozy\/"},"modified":"2026-04-26T15:58:11","modified_gmt":"2026-04-26T13:58:11","slug":"dk-koraliki-do-prasowania-prasowanka-szablon-saszetka-pies-piesek-w-obrozy","status":"publish","type":"product","link":"http:\/\/klubmamgdynia.pl\/index.php\/produkt\/dk-koraliki-do-prasowania-prasowanka-szablon-saszetka-pies-piesek-w-obrozy\/","title":{"rendered":"Dk Koraliki Do Prasowania Prasowanka Szablon Saszetka Pies Piesek W Obro\u017cy"},"content":{"rendered":"<p>Koraliki do prasowania, Prasowanka, Szablon, Saszetka PIES, PIESEK W OBRO\u017bYKolorowe koraliki do prasowania to \u015bwietny pomys\u0142 na tw\u00f3rcz\u0105 zabaw\u0119 &#8211; skutecznie zajmuj\u0105 na d\u0142ugi czas i wyzwalaj\u0105 absolutny wulkan kreatywnych pomys\u0142\u00f3w!Pomys\u0142owe dziecko &#8211; dumny rodzicJest to zabawka do samodzielnego zbudowania. Zestaw sk\u0142ada si\u0119 z wielu kolorowych, plastikowych koralik\u00f3w oraz szablonu z konkretnym wzorem. Super zestaw zapewni ka\u017cdemu dziecku mn\u00f3stwo weso\u0142ej zabawy.Zestaw ten rozwija:Motoryk\u0119 &#8211; gdy dzieci chwytaj\u0105 paluszkami lub p\u0119setk\u0105 koralik i umieszczaj\u0105 go na podk\u0142adce, doskonal\u0105 sprawno\u015b\u0107 d\u0142oni a w dodatku powtarzaj\u0105 t\u0119 czynno\u015b\u0107 mn\u00f3stwo razy,Koncentracj\u0119 &#8211; proces tworzenia wymaga skupienia uwagi,Spostrzegawczo\u015b\u0107 &#8211; dzieci wyszukuj\u0105 odpowiednie, potrzebne do danego uk\u0142adu kolory,Wytrwa\u0142o\u015b\u0107 i cierpliwo\u015b\u0107 &#8211; aby uzyska\u0107 efekt trzeba si\u0119 napracowa\u0107, czasami koralik ucieknie z paluszka, czasami si\u0119 przewr\u00f3ci itd.Oryginalne dzie\u0142a sztukiZaprasowanymi koralikami mo\u017cna udekorowa\u0107 pok\u00f3j, zrobi\u0107 sobie z nich breloczek do kluczy, zawieszk\u0119, tworzy\u0107 obrazy a nawet podk\u0142adk\u0119 pod kubek.Instrukcja:U\u0142\u00f3\u017c koraliki na podstawce z szablonem, Gdy uk\u0142ad jest ju\u017c gotowy &#8211; przykryj go papierem do pieczenia,Przyprasuj wz\u00f3r przez kilka sekund ciep\u0142ym \/ gor\u0105cym \u017celazkiem, tak aby koraliki stopi\u0142y si\u0119 w jedn\u0105 ca\u0142o\u015b\u0107, Od\u0142\u00f3\u017c prasowank\u0119 do sch\u0142odzenia &#8211; po\u0142\u00f3\u017c na p\u0142askiej, najlepiej ch\u0142odnej powierzchni i nie zginaj.Uwaga:w momencie prasowania koralik\u00f3w wymagana jest pomoc osoby doros\u0142ej.Zestaw zawiera:Podk\u0142adk\u0119 do u\u0142o\u017cenia wzoru,Szablon,Koraliki w kolorach z szablonu,P\u0119set\u0119,Papier do prasowania,Opakowanie &#8211; saszetk\u0119 z zamykaniem strunowym.Specyfikacja:Produkt odpowiedni dla: dzieci powy\u017cej 6 roku \u017cyciaWymiary opakowania: ok. 18,5 x 12,3 x 1,5cmWymiary podk\u0142adki: ok. 7,5 x 10cm<\/p>\n<h2>Dk Koraliki Do Prasowania Prasowanka Szablon Saszetka Pies Piesek W Obro\u017cy Dk<\/h2>\n<p>bajka o piesku do czytania, \u0142amig\u0142\u00f3wki matematyczne, zabawy dla 7 latki, prezent dla nastolatka, ko\u0142ysanki dla dzieci tekst, lol kolorowanki do druku, wiersze o wakacjach, pi\u0119kne cytaty o synku, wycinanki do druku, kolorowanka smok wawelski, koty kolorowanka, tekst ko\u0142ysanki, prezenty na roczek dla dziewczynki, zagadki \u015bwi\u0105teczne dla dzieci, cytaty o dzieciach i rodzicach, imie nadia, wiersze o wio\u015bnie jana brzechwy, bajka o kreciku, koty kolorowanka, bajki do czytania dla 6 latka<\/p>\n<p>yyyyy<\/p>\n<p>&nbsp;<\/p>\n","protected":false},"excerpt":{"rendered":"<p>Koraliki do prasowania, Prasowanka, Szablon, Saszetka PIES, PIESEK W OBRO\u017bYKolorowe koraliki do prasowania to \u015bwietny pomys\u0142 na tw\u00f3rcz\u0105 zabaw\u0119 &#8211; skutecznie zajmuj\u0105 na d\u0142ugi czas i wyzwalaj\u0105 absolutny wulkan kreatywnych pomys\u0142\u00f3w!Pomys\u0142owe dziecko &#8211; dumny rodzicJest to zabawka do samodzielnego zbudowania. Zestaw sk\u0142ada si\u0119 z wielu kolorowych, plastikowych koralik\u00f3w oraz szablonu z konkretnym wzorem. Super zestaw [&hellip;]<\/p>\n","protected":false},"featured_media":9104,"comment_status":"closed","ping_status":"open","template":"","meta":[],"product_cat":[408,21],"product_tag":[666,801,864,717,591,760],"class_list":["post-9103","product","type-product","status-publish","has-post-thumbnail","hentry","product_cat-dk","product_cat-zabawki-plastyczne","product_tag-afrykanskie-imiona","product_tag-bajki-terapeutyczne-o-emocjach","product_tag-basen-warszawa","product_tag-prezent-roczek","product_tag-quiz-o-minecraft","product_tag-zagadka-matematyczna"],"_links":{"self":[{"href":"http:\/\/klubmamgdynia.pl\/index.php\/wp-json\/wp\/v2\/product\/9103","targetHints":{"allow":["GET"]}}],"collection":[{"href":"http:\/\/klubmamgdynia.pl\/index.php\/wp-json\/wp\/v2\/product"}],"about":[{"href":"http:\/\/klubmamgdynia.pl\/index.php\/wp-json\/wp\/v2\/types\/product"}],"replies":[{"embeddable":true,"href":"http:\/\/klubmamgdynia.pl\/index.php\/wp-json\/wp\/v2\/comments?post=9103"}],"wp:featuredmedia":[{"embeddable":true,"href":"http:\/\/klubmamgdynia.pl\/index.php\/wp-json\/wp\/v2\/media\/9104"}],"wp:attachment":[{"href":"http:\/\/klubmamgdynia.pl\/index.php\/wp-json\/wp\/v2\/media?parent=9103"}],"wp:term":[{"taxonomy":"product_cat","embeddable":true,"href":"http:\/\/klubmamgdynia.pl\/index.php\/wp-json\/wp\/v2\/product_cat?post=9103"},{"taxonomy":"product_tag","embeddable":true,"href":"http:\/\/klubmamgdynia.pl\/index.php\/wp-json\/wp\/v2\/product_tag?post=9103"}],"curies":[{"name":"wp","href":"https:\/\/api.w.org\/{rel}","templated":true}]}}