{"id":9105,"date":"2014-11-08T00:53:39","date_gmt":"2014-11-07T23:53:39","guid":{"rendered":"http:\/\/klubmamgdynia.pl\/index.php\/produkt\/gra-planszowa-friends-kolo-chaosu\/"},"modified":"2026-05-17T22:05:54","modified_gmt":"2026-05-17T20:05:54","slug":"gra-planszowa-friends-kolo-chaosu","status":"publish","type":"product","link":"http:\/\/klubmamgdynia.pl\/index.php\/produkt\/gra-planszowa-friends-kolo-chaosu\/","title":{"rendered":"Gra planszowa Friends Ko\u0142o Chaosu"},"content":{"rendered":"<p>Spin Master 6060710 Gra Friends Ko\u0142o Chaosu 20131021Zwariowana gra planszowa pe\u0142na pyta\u0144 i wyzwa\u0144 skonstruowanych na podstawie serialu Przyjaciele.Przeznaczona dla co najmniej 2 graczy od 12 roku \u017cycia.<\/p>\n<h2>Gra planszowa Friends Ko\u0142o Chaosu Spin Master<\/h2>\n<p>nietypowe imiona damskie, kolorowanki ninjago, nauka pisania wyraz\u00f3w dla dzieci do druku pdf, zaproszenie na urodziny do druku pdf, test z lektury magiczne drzewo czerwone krzes\u0142o, kolorowanki dla dziewczynek lol, dawne ko\u0142ysanki teksty, bajki na dobranoc, kolorowanka harry potter<\/p>\n<p>yyyyy<\/p>\n<p>&nbsp;<\/p>\n","protected":false},"excerpt":{"rendered":"<p>Spin Master 6060710 Gra Friends Ko\u0142o Chaosu 20131021Zwariowana gra planszowa pe\u0142na pyta\u0144 i wyzwa\u0144 skonstruowanych na podstawie serialu Przyjaciele.Przeznaczona dla co najmniej 2 graczy od 12 roku \u017cycia. Gra planszowa Friends Ko\u0142o Chaosu Spin Master nietypowe imiona damskie, kolorowanki ninjago, nauka pisania wyraz\u00f3w dla dzieci do druku pdf, zaproszenie na urodziny do druku pdf, test [&hellip;]<\/p>\n","protected":false},"featured_media":9106,"comment_status":"closed","ping_status":"open","template":"","meta":[],"product_cat":[235,94],"product_tag":[755,784,797,732,710,649],"class_list":["post-9105","product","type-product","status-publish","has-post-thumbnail","hentry","product_cat-gry-planszowe","product_cat-spin-master","product_tag-henryk","product_tag-hymn-gorniczy","product_tag-kiekrz","product_tag-prezent-dla-rocznego-chlopca","product_tag-zagadki-dla-dzieci-10-12-lat","product_tag-zagadki-dla-nastolatkow"],"_links":{"self":[{"href":"http:\/\/klubmamgdynia.pl\/index.php\/wp-json\/wp\/v2\/product\/9105","targetHints":{"allow":["GET"]}}],"collection":[{"href":"http:\/\/klubmamgdynia.pl\/index.php\/wp-json\/wp\/v2\/product"}],"about":[{"href":"http:\/\/klubmamgdynia.pl\/index.php\/wp-json\/wp\/v2\/types\/product"}],"replies":[{"embeddable":true,"href":"http:\/\/klubmamgdynia.pl\/index.php\/wp-json\/wp\/v2\/comments?post=9105"}],"wp:featuredmedia":[{"embeddable":true,"href":"http:\/\/klubmamgdynia.pl\/index.php\/wp-json\/wp\/v2\/media\/9106"}],"wp:attachment":[{"href":"http:\/\/klubmamgdynia.pl\/index.php\/wp-json\/wp\/v2\/media?parent=9105"}],"wp:term":[{"taxonomy":"product_cat","embeddable":true,"href":"http:\/\/klubmamgdynia.pl\/index.php\/wp-json\/wp\/v2\/product_cat?post=9105"},{"taxonomy":"product_tag","embeddable":true,"href":"http:\/\/klubmamgdynia.pl\/index.php\/wp-json\/wp\/v2\/product_tag?post=9105"}],"curies":[{"name":"wp","href":"https:\/\/api.w.org\/{rel}","templated":true}]}}