{"id":9109,"date":"2015-04-17T11:49:47","date_gmt":"2015-04-17T09:49:47","guid":{"rendered":"http:\/\/klubmamgdynia.pl\/index.php\/produkt\/simba-transformers-rc-turbo-racer-bumblebee-203114000\/"},"modified":"2026-04-29T07:34:10","modified_gmt":"2026-04-29T05:34:10","slug":"simba-transformers-rc-turbo-racer-bumblebee-203114000","status":"publish","type":"product","link":"http:\/\/klubmamgdynia.pl\/index.php\/produkt\/simba-transformers-rc-turbo-racer-bumblebee-203114000\/","title":{"rendered":"Simba Transformers Rc Turbo Racer Bumblebee 203114000"},"content":{"rendered":"<p>Pojazd zdalnie sterowany RC Turbo Racer Bumblebee Transformers 203114000<\/p>\n<p>Bublebee to g\u0142\u00f3wny bohater film\u00f3w z serii \u201eTransformers\u201d \u2013 teraz dost\u0119pny jest w wersji zdalnie sterowanej. Zestaw zawiera 2 elementy, w tym: auto pilot Cechy produktu: Kod produktu: 203114000 Kategoria wiekowa: od 5 lat Zasilanie: 3 x LR03; 3 x LR6                            <\/p>\n<p>Pojazd zdalnie sterowany Transformers Bumblebee to idealna propozycja dla sympatyk\u00f3w marki, jak r\u00f3wnie\u017c fan\u00f3w szeroko rozumianej motoryzacji. Autko w charakterystycznych \u017c\u00f3\u0142to-czarnych kolorach pracuje na cz\u0119stotliwo\u015bci 2,4 GHz i do wyboru s\u0105 2 kana\u0142y sterowania. Wykonane zosta\u0142o w skali 1:24 \u2013 ma 18 cm d\u0142ugo\u015bci. Jego ogromnym atutem jest opcja aktywuj\u0105ca \u201eturbo\u201d, kt\u00f3ra charakteryzuje si\u0119 w\u0142\u0105czeniem dodatkowych efekt\u00f3w \u015bwietlnych. Firma Dickie to renomowany niemiecki producent, kt\u00f3ry od wielu lat z pasj\u0105 tworzy wyj\u0105tkowe zabawki dla dzieci.<\/p>\n<h2>Simba Transformers Rc Turbo Racer Bumblebee 203114000 Dickie<\/h2>\n<p>ksi\u0105\u017cka dla dzieci online, ozdoby na choink\u0119 dla dzieci z papieru, przyja\u017a\u0144 cytaty, glupie zagadki, zabawy dla 5 latka, zabawy urodzinowe dla dzieci, kolorowanka ksi\u0119\u017cniczka, opis rodzina, wzory dyplom\u00f3w do pobrania, rainbow dash kolorowanka, pomys\u0142 na prezent na roczek, quiz o flagach, mama cytaty, warszawa atrakcje dla dzieci, malowanki dla dzieci, zagadki \u0142amig\u0142\u00f3wki, auto kolorowanka, alan imi\u0119<\/p>\n<p>yyyyy<\/p>\n<p>&nbsp;<\/p>\n","protected":false},"excerpt":{"rendered":"<p>Pojazd zdalnie sterowany RC Turbo Racer Bumblebee Transformers 203114000 Bublebee to g\u0142\u00f3wny bohater film\u00f3w z serii \u201eTransformers\u201d \u2013 teraz dost\u0119pny jest w wersji zdalnie sterowanej. Zestaw zawiera 2 elementy, w tym: auto pilot Cechy produktu: Kod produktu: 203114000 Kategoria wiekowa: od 5 lat Zasilanie: 3 x LR03; 3 x LR6 Pojazd zdalnie sterowany Transformers Bumblebee [&hellip;]<\/p>\n","protected":false},"featured_media":9110,"comment_status":"closed","ping_status":"open","template":"","meta":[],"product_cat":[83,1637],"product_tag":[683,707,804],"class_list":["post-9109","product","type-product","status-publish","has-post-thumbnail","hentry","product_cat-auta-i-inne-pojazdy-do-zabawy","product_cat-dickie","product_tag-karaluchy-pod-poduchy","product_tag-karty-pracy-dla-dzieci-z-ukrainy","product_tag-ryz-z-owocami"],"_links":{"self":[{"href":"http:\/\/klubmamgdynia.pl\/index.php\/wp-json\/wp\/v2\/product\/9109","targetHints":{"allow":["GET"]}}],"collection":[{"href":"http:\/\/klubmamgdynia.pl\/index.php\/wp-json\/wp\/v2\/product"}],"about":[{"href":"http:\/\/klubmamgdynia.pl\/index.php\/wp-json\/wp\/v2\/types\/product"}],"replies":[{"embeddable":true,"href":"http:\/\/klubmamgdynia.pl\/index.php\/wp-json\/wp\/v2\/comments?post=9109"}],"wp:featuredmedia":[{"embeddable":true,"href":"http:\/\/klubmamgdynia.pl\/index.php\/wp-json\/wp\/v2\/media\/9110"}],"wp:attachment":[{"href":"http:\/\/klubmamgdynia.pl\/index.php\/wp-json\/wp\/v2\/media?parent=9109"}],"wp:term":[{"taxonomy":"product_cat","embeddable":true,"href":"http:\/\/klubmamgdynia.pl\/index.php\/wp-json\/wp\/v2\/product_cat?post=9109"},{"taxonomy":"product_tag","embeddable":true,"href":"http:\/\/klubmamgdynia.pl\/index.php\/wp-json\/wp\/v2\/product_tag?post=9109"}],"curies":[{"name":"wp","href":"https:\/\/api.w.org\/{rel}","templated":true}]}}