{"id":9111,"date":"2024-12-29T00:33:28","date_gmt":"2024-12-28T23:33:28","guid":{"rendered":"http:\/\/klubmamgdynia.pl\/?post_type=product&#038;p=9111"},"modified":"2026-04-27T06:40:07","modified_gmt":"2026-04-27T04:40:07","slug":"pokemon-company-battle-mini-figures-ash-pikachu","status":"publish","type":"product","link":"http:\/\/klubmamgdynia.pl\/index.php\/produkt\/pokemon-company-battle-mini-figures-ash-pikachu\/","title":{"rendered":"Pokemon Company Battle Mini Figures Ash &amp; Pikachu"},"content":{"rendered":"<p>Get the NEW Pok\u00e9mon 4.5-Inch Ash &amp; Pikachu figure with dynamic articulation and features! Ash Ketchum is the main character of the Pok\u00e9mon animated series and he\u2019s here with his partner Pok\u00e9mon, Pikachu to launch into battle! This 4.5-Inch in-scale figure features authentic details and unique dynamic mechanisms that allow Ash to launch Pikachu! An Official Pok\u00e9mon Product! Suitable for ages 4 years and up.<\/p>\n<h2>Pokemon Company Battle Mini Figures Ash &amp; Pikachu Jazwares<\/h2>\n<p>test na znaki drogowe, test z lektury miko\u0142ajek do druku, ostatni dzwonek tekst, kolorowanki pikachu, bajki dla niemowl\u0105t, prezent dla dziecka 1 rok, lol kolorowanka, lol do druku, zagadki dla dzieci 6 lat, zagadki dla nastolatk\u00f3w, \u0142amig\u0142\u00f3wki matematyczne, kolorowanka peppa do druku, kolorowanka lol surprise, prezent dla 7 letniej dziewczynki, prezent na roczek, eneduerabe, kielich z hosti\u0105 do druku, jak narysowa\u0107 pikachu, lol surprise kolorowanki, super zings do druku, jaki prezent na roczek dla ch\u0142opca<\/p>\n<p>yyyyy<\/p>\n<p>&nbsp;<\/p>\n","protected":false},"excerpt":{"rendered":"<p>Get the NEW Pok\u00e9mon 4.5-Inch Ash &amp; Pikachu figure with dynamic articulation and features! Ash Ketchum is the main character of the Pok\u00e9mon animated series and he\u2019s here with his partner Pok\u00e9mon, Pikachu to launch into battle! This 4.5-Inch in-scale figure features authentic details and unique dynamic mechanisms that allow Ash to launch Pikachu! An [&hellip;]<\/p>\n","protected":false},"featured_media":9112,"comment_status":"closed","ping_status":"open","template":"","meta":[],"product_cat":[95,912],"product_tag":[787,639,866,764],"class_list":["post-9111","product","type-product","status-publish","has-post-thumbnail","hentry","product_cat-figurki-makiety-i-zestawy","product_cat-jazwares","product_tag-nauka-pisania-wyrazow-dla-dzieci-do-druku-pdf","product_tag-nela-imie","product_tag-opis-do-zdjecia-dziecka-na-fb","product_tag-prezenty-na-roczek-dla-dziewczynki"],"_links":{"self":[{"href":"http:\/\/klubmamgdynia.pl\/index.php\/wp-json\/wp\/v2\/product\/9111","targetHints":{"allow":["GET"]}}],"collection":[{"href":"http:\/\/klubmamgdynia.pl\/index.php\/wp-json\/wp\/v2\/product"}],"about":[{"href":"http:\/\/klubmamgdynia.pl\/index.php\/wp-json\/wp\/v2\/types\/product"}],"replies":[{"embeddable":true,"href":"http:\/\/klubmamgdynia.pl\/index.php\/wp-json\/wp\/v2\/comments?post=9111"}],"wp:featuredmedia":[{"embeddable":true,"href":"http:\/\/klubmamgdynia.pl\/index.php\/wp-json\/wp\/v2\/media\/9112"}],"wp:attachment":[{"href":"http:\/\/klubmamgdynia.pl\/index.php\/wp-json\/wp\/v2\/media?parent=9111"}],"wp:term":[{"taxonomy":"product_cat","embeddable":true,"href":"http:\/\/klubmamgdynia.pl\/index.php\/wp-json\/wp\/v2\/product_cat?post=9111"},{"taxonomy":"product_tag","embeddable":true,"href":"http:\/\/klubmamgdynia.pl\/index.php\/wp-json\/wp\/v2\/product_tag?post=9111"}],"curies":[{"name":"wp","href":"https:\/\/api.w.org\/{rel}","templated":true}]}}