{"id":9115,"date":"2025-08-22T11:16:45","date_gmt":"2025-08-22T09:16:45","guid":{"rendered":"http:\/\/klubmamgdynia.pl\/?post_type=product&#038;p=9115"},"modified":"2026-04-04T15:02:30","modified_gmt":"2026-04-04T13:02:30","slug":"just-dance-2018-gra-xbox-one","status":"publish","type":"product","link":"http:\/\/klubmamgdynia.pl\/index.php\/produkt\/just-dance-2018-gra-xbox-one\/","title":{"rendered":"Just Dance 2018 (Gra Xbox One)"},"content":{"rendered":"<p>Just Dance 2018<\/p>\n<p>Niewa\u017cne sk\u0105d pochodzisz, w jakim jeste\u015b wieku, czy jeste\u015b pand\u0105, czy marchewk\u0105, podkr\u0119\u0107 g\u0142o\u015bno\u015b\u0107 i przygotuj si\u0119 na uwolnienie wewn\u0119trznego tancerza, kt\u00f3ry w Tobie drzemie.Just Dance 2018 obudzi tancerza w ka\u017cdym! Najwi\u0119ksza muzyczna seria gier wideo wszechczas\u00f3w, kt\u00f3ra sprzeda\u0142a si\u0119 w 60 milionach kopii, powraca tej jesieni!Kimkolwiek jeste\u015b: imprezow\u0105 dusz\u0105, m\u0142odym tancerzem stawiaj\u0105cym pierwsze taneczne kroki czy profesjonalist\u0105 szukaj\u0105cym nowych wyzwa\u0144, ta\u0144czenie w Just Dance nigdy nie by\u0142o takie \u0142atwe!                            <\/p>\n<p>            Ta\u0144cz Do Samych Klasyk\u00f3w<\/p>\n<p>Do\u0142\u0105cz do spo\u0142eczno\u015bci ponad 118 milion\u00f3w graczy na ca\u0142ym \u015bwiecie i pochwal si\u0119 swoimi najlepszymi ruchami!Ta\u0144cz do utraty tchu do 24K Magic Bruno Marsa, Side to Side Ariany Grande ft. Nicki Minaj, The Way I Are (Dance With Somebody) Bebe Rexha ft. Lil Wayne i Chantaje Shakiry ft. Maluma.Prze\u017cyj jeszcze raz takie klasyki jak Daddy Cool albo je\u015bli K-Pop jest w twoim gu\u015bcie, zarzu\u0107 biodrami do Bubble Pop w wykonaniu Hyuna!                            <\/p>\n<p>            Tryb Dla Najm\u0142odszych<\/p>\n<p>Najm\u0142odsi gracze poczuj\u0105 powiew \u015bwie\u017co\u015bci na najzabawniejszym placu zabaw w nowym trybie dla dzieci! 8 nowych choreografii specjalnie zaprojektowanych z pomoc\u0105 ekspert\u00f3w do rozwoju dzieci, aby zach\u0119ca\u0107 do zdrowego ruchu.Dzi\u0119ki dedykowanemu wygl\u0105dowi, systemowi punktacji i specjalnym bohaterom, dzieci b\u0119d\u0105 mog\u0142y bezpiecznie i samodzielnie bawi\u0107 si\u0119 z gr\u0105 dostaj\u0105c pozytywne i wspieraj\u0105ce komentarze.                            <\/p>\n<p>            Zwiastun<\/p>\n<h2>Just Dance 2018 (Gra Xbox One) Ubisoft<\/h2>\n<p>quiz opowie\u015bci z narnii, prezent dla 19 latka, zimowe zabawy dla dzieci, test z lektury pies kt\u00f3ry je\u017adzi\u0142 kolej\u0105, wz\u00f3r drzewo genealogiczne szablon do wydruku, literki do druku, zagadki dla dzieci 7 lat o zwierz\u0119tach, podchwytliwe zagadki na inteligencj\u0119, dyplom do druku, cytat z kubusia puchatka o mi\u0142o\u015bci, gry planszowe dla nastolatk\u00f3w, labirynt psi patrol, \u017carty na prima aprilis dla mamy, quiz o zwierz\u0119tach domowych, dobre zagadki logiczne, gabriel, stare bajki, test dynastia mizio\u0142k\u00f3w<\/p>\n<p>yyyyy<\/p>\n<p>&nbsp;<\/p>\n","protected":false},"excerpt":{"rendered":"<p>Just Dance 2018 Niewa\u017cne sk\u0105d pochodzisz, w jakim jeste\u015b wieku, czy jeste\u015b pand\u0105, czy marchewk\u0105, podkr\u0119\u0107 g\u0142o\u015bno\u015b\u0107 i przygotuj si\u0119 na uwolnienie wewn\u0119trznego tancerza, kt\u00f3ry w Tobie drzemie.Just Dance 2018 obudzi tancerza w ka\u017cdym! Najwi\u0119ksza muzyczna seria gier wideo wszechczas\u00f3w, kt\u00f3ra sprzeda\u0142a si\u0119 w 60 milionach kopii, powraca tej jesieni!Kimkolwiek jeste\u015b: imprezow\u0105 dusz\u0105, m\u0142odym tancerzem [&hellip;]<\/p>\n","protected":false},"featured_media":9116,"comment_status":"closed","ping_status":"open","template":"","meta":[],"product_cat":[421,455],"product_tag":[864,780,806],"class_list":["post-9115","product","type-product","status-publish","has-post-thumbnail","hentry","product_cat-gry-xbox-one","product_cat-ubisoft","product_tag-basen-warszawa","product_tag-krecik-bajka","product_tag-prezent-dla-dziecka-na-roczek"],"_links":{"self":[{"href":"http:\/\/klubmamgdynia.pl\/index.php\/wp-json\/wp\/v2\/product\/9115","targetHints":{"allow":["GET"]}}],"collection":[{"href":"http:\/\/klubmamgdynia.pl\/index.php\/wp-json\/wp\/v2\/product"}],"about":[{"href":"http:\/\/klubmamgdynia.pl\/index.php\/wp-json\/wp\/v2\/types\/product"}],"replies":[{"embeddable":true,"href":"http:\/\/klubmamgdynia.pl\/index.php\/wp-json\/wp\/v2\/comments?post=9115"}],"wp:featuredmedia":[{"embeddable":true,"href":"http:\/\/klubmamgdynia.pl\/index.php\/wp-json\/wp\/v2\/media\/9116"}],"wp:attachment":[{"href":"http:\/\/klubmamgdynia.pl\/index.php\/wp-json\/wp\/v2\/media?parent=9115"}],"wp:term":[{"taxonomy":"product_cat","embeddable":true,"href":"http:\/\/klubmamgdynia.pl\/index.php\/wp-json\/wp\/v2\/product_cat?post=9115"},{"taxonomy":"product_tag","embeddable":true,"href":"http:\/\/klubmamgdynia.pl\/index.php\/wp-json\/wp\/v2\/product_tag?post=9115"}],"curies":[{"name":"wp","href":"https:\/\/api.w.org\/{rel}","templated":true}]}}