{"id":9117,"date":"2012-11-19T03:00:48","date_gmt":"2012-11-19T02:00:48","guid":{"rendered":"http:\/\/klubmamgdynia.pl\/index.php\/produkt\/force-kamizelka-wiatroodporna-v48-35561-czarny\/"},"modified":"2026-05-17T23:06:21","modified_gmt":"2026-05-17T21:06:21","slug":"force-kamizelka-wiatroodporna-v48-35561-czarny","status":"publish","type":"product","link":"http:\/\/klubmamgdynia.pl\/index.php\/produkt\/force-kamizelka-wiatroodporna-v48-35561-czarny\/","title":{"rendered":"Force Kamizelka Wiatroodporna V48 35561 Czarny"},"content":{"rendered":"<p>Kamizelka rowerowa FORCE V48 fluo, unisex \u2013 Wykonana z lekkiej i wytrzyma\u0142ej tkaniny, \u2013 Po z\u0142o\u017ceniu zajmuje niewiele miejsca, \u2013 Materia\u0142: 100 % nylon, \u2013 Zapinana na zamek b\u0142yskawiczny, \u2013 Na bokach przewiewna siateczka, \u2013 Elastyczne \u015bci\u0105gacze w pasie i ramionach, \u2013 Posiada elementy odblaskowe, zwi\u0119kszaj\u0105ce bezpiecze\u0144stwo,<\/p>\n<h2>Force Kamizelka Wiatroodporna V48 35561 Czarny Force<\/h2>\n<p>domki z rolek po papierze toaletowym, kira imi\u0119, zgadywanki dla dzieci, test opowie\u015b\u0107 wigilijna, zaproszenie na urodziny dziecka do druku, testy z lektury opowie\u015bci z narnii lew czarownica i stara szafa, jan pawe\u0142 2 rysunek \u0142atwy dla dzieci, nietypowe imiona, pomys\u0142y na pakowanie prezent\u00f3w, gad\u017cety dla nastolatka, prezenty dla nastolatk\u00f3w 2021, bajka o biedronce, piosenka dla taty przedszkole, \u0142amig\u0142\u00f3wki dla dzieci do druku, roczek prezenty, kuba imi\u0119, adriana znaczenie imienia<\/p>\n<p>yyyyy<\/p>\n<p>&nbsp;<\/p>\n","protected":false},"excerpt":{"rendered":"<p>Kamizelka rowerowa FORCE V48 fluo, unisex \u2013 Wykonana z lekkiej i wytrzyma\u0142ej tkaniny, \u2013 Po z\u0142o\u017ceniu zajmuje niewiele miejsca, \u2013 Materia\u0142: 100 % nylon, \u2013 Zapinana na zamek b\u0142yskawiczny, \u2013 Na bokach przewiewna siateczka, \u2013 Elastyczne \u015bci\u0105gacze w pasie i ramionach, \u2013 Posiada elementy odblaskowe, zwi\u0119kszaj\u0105ce bezpiecze\u0144stwo, Force Kamizelka Wiatroodporna V48 35561 Czarny Force domki [&hellip;]<\/p>\n","protected":false},"featured_media":9118,"comment_status":"closed","ping_status":"open","template":"","meta":[],"product_cat":[1788,1789],"product_tag":[825,717,751,627,869],"class_list":["post-9117","product","type-product","status-publish","has-post-thumbnail","hentry","product_cat-force","product_cat-odziez-rowerowa","product_tag-bajka-na-dobranoc-do-czytania","product_tag-prezent-roczek","product_tag-psi-patrol-kolorowanka","product_tag-quiz-dzieci-z-bullerbyn","product_tag-zagadki-na-logike"],"_links":{"self":[{"href":"http:\/\/klubmamgdynia.pl\/index.php\/wp-json\/wp\/v2\/product\/9117","targetHints":{"allow":["GET"]}}],"collection":[{"href":"http:\/\/klubmamgdynia.pl\/index.php\/wp-json\/wp\/v2\/product"}],"about":[{"href":"http:\/\/klubmamgdynia.pl\/index.php\/wp-json\/wp\/v2\/types\/product"}],"replies":[{"embeddable":true,"href":"http:\/\/klubmamgdynia.pl\/index.php\/wp-json\/wp\/v2\/comments?post=9117"}],"wp:featuredmedia":[{"embeddable":true,"href":"http:\/\/klubmamgdynia.pl\/index.php\/wp-json\/wp\/v2\/media\/9118"}],"wp:attachment":[{"href":"http:\/\/klubmamgdynia.pl\/index.php\/wp-json\/wp\/v2\/media?parent=9117"}],"wp:term":[{"taxonomy":"product_cat","embeddable":true,"href":"http:\/\/klubmamgdynia.pl\/index.php\/wp-json\/wp\/v2\/product_cat?post=9117"},{"taxonomy":"product_tag","embeddable":true,"href":"http:\/\/klubmamgdynia.pl\/index.php\/wp-json\/wp\/v2\/product_tag?post=9117"}],"curies":[{"name":"wp","href":"https:\/\/api.w.org\/{rel}","templated":true}]}}