{"id":9119,"date":"2014-12-25T20:48:19","date_gmt":"2014-12-25T19:48:19","guid":{"rendered":"http:\/\/klubmamgdynia.pl\/index.php\/produkt\/adamigo-pchelki\/"},"modified":"2026-05-17T20:59:55","modified_gmt":"2026-05-17T18:59:55","slug":"adamigo-pchelki","status":"publish","type":"product","link":"http:\/\/klubmamgdynia.pl\/index.php\/produkt\/adamigo-pchelki\/","title":{"rendered":"Adamigo Pche\u0142ki"},"content":{"rendered":"<p>Pche\u0142ki to klasyczna gra zr\u0119czno\u015bciowa, kt\u00f3ra wyrabiakoncentracj\u0119 i rozwija umiej\u0119tno\u015b\u0107 manualno-wzrokow\u0105.Zestaw sk\u0142ada si\u0119 z 4 komplet\u00f3w kr\u0105\u017ck\u00f3w &#8211; &#8222;pche\u0142ek&#8221;w czterech kolorach oraz miseczki. Gra polega nawrzuceniu pche\u0142ek do miseczki. ZESTAW ZAWIERA:- 4 komplety kr\u0105\u017ck\u00f3w &#8222;pche\u0142ek&#8221; w 4 kolorach(20 pche\u0142ek)Sugerowany wiek: 3 lata+Wymiary opakowania ok.: 6,5 x 3 cmOSTRZE\u017bENIE: Nieodpowiednie dla dzieci w wieku poni\u017cej 3 lat. Przed podaniem dziecku zabawki nale\u017cy usun\u0105\u0107 metalowe zszywki oraz opakowanie z folii. Wy\u0142\u0105cznie dla dzieci w wieku powy\u017cej 3 lat ze wzgl\u0119du na mo\u017cliwo\u015b\u0107 po\u0142kni\u0119cia ma\u0142ych element\u00f3w b\u0105d\u017a zad\u0142awienia. Zaleca si\u0119 zachowa\u0107 niniejsz\u0105 etykiet\u0119Adamigo Wr\u0119czycka 68 42-202 Cz\u0119stochowa<\/p>\n<h2>Adamigo Pche\u0142ki Adamigo<\/h2>\n<p>roszpunka kolorowanka, quiz opowie\u015bci z narnii lew czarownica i stara szafa, \u015bmieszne \u0142ama\u0144ce j\u0119zykowe, karty pracy do druku litery, psi patrol kolorowanka do druku, jak narysowa\u0107 koty, piosenka przyjed\u017a do nas miko\u0142aju, zagadki o bo\u017cym narodzeniu, dorian, milan imie, \u015bmieszne zagadki dla dzieci 10 lat, litery kolorowanka, nowe quizy do rozwi\u0105zania<\/p>\n<p>yyyyy<\/p>\n<p>&nbsp;<\/p>\n","protected":false},"excerpt":{"rendered":"<p>Pche\u0142ki to klasyczna gra zr\u0119czno\u015bciowa, kt\u00f3ra wyrabiakoncentracj\u0119 i rozwija umiej\u0119tno\u015b\u0107 manualno-wzrokow\u0105.Zestaw sk\u0142ada si\u0119 z 4 komplet\u00f3w kr\u0105\u017ck\u00f3w &#8211; &#8222;pche\u0142ek&#8221;w czterech kolorach oraz miseczki. Gra polega nawrzuceniu pche\u0142ek do miseczki. ZESTAW ZAWIERA:- 4 komplety kr\u0105\u017ck\u00f3w &#8222;pche\u0142ek&#8221; w 4 kolorach(20 pche\u0142ek)Sugerowany wiek: 3 lata+Wymiary opakowania ok.: 6,5 x 3 cmOSTRZE\u017bENIE: Nieodpowiednie dla dzieci w wieku poni\u017cej 3 [&hellip;]<\/p>\n","protected":false},"featured_media":9120,"comment_status":"closed","ping_status":"open","template":"","meta":[],"product_cat":[234,130],"product_tag":[837,750,588],"class_list":["post-9119","product","type-product","status-publish","has-post-thumbnail","hentry","product_cat-adamigo","product_cat-gry-dzieciece","product_tag-cicha-noc-po-angielsku","product_tag-imie-kostek","product_tag-wzruszajace-slowa-dla-przyjaciela"],"_links":{"self":[{"href":"http:\/\/klubmamgdynia.pl\/index.php\/wp-json\/wp\/v2\/product\/9119","targetHints":{"allow":["GET"]}}],"collection":[{"href":"http:\/\/klubmamgdynia.pl\/index.php\/wp-json\/wp\/v2\/product"}],"about":[{"href":"http:\/\/klubmamgdynia.pl\/index.php\/wp-json\/wp\/v2\/types\/product"}],"replies":[{"embeddable":true,"href":"http:\/\/klubmamgdynia.pl\/index.php\/wp-json\/wp\/v2\/comments?post=9119"}],"wp:featuredmedia":[{"embeddable":true,"href":"http:\/\/klubmamgdynia.pl\/index.php\/wp-json\/wp\/v2\/media\/9120"}],"wp:attachment":[{"href":"http:\/\/klubmamgdynia.pl\/index.php\/wp-json\/wp\/v2\/media?parent=9119"}],"wp:term":[{"taxonomy":"product_cat","embeddable":true,"href":"http:\/\/klubmamgdynia.pl\/index.php\/wp-json\/wp\/v2\/product_cat?post=9119"},{"taxonomy":"product_tag","embeddable":true,"href":"http:\/\/klubmamgdynia.pl\/index.php\/wp-json\/wp\/v2\/product_tag?post=9119"}],"curies":[{"name":"wp","href":"https:\/\/api.w.org\/{rel}","templated":true}]}}