{"id":912,"date":"2013-05-30T07:40:46","date_gmt":"2013-05-30T05:40:46","guid":{"rendered":"http:\/\/klubmamgdynia.pl\/index.php\/produkt\/lol-surprise-laleczka-arcade-heroes-397427\/"},"modified":"2026-05-17T22:24:50","modified_gmt":"2026-05-17T20:24:50","slug":"lol-surprise-laleczka-arcade-heroes-397427","status":"publish","type":"product","link":"http:\/\/klubmamgdynia.pl\/index.php\/produkt\/lol-surprise-laleczka-arcade-heroes-397427\/","title":{"rendered":"LOL Surprise Laleczka Arcade Heroes 397427"},"content":{"rendered":"<p>Znajd\u017a swojego bohatera w futurystycznym, metalowym kostiumie w zupe\u0142nie nowym zestawie, inspirowanym grami zr\u0119czno\u015bciowymi. W zestawie znajduje si\u0119 wiele akcesori\u00f3w oraz 15 niespodzianek do otworzenia. Ale czy mo\u017cesz znale\u017a\u0107 ekstremalnie rzadk\u0105 dziewczynk\u0119?<\/p>\n<h2>LOL Surprise Laleczka Arcade Heroes 397427 LOL Surprise<\/h2>\n<p>quizy i zagadki wielkanocne, psikusy na prima aprilis, bajka dla niemowlaka, quiz o dinozaurach, psi patrol kolorowanka do druku, trudne zagadki i odpowiedzi, by\u0142a sobie \u017cabka ma\u0142a tekst, paula znaczenie imienia, wr\u00f3\u017cby andrzejkowe kolory, bursztynek, babcia z dziadkiem to jest to tekst, god\u0142o polski do druku, jakie prezenty na roczek, imie iwo, kolorowanki dla ch\u0142opc\u00f3w, zagadki i odpowiedzi, ozdoby choinkowe dla dzieci, prezent dla 15 latki, zagadki dla dzieci 7 lat, flagi \u015bwiata quiz<\/p>\n<p>yyyyy<\/p>\n<p>&nbsp;<\/p>\n","protected":false},"excerpt":{"rendered":"<p>Znajd\u017a swojego bohatera w futurystycznym, metalowym kostiumie w zupe\u0142nie nowym zestawie, inspirowanym grami zr\u0119czno\u015bciowymi. W zestawie znajduje si\u0119 wiele akcesori\u00f3w oraz 15 niespodzianek do otworzenia. Ale czy mo\u017cesz znale\u017a\u0107 ekstremalnie rzadk\u0105 dziewczynk\u0119? LOL Surprise Laleczka Arcade Heroes 397427 LOL Surprise quizy i zagadki wielkanocne, psikusy na prima aprilis, bajka dla niemowlaka, quiz o dinozaurach, psi [&hellip;]<\/p>\n","protected":false},"featured_media":913,"comment_status":"closed","ping_status":"open","template":"","meta":[],"product_cat":[65,294],"product_tag":[699,870,646,850],"class_list":["post-912","product","type-product","status-publish","has-post-thumbnail","hentry","product_cat-lalki","product_cat-lol-surprise","product_tag-kolorowanki-do-druku-dla-dziewczyn","product_tag-prezent-dla-chlopca-na-roczek","product_tag-prezent-na-pierwsze-urodziny","product_tag-wroclaw-atrakcje-dla-dzieci"],"_links":{"self":[{"href":"http:\/\/klubmamgdynia.pl\/index.php\/wp-json\/wp\/v2\/product\/912","targetHints":{"allow":["GET"]}}],"collection":[{"href":"http:\/\/klubmamgdynia.pl\/index.php\/wp-json\/wp\/v2\/product"}],"about":[{"href":"http:\/\/klubmamgdynia.pl\/index.php\/wp-json\/wp\/v2\/types\/product"}],"replies":[{"embeddable":true,"href":"http:\/\/klubmamgdynia.pl\/index.php\/wp-json\/wp\/v2\/comments?post=912"}],"wp:featuredmedia":[{"embeddable":true,"href":"http:\/\/klubmamgdynia.pl\/index.php\/wp-json\/wp\/v2\/media\/913"}],"wp:attachment":[{"href":"http:\/\/klubmamgdynia.pl\/index.php\/wp-json\/wp\/v2\/media?parent=912"}],"wp:term":[{"taxonomy":"product_cat","embeddable":true,"href":"http:\/\/klubmamgdynia.pl\/index.php\/wp-json\/wp\/v2\/product_cat?post=912"},{"taxonomy":"product_tag","embeddable":true,"href":"http:\/\/klubmamgdynia.pl\/index.php\/wp-json\/wp\/v2\/product_tag?post=912"}],"curies":[{"name":"wp","href":"https:\/\/api.w.org\/{rel}","templated":true}]}}