{"id":9121,"date":"2017-06-30T16:31:42","date_gmt":"2017-06-30T14:31:42","guid":{"rendered":"http:\/\/klubmamgdynia.pl\/index.php\/produkt\/rogelli-fuse-spodenki-z-wkladka-zelowa-33158-czarny-niebieski\/"},"modified":"2026-04-12T15:05:24","modified_gmt":"2026-04-12T13:05:24","slug":"rogelli-fuse-spodenki-z-wkladka-zelowa-33158-czarny-niebieski","status":"publish","type":"product","link":"http:\/\/klubmamgdynia.pl\/index.php\/produkt\/rogelli-fuse-spodenki-z-wkladka-zelowa-33158-czarny-niebieski\/","title":{"rendered":"Rogelli Fuse Spodenki Z Wk\u0142adk\u0105 \u017below\u0105 33158 Czarny Niebieski"},"content":{"rendered":"<p>Opis i parametry \u2022 elastyczny materia\u0142 Lycra Performer \u2022 ergonomiczna wk\u0142adka \u017celowa Power Gel na d\u0142ugie odcinki \u2013 do 6 godzin na rowerze \u2022 elastyczne szelki z oddychaj\u0105c\u0105 siatk\u0105 na plecach \u2022 nogawki zako\u0144czone wygodnym siedmiocentymetrowym elastycznym \u015bci\u0105gaczem Laser cut z silikonowym antypo\u015blizgiem \u2022 wygodny wielopanelowy kr\u00f3j \u2022 Made in Italy Parametry Kategorie spodenki rowerowe Materia\u0142 50% Poliester, 30% Poliamid, 20% Elastan Wk\u0142adka rowerowa 6h jazdy Power Gel Sport kolarstwo Kr\u00f3j aerodynamiczny W\u0142a\u015bciwo\u015bci t\u0142umienie \u017celowe, szybkoschn\u0105cy, termoaktywny, elastyczny, odprowadza pot Pora roku lato P\u0142e\u0107 m\u0119skie Producent Rogelli Waga 200 g<\/p>\n<h2>Rogelli Fuse Spodenki Z Wk\u0142adk\u0105 \u017below\u0105 33158 Czarny Niebieski Rogelli<\/h2>\n<p>test z lektury kajko i kokosz szko\u0142a latania, marianna, znaczenie imiona pola, zagadki logiczne matematyczne dla dzieci, kolorowanka antystresowa, aron, przeczytaj mi wiersz, kiekrz, cytaty z ma\u0142ego ksi\u0119cia, darmowe kolorowanki do druku, pan twardowski na ksi\u0119\u017cycu wiersz, test na znaki drogowe<\/p>\n<p>yyyyy<\/p>\n<p>&nbsp;<\/p>\n","protected":false},"excerpt":{"rendered":"<p>Opis i parametry \u2022 elastyczny materia\u0142 Lycra Performer \u2022 ergonomiczna wk\u0142adka \u017celowa Power Gel na d\u0142ugie odcinki \u2013 do 6 godzin na rowerze \u2022 elastyczne szelki z oddychaj\u0105c\u0105 siatk\u0105 na plecach \u2022 nogawki zako\u0144czone wygodnym siedmiocentymetrowym elastycznym \u015bci\u0105gaczem Laser cut z silikonowym antypo\u015blizgiem \u2022 wygodny wielopanelowy kr\u00f3j \u2022 Made in Italy Parametry Kategorie spodenki rowerowe [&hellip;]<\/p>\n","protected":false},"featured_media":9122,"comment_status":"closed","ping_status":"open","template":"","meta":[],"product_cat":[1789,1790],"product_tag":[763,798,835,659,760,793],"class_list":["post-9121","product","type-product","status-publish","has-post-thumbnail","hentry","product_cat-odziez-rowerowa","product_cat-rogelli","product_tag-fabian","product_tag-prezenty-dla-nastolatki","product_tag-radosc-dziecka-cytaty","product_tag-tupu-tup-po-sniegu-tekst","product_tag-zagadka-matematyczna","product_tag-zagadki-smieszne-podchwytliwe"],"_links":{"self":[{"href":"http:\/\/klubmamgdynia.pl\/index.php\/wp-json\/wp\/v2\/product\/9121","targetHints":{"allow":["GET"]}}],"collection":[{"href":"http:\/\/klubmamgdynia.pl\/index.php\/wp-json\/wp\/v2\/product"}],"about":[{"href":"http:\/\/klubmamgdynia.pl\/index.php\/wp-json\/wp\/v2\/types\/product"}],"replies":[{"embeddable":true,"href":"http:\/\/klubmamgdynia.pl\/index.php\/wp-json\/wp\/v2\/comments?post=9121"}],"wp:featuredmedia":[{"embeddable":true,"href":"http:\/\/klubmamgdynia.pl\/index.php\/wp-json\/wp\/v2\/media\/9122"}],"wp:attachment":[{"href":"http:\/\/klubmamgdynia.pl\/index.php\/wp-json\/wp\/v2\/media?parent=9121"}],"wp:term":[{"taxonomy":"product_cat","embeddable":true,"href":"http:\/\/klubmamgdynia.pl\/index.php\/wp-json\/wp\/v2\/product_cat?post=9121"},{"taxonomy":"product_tag","embeddable":true,"href":"http:\/\/klubmamgdynia.pl\/index.php\/wp-json\/wp\/v2\/product_tag?post=9121"}],"curies":[{"name":"wp","href":"https:\/\/api.w.org\/{rel}","templated":true}]}}