{"id":9123,"date":"2011-06-17T13:57:40","date_gmt":"2011-06-17T11:57:40","guid":{"rendered":"http:\/\/klubmamgdynia.pl\/index.php\/produkt\/verk-group-narzedzie-wielofunkcyjne-20w1-brelok-karabinczyk-multitool\/"},"modified":"2026-05-01T19:32:24","modified_gmt":"2026-05-01T17:32:24","slug":"verk-group-narzedzie-wielofunkcyjne-20w1-brelok-karabinczyk-multitool","status":"publish","type":"product","link":"http:\/\/klubmamgdynia.pl\/index.php\/produkt\/verk-group-narzedzie-wielofunkcyjne-20w1-brelok-karabinczyk-multitool\/","title":{"rendered":"Verk Group Narz\u0119dzie Wielofunkcyjne 20W1 Brelok Karabi\u0144czyk Multitool"},"content":{"rendered":"<p>Karabinek posiada a\u017c 20 przydatnych funkcji:1. miarka2. narz\u0119dzie do \u015bci\u0105gania izolacji3. otwieracz do butelek.4. Klips do szybkiego odpinania breloka5. otwieracz do pude\u0142ek6. klucz 1\/4&#8243;7. ma\u0142y \u015brubokr\u0119t krzy\u017cakowy8. ma\u0142y p\u0142aski \u015brubokr\u0119t do okular\u00f3w9. \u015bredni p\u0142aski \u015brubokr\u0119t10. du\u017cy \u015bredni p\u0142aski \u015brubokr\u0119t11. klucz do szprych rowerowych12. czy\u015bcik do paznokci13. ostre ostrze tn\u0105ce14. \u015bredni \u015brubokr\u0119t krzy\u017cakowy15. klucz 5\/16&#8243;16. \u0142om17. klucz 3\/8&#8243;18. klucz 1\/2&#8243;19. klucz 9\/16&#8243;20. pilnik<\/p>\n<h2>Verk Group Narz\u0119dzie Wielofunkcyjne 20W1 Brelok Karabi\u0144czyk Multitool Verk Group<\/h2>\n<p>piosenki na dobranoc dla dzieci + tekst, malgorzata imi\u0119, prezent dla 16 latki, dyplomy dla dzieci do druku, zagadki zimowe dla dzieci, test z lektury felix net i nika oraz gang niewidzialnych ludzi, kartka walentynkowa zrobiona przez dzieci, kolorowanka harry potter, bajka na dobranoc, opisy o rodzinie<\/p>\n<p><a href=\"https:\/\/komornikjust.pl\/komornik-baranowo.html\">Komornicy Baranowo<\/a><\/p>\n<p>&nbsp;<\/p>\n","protected":false},"excerpt":{"rendered":"<p>Karabinek posiada a\u017c 20 przydatnych funkcji:1. miarka2. narz\u0119dzie do \u015bci\u0105gania izolacji3. otwieracz do butelek.4. Klips do szybkiego odpinania breloka5. otwieracz do pude\u0142ek6. klucz 1\/4&#8243;7. ma\u0142y \u015brubokr\u0119t krzy\u017cakowy8. ma\u0142y p\u0142aski \u015brubokr\u0119t do okular\u00f3w9. \u015bredni p\u0142aski \u015brubokr\u0119t10. du\u017cy \u015bredni p\u0142aski \u015brubokr\u0119t11. klucz do szprych rowerowych12. czy\u015bcik do paznokci13. ostre ostrze tn\u0105ce14. \u015bredni \u015brubokr\u0119t krzy\u017cakowy15. klucz 5\/16&#8243;16. \u0142om17. [&hellip;]<\/p>\n","protected":false},"featured_media":9124,"comment_status":"closed","ping_status":"open","template":"","meta":[],"product_cat":[1521,1332],"product_tag":[859,797,787,770],"class_list":["post-9123","product","type-product","status-publish","has-post-thumbnail","hentry","product_cat-scyzoryki-i-multitools","product_cat-verk-group","product_tag-dobranoc-pchly-na-noc","product_tag-kiekrz","product_tag-nauka-pisania-wyrazow-dla-dzieci-do-druku-pdf","product_tag-samolot-z-papieru"],"_links":{"self":[{"href":"http:\/\/klubmamgdynia.pl\/index.php\/wp-json\/wp\/v2\/product\/9123","targetHints":{"allow":["GET"]}}],"collection":[{"href":"http:\/\/klubmamgdynia.pl\/index.php\/wp-json\/wp\/v2\/product"}],"about":[{"href":"http:\/\/klubmamgdynia.pl\/index.php\/wp-json\/wp\/v2\/types\/product"}],"replies":[{"embeddable":true,"href":"http:\/\/klubmamgdynia.pl\/index.php\/wp-json\/wp\/v2\/comments?post=9123"}],"wp:featuredmedia":[{"embeddable":true,"href":"http:\/\/klubmamgdynia.pl\/index.php\/wp-json\/wp\/v2\/media\/9124"}],"wp:attachment":[{"href":"http:\/\/klubmamgdynia.pl\/index.php\/wp-json\/wp\/v2\/media?parent=9123"}],"wp:term":[{"taxonomy":"product_cat","embeddable":true,"href":"http:\/\/klubmamgdynia.pl\/index.php\/wp-json\/wp\/v2\/product_cat?post=9123"},{"taxonomy":"product_tag","embeddable":true,"href":"http:\/\/klubmamgdynia.pl\/index.php\/wp-json\/wp\/v2\/product_tag?post=9123"}],"curies":[{"name":"wp","href":"https:\/\/api.w.org\/{rel}","templated":true}]}}